{"id":39206,"date":"2024-12-10T23:54:50","date_gmt":"2024-12-10T22:54:50","guid":{"rendered":"https:\/\/grainau-tourismus.gemeinde-entwickler.de\/?page_id=39206"},"modified":"2025-08-01T07:51:48","modified_gmt":"2025-08-01T05:51:48","slug":"freibad","status":"publish","type":"page","link":"https:\/\/www.grainau.de\/en\/freibad\/","title":{"rendered":"Outdoor pool"},"content":{"rendered":"<div data-elementor-type=\"wp-page\" data-elementor-id=\"39206\" class=\"elementor elementor-39206\" data-elementor-post-type=\"page\">\n\t\t\t\t<div class=\"elementor-element elementor-element-8234d7b elementor-repeater-item-ang_container_padding_3 sk-dark-bg e-flex e-con-boxed elementor-repeater-item-none elementor-repeater-item-none_hover e-con e-parent\" data-id=\"8234d7b\" data-element_type=\"container\" data-e-type=\"container\" data-settings=\"{&quot;jet_parallax_layout_list&quot;:[],&quot;background_background&quot;:&quot;classic&quot;,&quot;ang_container_spacing_size&quot;:&quot;ang_container_padding_3&quot;}\">\n\t\t\t\t\t<div class=\"e-con-inner\">\n\t\t<div class=\"elementor-element elementor-element-519c618 e-con-full elementor-repeater-item-ang_container_padding_4 elementor-repeater-item-shadow_2 sk-light-bg e-flex elementor-repeater-item-none_hover elementor-invisible e-con e-child\" data-id=\"519c618\" data-element_type=\"container\" data-e-type=\"container\" data-settings=\"{&quot;ang_container_spacing_size&quot;:&quot;ang_container_padding_4&quot;,&quot;background_background&quot;:&quot;classic&quot;,&quot;jet_parallax_layout_list&quot;:[],&quot;animation&quot;:&quot;fadeInLeft&quot;}\">\n\t\t\t\t<div class=\"elementor-element elementor-element-7e0c306 elementor-widget__width-inherit elementor-repeater-item-none elementor-repeater-item-none_hover elementor-widget elementor-widget-heading\" data-id=\"7e0c306\" data-element_type=\"widget\" data-e-type=\"widget\" data-widget_type=\"heading.default\">\n\t\t\t\t<div class=\"elementor-widget-container\">\n\t\t\t\t\t<h3 class=\"elementor-heading-title elementor-size-default\">Into the water...<\/h3>\t\t\t\t<\/div>\n\t\t\t\t<\/div>\n\t\t\t\t<div class=\"elementor-element elementor-element-9ddd18f elementor-widget__width-inherit elementor-repeater-item-none elementor-repeater-item-none_hover elementor-widget elementor-widget-text-editor\" data-id=\"9ddd18f\" data-element_type=\"widget\" data-e-type=\"widget\" data-widget_type=\"text-editor.default\">\n\t\t\t\t<div class=\"elementor-widget-container\">\n\t\t\t\t\t\t\t\t\t<p>There are numerous outdoor pools in and around Grainau that invite you to enjoy a summer swim. Whether natural outdoor pools, adventure pools, diving platforms, swimming pools, slides and sunbathing lawns and play areas for the little ones, you are sure to find the right outdoor pool here.<\/p>\t\t\t\t\t\t\t\t<\/div>\n\t\t\t\t<\/div>\n\t\t\t\t<\/div>\n\t\t<div class=\"elementor-element elementor-element-0e3abc5 e-con-full elementor-repeater-item-ang_container_padding_4 elementor-repeater-item-shadow_2 sk-light-bg e-flex elementor-repeater-item-none_hover elementor-invisible e-con e-child\" data-id=\"0e3abc5\" data-element_type=\"container\" data-e-type=\"container\" data-settings=\"{&quot;ang_container_spacing_size&quot;:&quot;ang_container_padding_4&quot;,&quot;background_background&quot;:&quot;classic&quot;,&quot;jet_parallax_layout_list&quot;:[],&quot;animation&quot;:&quot;fadeInLeft&quot;}\">\n\t\t\t\t<div class=\"elementor-element elementor-element-be13964 elementor-widget__width-inherit elementor-repeater-item-none elementor-repeater-item-none_hover elementor-widget elementor-widget-text-editor\" data-id=\"be13964\" data-element_type=\"widget\" data-e-type=\"widget\" data-widget_type=\"text-editor.default\">\n\t\t\t\t<div class=\"elementor-widget-container\">\n\t\t\t\t\t\t\t\t\t<table border=\"1\" cellspacing=\"1\" cellpadding=\"1\"><thead><tr><th scope=\"row\">Name<\/th><th scope=\"col\">Distance from Grainau<\/th><th scope=\"col\">Accessible by public transportation<\/th><\/tr><\/thead><tbody><tr><th scope=\"row\">Zugspitzbad Grainau - outdoor pool<\/th><td data-label=\"Entfernung von Grainau\">In the middle of Grainau<\/td><td data-label=\"Mit \u00f6ffentl. Verkehrsmittel erreichbar\">\u00a0<\/td><\/tr><tr><th scope=\"row\">Kainzenbad Garmisch-Partenkirchen<\/th><td data-label=\"Entfernung von Grainau\">9 km<\/td><td data-label=\"Mit \u00f6ffentl. Verkehrsmittel erreichbar\">Eibsee Bus \/ Garmisch Bus<\/td><\/tr><tr><th scope=\"row\">Warm outdoor pool Farchant<\/th><td data-label=\"Entfernung von Grainau\">15 km<\/td><td data-label=\"Mit \u00f6ffentl. Verkehrsmittel erreichbar\">RVO<\/td><\/tr><tr><th scope=\"row\">Alpine swimming pool Oberau<\/th><td data-label=\"Entfernung von Grainau\">19 km<\/td><td data-label=\"Mit \u00f6ffentl. Verkehrsmittel erreichbar\">RVO<\/td><\/tr><tr><th scope=\"row\">Panoramabad Lermoos<\/th><td data-label=\"Entfernung von Grainau\">24 km<\/td><td data-label=\"Mit \u00f6ffentl. Verkehrsmittel erreichbar\">Train<\/td><\/tr><tr><th scope=\"row\">Solar bath Ohlstadt<\/th><td data-label=\"Entfernung von Grainau\">29 km<\/td><td data-label=\"Mit \u00f6ffentl. Verkehrsmittel erreichbar\">RVO<\/td><\/tr><\/tbody><\/table>\t\t\t\t\t\t\t\t<\/div>\n\t\t\t\t<\/div>\n\t\t\t\t<\/div>\n\t\t\t\t\t<\/div>\n\t\t\t\t<\/div>\n\t\t\t\t<\/div>","protected":false},"excerpt":{"rendered":"<p>Ab ins Wasser&#8230; In und um Grainau gibt es zahlreiche Freib\u00e4der, die zum sommerlichen Badevergn\u00fcgen einladen. Ob Naturfreibecken, Erlebnisbecken, Sprungt\u00fcrme, Schwimmersportbecken, Rutschen und Liegewiese und Spiellandschaften f\u00fcr die Kleinen, hier finden Sie bestimmt das passende Freibad . Name Entfernung von Grainau Mit \u00f6ffentl. Verkehrsmittel erreichbar Zugspitzbad\u00a0Grainau &#8211; Freibad Mitten in Grainau \u00a0 Kainzenbad Garmisch-Partenkirchen 9 [&hellip;]<\/p>\n","protected":false},"author":12,"featured_media":41875,"parent":0,"menu_order":0,"comment_status":"closed","ping_status":"closed","template":"","meta":{"iawp_total_views":289,"footnotes":""},"categories":[],"tags":[],"class_list":["post-39206","page","type-page","status-publish","has-post-thumbnail","hentry"],"yoast_head":"<!-- This site is optimized with the Yoast SEO plugin v27.3 - https:\/\/yoast.com\/product\/yoast-seo-wordpress\/ -->\n<title>Freibad - Zugspitzdorf Grainau<\/title>\n<meta name=\"description\" content=\"Erleben Sie die Freib\u00e4der in und um Grainau \u2013 klares Wasser, Bergpanorama &amp; Familienvergn\u00fcgen. Ideal f\u00fcr hei\u00dfe Sommertage!\" \/>\n<meta name=\"robots\" content=\"index, follow, max-snippet:-1, max-image-preview:large, max-video-preview:-1\" \/>\n<link rel=\"canonical\" href=\"https:\/\/www.grainau.de\/en\/freibad\/\" \/>\n<meta property=\"og:locale\" content=\"en_US\" \/>\n<meta property=\"og:type\" content=\"article\" \/>\n<meta property=\"og:title\" content=\"Freibad - Zugspitzdorf Grainau\" \/>\n<meta property=\"og:description\" content=\"Erleben Sie die Freib\u00e4der in und um Grainau \u2013 klares Wasser, Bergpanorama &amp; Familienvergn\u00fcgen. Ideal f\u00fcr hei\u00dfe Sommertage!\" \/>\n<meta property=\"og:url\" content=\"https:\/\/www.grainau.de\/en\/freibad\/\" \/>\n<meta property=\"og:site_name\" content=\"Zugspitzdorf Grainau\" \/>\n<meta property=\"article:modified_time\" content=\"2025-08-01T05:51:48+00:00\" \/>\n<meta property=\"og:image\" content=\"https:\/\/www.grainau.de\/wp-content\/uploads\/2025\/02\/\u00a9Zugspitzdorf-Grainau-\u2013Ehn-8-1-scaled-e1739039554172.jpg\" \/>\n\t<meta property=\"og:image:width\" content=\"2048\" \/>\n\t<meta property=\"og:image:height\" content=\"744\" \/>\n\t<meta property=\"og:image:type\" content=\"image\/jpeg\" \/>\n<meta name=\"twitter:card\" content=\"summary_large_image\" \/>\n<meta name=\"twitter:label1\" content=\"Est. reading time\" \/>\n\t<meta name=\"twitter:data1\" content=\"1 minute\" \/>\n<script type=\"application\/ld+json\" class=\"yoast-schema-graph\">{\"@context\":\"https:\\\/\\\/schema.org\",\"@graph\":[{\"@type\":\"WebPage\",\"@id\":\"https:\\\/\\\/www.grainau.de\\\/freibad\\\/\",\"url\":\"https:\\\/\\\/www.grainau.de\\\/freibad\\\/\",\"name\":\"Freibad - Zugspitzdorf Grainau\",\"isPartOf\":{\"@id\":\"https:\\\/\\\/www.grainau.de\\\/#website\"},\"primaryImageOfPage\":{\"@id\":\"https:\\\/\\\/www.grainau.de\\\/freibad\\\/#primaryimage\"},\"image\":{\"@id\":\"https:\\\/\\\/www.grainau.de\\\/freibad\\\/#primaryimage\"},\"thumbnailUrl\":\"https:\\\/\\\/www.grainau.de\\\/wp-content\\\/uploads\\\/2025\\\/02\\\/\u00a9Zugspitzdorf-Grainau-\u2013Ehn-8-1-scaled-e1739039554172.jpg\",\"datePublished\":\"2024-12-10T22:54:50+00:00\",\"dateModified\":\"2025-08-01T05:51:48+00:00\",\"description\":\"Erleben Sie die Freib\u00e4der in und um Grainau \u2013 klares Wasser, Bergpanorama & Familienvergn\u00fcgen. Ideal f\u00fcr hei\u00dfe Sommertage!\",\"breadcrumb\":{\"@id\":\"https:\\\/\\\/www.grainau.de\\\/freibad\\\/#breadcrumb\"},\"inLanguage\":\"en-US\",\"potentialAction\":[{\"@type\":\"ReadAction\",\"target\":[\"https:\\\/\\\/www.grainau.de\\\/freibad\\\/\"]}]},{\"@type\":\"ImageObject\",\"inLanguage\":\"en-US\",\"@id\":\"https:\\\/\\\/www.grainau.de\\\/freibad\\\/#primaryimage\",\"url\":\"https:\\\/\\\/www.grainau.de\\\/wp-content\\\/uploads\\\/2025\\\/02\\\/\u00a9Zugspitzdorf-Grainau-\u2013Ehn-8-1-scaled-e1739039554172.jpg\",\"contentUrl\":\"https:\\\/\\\/www.grainau.de\\\/wp-content\\\/uploads\\\/2025\\\/02\\\/\u00a9Zugspitzdorf-Grainau-\u2013Ehn-8-1-scaled-e1739039554172.jpg\",\"width\":2048,\"height\":744,\"caption\":\"Schwimmendes Paar im Schwimmerbacken des Freibades in Grainau\"},{\"@type\":\"BreadcrumbList\",\"@id\":\"https:\\\/\\\/www.grainau.de\\\/freibad\\\/#breadcrumb\",\"itemListElement\":[{\"@type\":\"ListItem\",\"position\":1,\"name\":\"Home\",\"item\":\"https:\\\/\\\/www.grainau.de\\\/\"},{\"@type\":\"ListItem\",\"position\":2,\"name\":\"Freibad\"}]},{\"@type\":\"WebSite\",\"@id\":\"https:\\\/\\\/www.grainau.de\\\/#website\",\"url\":\"https:\\\/\\\/www.grainau.de\\\/\",\"name\":\"Zugspitzdorf Grainau\",\"description\":\"\",\"publisher\":{\"@id\":\"https:\\\/\\\/www.grainau.de\\\/#organization\"},\"potentialAction\":[{\"@type\":\"SearchAction\",\"target\":{\"@type\":\"EntryPoint\",\"urlTemplate\":\"https:\\\/\\\/www.grainau.de\\\/?s={search_term_string}\"},\"query-input\":{\"@type\":\"PropertyValueSpecification\",\"valueRequired\":true,\"valueName\":\"search_term_string\"}}],\"inLanguage\":\"en-US\"},{\"@type\":\"Organization\",\"@id\":\"https:\\\/\\\/www.grainau.de\\\/#organization\",\"name\":\"Zugspitzdorf Grainau\",\"url\":\"https:\\\/\\\/www.grainau.de\\\/\",\"logo\":{\"@type\":\"ImageObject\",\"inLanguage\":\"en-US\",\"@id\":\"https:\\\/\\\/www.grainau.de\\\/#\\\/schema\\\/logo\\\/image\\\/\",\"url\":\"\",\"contentUrl\":\"\",\"caption\":\"Zugspitzdorf Grainau\"},\"image\":{\"@id\":\"https:\\\/\\\/www.grainau.de\\\/#\\\/schema\\\/logo\\\/image\\\/\"}}]}<\/script>\n<!-- \/ Yoast SEO plugin. -->","yoast_head_json":{"title":"Outdoor pool - Zugspitzdorf Grainau","description":"Experience the outdoor pools in and around Grainau - clear water, mountain panorama &amp; family fun. Ideal for hot summer days!","robots":{"index":"index","follow":"follow","max-snippet":"max-snippet:-1","max-image-preview":"max-image-preview:large","max-video-preview":"max-video-preview:-1"},"canonical":"https:\/\/www.grainau.de\/en\/freibad\/","og_locale":"en_US","og_type":"article","og_title":"Freibad - Zugspitzdorf Grainau","og_description":"Erleben Sie die Freib\u00e4der in und um Grainau \u2013 klares Wasser, Bergpanorama & Familienvergn\u00fcgen. Ideal f\u00fcr hei\u00dfe Sommertage!","og_url":"https:\/\/www.grainau.de\/en\/freibad\/","og_site_name":"Zugspitzdorf Grainau","article_modified_time":"2025-08-01T05:51:48+00:00","og_image":[{"width":2048,"height":744,"url":"https:\/\/www.grainau.de\/wp-content\/uploads\/2025\/02\/\u00a9Zugspitzdorf-Grainau-\u2013Ehn-8-1-scaled-e1739039554172.jpg","type":"image\/jpeg"}],"twitter_card":"summary_large_image","twitter_misc":{"Est. reading time":"1 minute"},"schema":{"@context":"https:\/\/schema.org","@graph":[{"@type":"WebPage","@id":"https:\/\/www.grainau.de\/freibad\/","url":"https:\/\/www.grainau.de\/freibad\/","name":"Outdoor pool - Zugspitzdorf Grainau","isPartOf":{"@id":"https:\/\/www.grainau.de\/#website"},"primaryImageOfPage":{"@id":"https:\/\/www.grainau.de\/freibad\/#primaryimage"},"image":{"@id":"https:\/\/www.grainau.de\/freibad\/#primaryimage"},"thumbnailUrl":"https:\/\/www.grainau.de\/wp-content\/uploads\/2025\/02\/\u00a9Zugspitzdorf-Grainau-\u2013Ehn-8-1-scaled-e1739039554172.jpg","datePublished":"2024-12-10T22:54:50+00:00","dateModified":"2025-08-01T05:51:48+00:00","description":"Experience the outdoor pools in and around Grainau - clear water, mountain panorama &amp; family fun. Ideal for hot summer days!","breadcrumb":{"@id":"https:\/\/www.grainau.de\/freibad\/#breadcrumb"},"inLanguage":"en-US","potentialAction":[{"@type":"ReadAction","target":["https:\/\/www.grainau.de\/freibad\/"]}]},{"@type":"ImageObject","inLanguage":"en-US","@id":"https:\/\/www.grainau.de\/freibad\/#primaryimage","url":"https:\/\/www.grainau.de\/wp-content\/uploads\/2025\/02\/\u00a9Zugspitzdorf-Grainau-\u2013Ehn-8-1-scaled-e1739039554172.jpg","contentUrl":"https:\/\/www.grainau.de\/wp-content\/uploads\/2025\/02\/\u00a9Zugspitzdorf-Grainau-\u2013Ehn-8-1-scaled-e1739039554172.jpg","width":2048,"height":744,"caption":"Schwimmendes Paar im Schwimmerbacken des Freibades in Grainau"},{"@type":"BreadcrumbList","@id":"https:\/\/www.grainau.de\/freibad\/#breadcrumb","itemListElement":[{"@type":"ListItem","position":1,"name":"Home","item":"https:\/\/www.grainau.de\/"},{"@type":"ListItem","position":2,"name":"Freibad"}]},{"@type":"WebSite","@id":"https:\/\/www.grainau.de\/#website","url":"https:\/\/www.grainau.de\/","name":"Zugspitz village Grainau","description":"","publisher":{"@id":"https:\/\/www.grainau.de\/#organization"},"potentialAction":[{"@type":"SearchAction","target":{"@type":"EntryPoint","urlTemplate":"https:\/\/www.grainau.de\/?s={search_term_string}"},"query-input":{"@type":"PropertyValueSpecification","valueRequired":true,"valueName":"search_term_string"}}],"inLanguage":"en-US"},{"@type":"Organization","@id":"https:\/\/www.grainau.de\/#organization","name":"Zugspitz village Grainau","url":"https:\/\/www.grainau.de\/","logo":{"@type":"ImageObject","inLanguage":"en-US","@id":"https:\/\/www.grainau.de\/#\/schema\/logo\/image\/","url":"","contentUrl":"","caption":"Zugspitzdorf Grainau"},"image":{"@id":"https:\/\/www.grainau.de\/#\/schema\/logo\/image\/"}}]}},"_links":{"self":[{"href":"https:\/\/www.grainau.de\/en\/wp-json\/wp\/v2\/pages\/39206","targetHints":{"allow":["GET"]}}],"collection":[{"href":"https:\/\/www.grainau.de\/en\/wp-json\/wp\/v2\/pages"}],"about":[{"href":"https:\/\/www.grainau.de\/en\/wp-json\/wp\/v2\/types\/page"}],"author":[{"embeddable":true,"href":"https:\/\/www.grainau.de\/en\/wp-json\/wp\/v2\/users\/12"}],"replies":[{"embeddable":true,"href":"https:\/\/www.grainau.de\/en\/wp-json\/wp\/v2\/comments?post=39206"}],"version-history":[{"count":10,"href":"https:\/\/www.grainau.de\/en\/wp-json\/wp\/v2\/pages\/39206\/revisions"}],"predecessor-version":[{"id":42975,"href":"https:\/\/www.grainau.de\/en\/wp-json\/wp\/v2\/pages\/39206\/revisions\/42975"}],"wp:featuredmedia":[{"embeddable":true,"href":"https:\/\/www.grainau.de\/en\/wp-json\/wp\/v2\/media\/41875"}],"wp:attachment":[{"href":"https:\/\/www.grainau.de\/en\/wp-json\/wp\/v2\/media?parent=39206"}],"wp:term":[{"taxonomy":"category","embeddable":true,"href":"https:\/\/www.grainau.de\/en\/wp-json\/wp\/v2\/categories?post=39206"},{"taxonomy":"post_tag","embeddable":true,"href":"https:\/\/www.grainau.de\/en\/wp-json\/wp\/v2\/tags?post=39206"}],"curies":[{"name":"wp","href":"https:\/\/api.w.org\/{rel}","templated":true}]}}