{"id":39236,"date":"2024-12-10T23:57:23","date_gmt":"2024-12-10T22:57:23","guid":{"rendered":"https:\/\/grainau-tourismus.gemeinde-entwickler.de\/?page_id=39236"},"modified":"2026-03-24T08:14:30","modified_gmt":"2026-03-24T07:14:30","slug":"minigolfplatz","status":"publish","type":"page","link":"https:\/\/www.grainau.de\/en\/minigolfplatz\/","title":{"rendered":"Mini golf course"},"content":{"rendered":"<div data-elementor-type=\"wp-page\" data-elementor-id=\"39236\" class=\"elementor elementor-39236\" data-elementor-post-type=\"page\">\n\t\t\t\t<div class=\"elementor-element elementor-element-8234d7b elementor-repeater-item-ang_container_padding_3 sk-dark-bg e-flex e-con-boxed elementor-repeater-item-none elementor-repeater-item-none_hover e-con e-parent\" data-id=\"8234d7b\" data-element_type=\"container\" data-e-type=\"container\" id=\"content\" data-settings=\"{&quot;jet_parallax_layout_list&quot;:[],&quot;background_background&quot;:&quot;classic&quot;,&quot;ang_container_spacing_size&quot;:&quot;ang_container_padding_3&quot;}\">\n\t\t\t\t\t<div class=\"e-con-inner\">\n\t\t<div class=\"elementor-element elementor-element-a088564 e-con-full elementor-repeater-item-ang_container_padding_4 elementor-repeater-item-shadow_2 sk-light-bg e-flex elementor-repeater-item-none_hover elementor-invisible e-con e-child\" data-id=\"a088564\" data-element_type=\"container\" data-e-type=\"container\" data-settings=\"{&quot;ang_container_spacing_size&quot;:&quot;ang_container_padding_4&quot;,&quot;background_background&quot;:&quot;classic&quot;,&quot;jet_parallax_layout_list&quot;:[],&quot;animation&quot;:&quot;fadeInLeft&quot;}\">\n\t\t\t\t<div class=\"elementor-element elementor-element-e25cc13 elementor-widget__width-initial elementor-widget-tablet__width-inherit elementor-widget-mobile__width-inherit elementor-repeater-item-none elementor-repeater-item-none_hover elementor-widget elementor-widget-heading\" data-id=\"e25cc13\" data-element_type=\"widget\" data-e-type=\"widget\" data-widget_type=\"heading.default\">\n\t\t\t\t<div class=\"elementor-widget-container\">\n\t\t\t\t\t<h3 class=\"elementor-heading-title elementor-size-default\">Minigolf Course Grainau Opening Hours<\/h3>\t\t\t\t<\/div>\n\t\t\t\t<\/div>\n\t\t\t\t<div class=\"elementor-element elementor-element-75066e9 elementor-widget__width-inherit elementor-repeater-item-none elementor-repeater-item-none_hover elementor-widget elementor-widget-text-editor\" data-id=\"75066e9\" data-element_type=\"widget\" data-e-type=\"widget\" data-widget_type=\"text-editor.default\">\n\t\t\t\t<div class=\"elementor-widget-container\">\n\t\t\t\t\t\t\t\t\t<p>Opening on <strong>Sunday 03\/29\/26<\/strong><\/p><p><strong>Friday to Wednesday<\/strong> from 11 AM to 6 PM<\/p><p><strong>Thursday<\/strong> Rest day\u00a0<\/p><p>\u00a0<\/p>\t\t\t\t\t\t\t\t<\/div>\n\t\t\t\t<\/div>\n\t\t\t\t<\/div>\n\t\t<div class=\"elementor-element elementor-element-519c618 e-con-full elementor-repeater-item-ang_container_padding_4 elementor-repeater-item-shadow_2 sk-light-bg e-flex elementor-repeater-item-none_hover elementor-invisible e-con e-child\" data-id=\"519c618\" data-element_type=\"container\" data-e-type=\"container\" data-settings=\"{&quot;ang_container_spacing_size&quot;:&quot;ang_container_padding_4&quot;,&quot;background_background&quot;:&quot;classic&quot;,&quot;jet_parallax_layout_list&quot;:[],&quot;animation&quot;:&quot;fadeInLeft&quot;}\">\n\t\t\t\t<div class=\"elementor-element elementor-element-7e0c306 elementor-widget__width-initial elementor-widget-tablet__width-inherit elementor-widget-mobile__width-inherit elementor-repeater-item-none elementor-repeater-item-none_hover elementor-widget elementor-widget-heading\" data-id=\"7e0c306\" data-element_type=\"widget\" data-e-type=\"widget\" data-widget_type=\"heading.default\">\n\t\t\t\t<div class=\"elementor-widget-container\">\n\t\t\t\t\t<h3 class=\"elementor-heading-title elementor-size-default\">Atmosphere, sun terrace and a great panorama: <br>The mini golf course at the Kurpark Grainau is a real hit.<\/h3>\t\t\t\t<\/div>\n\t\t\t\t<\/div>\n\t\t\t\t<div class=\"elementor-element elementor-element-9ddd18f elementor-widget__width-inherit elementor-repeater-item-none elementor-repeater-item-none_hover elementor-widget elementor-widget-text-editor\" data-id=\"9ddd18f\" data-element_type=\"widget\" data-e-type=\"widget\" data-widget_type=\"text-editor.default\">\n\t\t\t\t<div class=\"elementor-widget-container\">\n\t\t\t\t\t\t\t\t\t<p>The mini golf course in Grainau, next to the Kurpark, is a popular meeting place for young and old. Anyone who swings a club here can not only enjoy their hits, but also the panoramic view. From all\u00a0<strong>18 play stations<\/strong>\u00a0guests have an unobstructed view of the Zugspitze, the Waxensteine or the Alpspitze.<br \/>Drinks,\u00a0<strong>Homemade cakes<\/strong>\u00a0and lovingly decorated snacks are served in the Werdenfels-style hut with a covered terrace to relax and enjoy. Already legendary: the sausage salad served here by Thomas Radu and his wife Gitti, which attracts guests and locals alike.<\/p><p><strong>Even in the winter months<\/strong>\u00a0the Radu family invites you to stop for a bite to eat. You can end the day outside at the nice bar tables on the covered terrace with a cup of tea or mulled wine.<\/p><p><u><strong>Minigolf prices:<\/strong><\/u><br \/>Children: \u20ac 3,00<br \/>Adults: \u20ac 4,00<\/p><p><u><strong>Address:<\/strong><\/u><br \/>Mini golf in the spa gardens<br \/>Waxensteinstrasse 35<br \/>82491 Grainau<br \/><a href=\"tel:+49 15788128719\">Phone +49 15788128719<\/a><\/p><p>\u00a0<\/p><p>\u00a0<\/p>\t\t\t\t\t\t\t\t<\/div>\n\t\t\t\t<\/div>\n\t\t\t\t<\/div>\n\t\t\t\t<div class=\"elementor-element elementor-element-187e787 elementor-repeater-item-none elementor-repeater-item-none_hover elementor-widget elementor-widget-image-carousel\" data-id=\"187e787\" data-element_type=\"widget\" data-e-type=\"widget\" data-settings=\"{&quot;slides_to_show&quot;:&quot;3&quot;,&quot;slides_to_show_tablet&quot;:&quot;2&quot;,&quot;slides_to_show_mobile&quot;:&quot;1&quot;,&quot;navigation&quot;:&quot;none&quot;,&quot;autoplay_speed&quot;:0,&quot;speed&quot;:10000,&quot;image_spacing_custom&quot;:{&quot;unit&quot;:&quot;px&quot;,&quot;size&quot;:10,&quot;sizes&quot;:[]},&quot;autoplay&quot;:&quot;yes&quot;,&quot;pause_on_hover&quot;:&quot;yes&quot;,&quot;pause_on_interaction&quot;:&quot;yes&quot;,&quot;infinite&quot;:&quot;yes&quot;,&quot;image_spacing_custom_tablet&quot;:{&quot;unit&quot;:&quot;px&quot;,&quot;size&quot;:&quot;&quot;,&quot;sizes&quot;:[]}}\" data-widget_type=\"image-carousel.default\">\n\t\t\t\t<div class=\"elementor-widget-container\">\n\t\t\t\t\t\t\t<div class=\"elementor-image-carousel-wrapper swiper\" role=\"region\" aria-roledescription=\"carousel\" aria-label=\"Picture carousel\" dir=\"ltr\">\n\t\t\t<div class=\"elementor-image-carousel swiper-wrapper\" aria-live=\"off\">\n\t\t\t\t\t\t\t\t<div class=\"swiper-slide\" role=\"group\" aria-roledescription=\"slide\" aria-label=\"1 from 4\"><figure class=\"swiper-slide-inner\"><img decoding=\"async\" class=\"swiper-slide-image\" src=\"https:\/\/www.grainau.de\/wp-content\/uploads\/2026\/03\/Minigolf-Grainau\u00a9Zugspitzdorf-Grainau-\u2013Ehn-8-scaled.jpg\" data-description=\"Zugspitzdorf Grainau - Wolfgang Ehn\" alt=\"Minigolfplatz mit Familie in Grainau\" \/><\/figure><\/div><div class=\"swiper-slide\" role=\"group\" aria-roledescription=\"slide\" aria-label=\"2 from 4\"><figure class=\"swiper-slide-inner\"><img decoding=\"async\" class=\"swiper-slide-image\" src=\"https:\/\/www.grainau.de\/wp-content\/uploads\/2026\/03\/Minigolf-Grainau\u00a9Zugspitzdorf-Grainau-\u2013Ehn-7-scaled.jpg\" alt=\"Familie beim Minigolfen in Grainau\" \/><\/figure><\/div><div class=\"swiper-slide\" role=\"group\" aria-roledescription=\"slide\" aria-label=\"3 from 4\"><figure class=\"swiper-slide-inner\"><img decoding=\"async\" class=\"swiper-slide-image\" src=\"https:\/\/www.grainau.de\/wp-content\/uploads\/2025\/07\/\u00a9Zugspitzdorf-Grainau-\u2013Ehn-20-scaled.jpg\" data-description=\"Die Minigolfanlage in Grainau f\u00fcr die ganze Familie  \" alt=\"Familie beim Minigolfen in Grainau\" \/><\/figure><\/div><div class=\"swiper-slide\" role=\"group\" aria-roledescription=\"slide\" aria-label=\"4 from 4\"><figure class=\"swiper-slide-inner\"><img decoding=\"async\" class=\"swiper-slide-image\" src=\"https:\/\/www.grainau.de\/wp-content\/uploads\/2024\/12\/minigolfplatz-grainau-e1744353201915.jpeg\" data-description=\"Zugspitzdorf Grainau \u2013Wolfgang Ehn\" alt=\"Minigolfh\u00fctte, Wirt gibt gerade Minigolfschlager an Mann und Kind\" \/><\/figure><\/div>\t\t\t<\/div>\n\t\t\t\t\t\t\t\n\t\t\t\t\t\t\t\t\t<\/div>\n\t\t\t\t\t\t<\/div>\n\t\t\t\t<\/div>\n\t\t<div class=\"elementor-element elementor-element-fe246eb e-con-full elementor-repeater-item-ang_container_padding_4 elementor-repeater-item-shadow_2 sk-light-bg e-flex elementor-repeater-item-none_hover elementor-invisible e-con e-child\" data-id=\"fe246eb\" data-element_type=\"container\" data-e-type=\"container\" data-settings=\"{&quot;ang_container_spacing_size&quot;:&quot;ang_container_padding_4&quot;,&quot;background_background&quot;:&quot;classic&quot;,&quot;jet_parallax_layout_list&quot;:[],&quot;animation&quot;:&quot;fadeInLeft&quot;}\">\n\t\t\t\t<div class=\"elementor-element elementor-element-1b3b957 elementor-widget__width-initial elementor-widget-tablet__width-inherit elementor-widget-mobile__width-inherit elementor-repeater-item-none elementor-repeater-item-none_hover elementor-widget elementor-widget-heading\" data-id=\"1b3b957\" data-element_type=\"widget\" data-e-type=\"widget\" data-widget_type=\"heading.default\">\n\t\t\t\t<div class=\"elementor-widget-container\">\n\t\t\t\t\t<h3 class=\"elementor-heading-title elementor-size-default\">Golf all year round at the Grainau indoor golf facility\n<\/h3>\t\t\t\t<\/div>\n\t\t\t\t<\/div>\n\t\t\t\t<div class=\"elementor-element elementor-element-185501a elementor-widget__width-inherit elementor-repeater-item-none elementor-repeater-item-none_hover elementor-widget elementor-widget-text-editor\" data-id=\"185501a\" data-element_type=\"widget\" data-e-type=\"widget\" data-widget_type=\"text-editor.default\">\n\t\t\t\t<div class=\"elementor-widget-container\">\n\t\t\t\t\t\t\t\t\t<p>Not just for campers: Camping Erlebnis Zugspitze has a state-of-the-art indoor golf facility. The Falcon Foresight simulator offers a realistic golfing experience. There is also an indoor putting green available. Instruction from a pro is available on request.<\/p><p>Golf at any time and for any level, train for the next season, or enjoy playing with family and friends.\u00a0<\/p><p><u><strong>Address:<\/strong><\/u><br \/>Camping Erlebnis Zugspitze GmbH<br \/>Griesener Stra\u00dfe 2<br \/>D-82491 Grainau<\/p><p>Further information and booking options at <a href=\"http:\/\/indoorgolfzugspitze.de\/\" target=\"_blank\" rel=\"noopener noreferrer nofollow\">http:\/\/indoorgolfzugspitze.de\/<\/a><\/p><p>\u00a0<\/p><p>\u00a0<\/p><p>\u00a0<\/p>\t\t\t\t\t\t\t\t<\/div>\n\t\t\t\t<\/div>\n\t\t\t\t<\/div>\n\t\t<div class=\"elementor-element elementor-element-881557a e-con-full e-flex elementor-repeater-item-default_padding elementor-repeater-item-none elementor-repeater-item-none_hover e-con e-child\" data-id=\"881557a\" data-element_type=\"container\" data-e-type=\"container\" data-settings=\"{&quot;jet_parallax_layout_list&quot;:[],&quot;ang_container_spacing_size&quot;:&quot;default_padding&quot;}\">\n\t\t\t\t<\/div>\n\t\t<div class=\"elementor-element elementor-element-186413c e-con-full sk-dark-bg e-flex elementor-repeater-item-default_padding elementor-repeater-item-none elementor-repeater-item-none_hover e-con e-child\" data-id=\"186413c\" data-element_type=\"container\" data-e-type=\"container\" data-settings=\"{&quot;background_background&quot;:&quot;classic&quot;,&quot;jet_parallax_layout_list&quot;:[],&quot;ang_container_spacing_size&quot;:&quot;default_padding&quot;}\">\n\t\t\t\t<\/div>\n\t\t\t\t\t<\/div>\n\t\t\t\t<\/div>\n\t\t\t\t<\/div>","protected":false},"excerpt":{"rendered":"<p>\u00d6ffnungzeiten Minigolfplatz Grainau Er\u00f6ffnung am Sonntag 29.03.26 Freitag bis Mittwoch von 11 Uhr bis 18 Uhr Donnerstag Ruhetag\u00a0 \u00a0 Stimmung, Sonnenterrasse und ein super Panorama: Der Minigolfplatz am Kurpark Grainau ist ein echter Volltreffer. Der Minigolfplatz in Grainau, neben dem Kurpark, ist ein beliebter Treffpunkt f\u00fcr Jung und Alt. Wer hier den Schl\u00e4ger schwingt, kann [&hellip;]<\/p>\n","protected":false},"author":12,"featured_media":46212,"parent":0,"menu_order":0,"comment_status":"closed","ping_status":"closed","template":"","meta":{"iawp_total_views":4530,"footnotes":""},"categories":[],"tags":[],"class_list":["post-39236","page","type-page","status-publish","has-post-thumbnail","hentry"],"yoast_head":"<!-- This site is optimized with the Yoast SEO plugin v27.3 - https:\/\/yoast.com\/product\/yoast-seo-wordpress\/ -->\n<title>Minigolfplatz - Zugspitzdorf Grainau<\/title>\n<meta name=\"description\" content=\"Erleben Sie Minigolf in Grainau \u2013 die perfekte Freizeitaktivit\u00e4t f\u00fcr Familien und Freundedirekt unter der Zugspitze mit traumhaften Blick auf das Wettersteingebirge. Spa\u00df, Spannung und Entspannung.\" \/>\n<meta name=\"robots\" content=\"index, follow, max-snippet:-1, max-image-preview:large, max-video-preview:-1\" \/>\n<link rel=\"canonical\" href=\"https:\/\/www.grainau.de\/en\/minigolfplatz\/\" \/>\n<meta property=\"og:locale\" content=\"en_US\" \/>\n<meta property=\"og:type\" content=\"article\" \/>\n<meta property=\"og:title\" content=\"Minigolfplatz - Zugspitzdorf Grainau\" \/>\n<meta property=\"og:description\" content=\"Erleben Sie Minigolf in Grainau \u2013 die perfekte Freizeitaktivit\u00e4t f\u00fcr Familien und Freundedirekt unter der Zugspitze mit traumhaften Blick auf das Wettersteingebirge. Spa\u00df, Spannung und Entspannung.\" \/>\n<meta property=\"og:url\" content=\"https:\/\/www.grainau.de\/en\/minigolfplatz\/\" \/>\n<meta property=\"og:site_name\" content=\"Zugspitzdorf Grainau\" \/>\n<meta property=\"article:modified_time\" content=\"2026-03-24T07:14:30+00:00\" \/>\n<meta property=\"og:image\" content=\"https:\/\/www.grainau.de\/wp-content\/uploads\/2025\/07\/\u00a9Zugspitzdorf-Grainau-\u2013Ehn-20-scaled.jpg\" \/>\n\t<meta property=\"og:image:width\" content=\"2048\" \/>\n\t<meta property=\"og:image:height\" content=\"1381\" \/>\n\t<meta property=\"og:image:type\" content=\"image\/jpeg\" \/>\n<meta name=\"twitter:card\" content=\"summary_large_image\" \/>\n<meta name=\"twitter:label1\" content=\"Est. reading time\" \/>\n\t<meta name=\"twitter:data1\" content=\"4 minutes\" \/>\n<script type=\"application\/ld+json\" class=\"yoast-schema-graph\">{\"@context\":\"https:\\\/\\\/schema.org\",\"@graph\":[{\"@type\":\"WebPage\",\"@id\":\"https:\\\/\\\/www.grainau.de\\\/minigolfplatz\\\/\",\"url\":\"https:\\\/\\\/www.grainau.de\\\/minigolfplatz\\\/\",\"name\":\"Minigolfplatz - Zugspitzdorf Grainau\",\"isPartOf\":{\"@id\":\"https:\\\/\\\/www.grainau.de\\\/#website\"},\"primaryImageOfPage\":{\"@id\":\"https:\\\/\\\/www.grainau.de\\\/minigolfplatz\\\/#primaryimage\"},\"image\":{\"@id\":\"https:\\\/\\\/www.grainau.de\\\/minigolfplatz\\\/#primaryimage\"},\"thumbnailUrl\":\"https:\\\/\\\/www.grainau.de\\\/wp-content\\\/uploads\\\/2025\\\/07\\\/\u00a9Zugspitzdorf-Grainau-\u2013Ehn-20-scaled.jpg\",\"datePublished\":\"2024-12-10T22:57:23+00:00\",\"dateModified\":\"2026-03-24T07:14:30+00:00\",\"description\":\"Erleben Sie Minigolf in Grainau \u2013 die perfekte Freizeitaktivit\u00e4t f\u00fcr Familien und Freundedirekt unter der Zugspitze mit traumhaften Blick auf das Wettersteingebirge. Spa\u00df, Spannung und Entspannung.\",\"breadcrumb\":{\"@id\":\"https:\\\/\\\/www.grainau.de\\\/minigolfplatz\\\/#breadcrumb\"},\"inLanguage\":\"en-US\",\"potentialAction\":[{\"@type\":\"ReadAction\",\"target\":[\"https:\\\/\\\/www.grainau.de\\\/minigolfplatz\\\/\"]}]},{\"@type\":\"ImageObject\",\"inLanguage\":\"en-US\",\"@id\":\"https:\\\/\\\/www.grainau.de\\\/minigolfplatz\\\/#primaryimage\",\"url\":\"https:\\\/\\\/www.grainau.de\\\/wp-content\\\/uploads\\\/2025\\\/07\\\/\u00a9Zugspitzdorf-Grainau-\u2013Ehn-20-scaled.jpg\",\"contentUrl\":\"https:\\\/\\\/www.grainau.de\\\/wp-content\\\/uploads\\\/2025\\\/07\\\/\u00a9Zugspitzdorf-Grainau-\u2013Ehn-20-scaled.jpg\",\"width\":2048,\"height\":1381,\"caption\":\"Familienerlebnis Minigolf\"},{\"@type\":\"BreadcrumbList\",\"@id\":\"https:\\\/\\\/www.grainau.de\\\/minigolfplatz\\\/#breadcrumb\",\"itemListElement\":[{\"@type\":\"ListItem\",\"position\":1,\"name\":\"Home\",\"item\":\"https:\\\/\\\/www.grainau.de\\\/\"},{\"@type\":\"ListItem\",\"position\":2,\"name\":\"Minigolfplatz\"}]},{\"@type\":\"WebSite\",\"@id\":\"https:\\\/\\\/www.grainau.de\\\/#website\",\"url\":\"https:\\\/\\\/www.grainau.de\\\/\",\"name\":\"Zugspitzdorf Grainau\",\"description\":\"\",\"publisher\":{\"@id\":\"https:\\\/\\\/www.grainau.de\\\/#organization\"},\"potentialAction\":[{\"@type\":\"SearchAction\",\"target\":{\"@type\":\"EntryPoint\",\"urlTemplate\":\"https:\\\/\\\/www.grainau.de\\\/?s={search_term_string}\"},\"query-input\":{\"@type\":\"PropertyValueSpecification\",\"valueRequired\":true,\"valueName\":\"search_term_string\"}}],\"inLanguage\":\"en-US\"},{\"@type\":\"Organization\",\"@id\":\"https:\\\/\\\/www.grainau.de\\\/#organization\",\"name\":\"Zugspitzdorf Grainau\",\"url\":\"https:\\\/\\\/www.grainau.de\\\/\",\"logo\":{\"@type\":\"ImageObject\",\"inLanguage\":\"en-US\",\"@id\":\"https:\\\/\\\/www.grainau.de\\\/#\\\/schema\\\/logo\\\/image\\\/\",\"url\":\"\",\"contentUrl\":\"\",\"caption\":\"Zugspitzdorf Grainau\"},\"image\":{\"@id\":\"https:\\\/\\\/www.grainau.de\\\/#\\\/schema\\\/logo\\\/image\\\/\"}}]}<\/script>\n<!-- \/ Yoast SEO plugin. -->","yoast_head_json":{"title":"Minigolf course - Zugspitzdorf Grainau","description":"Experience minigolf in Grainau - the perfect leisure activity for families and friends directly below the Zugspitze with a fantastic view of the Wetterstein mountains. Fun, excitement and relaxation.","robots":{"index":"index","follow":"follow","max-snippet":"max-snippet:-1","max-image-preview":"max-image-preview:large","max-video-preview":"max-video-preview:-1"},"canonical":"https:\/\/www.grainau.de\/en\/minigolfplatz\/","og_locale":"en_US","og_type":"article","og_title":"Minigolfplatz - Zugspitzdorf Grainau","og_description":"Erleben Sie Minigolf in Grainau \u2013 die perfekte Freizeitaktivit\u00e4t f\u00fcr Familien und Freundedirekt unter der Zugspitze mit traumhaften Blick auf das Wettersteingebirge. Spa\u00df, Spannung und Entspannung.","og_url":"https:\/\/www.grainau.de\/en\/minigolfplatz\/","og_site_name":"Zugspitzdorf Grainau","article_modified_time":"2026-03-24T07:14:30+00:00","og_image":[{"width":2048,"height":1381,"url":"https:\/\/www.grainau.de\/wp-content\/uploads\/2025\/07\/\u00a9Zugspitzdorf-Grainau-\u2013Ehn-20-scaled.jpg","type":"image\/jpeg"}],"twitter_card":"summary_large_image","twitter_misc":{"Est. reading time":"4 minutes"},"schema":{"@context":"https:\/\/schema.org","@graph":[{"@type":"WebPage","@id":"https:\/\/www.grainau.de\/minigolfplatz\/","url":"https:\/\/www.grainau.de\/minigolfplatz\/","name":"Minigolf course - Zugspitzdorf Grainau","isPartOf":{"@id":"https:\/\/www.grainau.de\/#website"},"primaryImageOfPage":{"@id":"https:\/\/www.grainau.de\/minigolfplatz\/#primaryimage"},"image":{"@id":"https:\/\/www.grainau.de\/minigolfplatz\/#primaryimage"},"thumbnailUrl":"https:\/\/www.grainau.de\/wp-content\/uploads\/2025\/07\/\u00a9Zugspitzdorf-Grainau-\u2013Ehn-20-scaled.jpg","datePublished":"2024-12-10T22:57:23+00:00","dateModified":"2026-03-24T07:14:30+00:00","description":"Experience minigolf in Grainau - the perfect leisure activity for families and friends directly below the Zugspitze with a fantastic view of the Wetterstein mountains. Fun, excitement and relaxation.","breadcrumb":{"@id":"https:\/\/www.grainau.de\/minigolfplatz\/#breadcrumb"},"inLanguage":"en-US","potentialAction":[{"@type":"ReadAction","target":["https:\/\/www.grainau.de\/minigolfplatz\/"]}]},{"@type":"ImageObject","inLanguage":"en-US","@id":"https:\/\/www.grainau.de\/minigolfplatz\/#primaryimage","url":"https:\/\/www.grainau.de\/wp-content\/uploads\/2025\/07\/\u00a9Zugspitzdorf-Grainau-\u2013Ehn-20-scaled.jpg","contentUrl":"https:\/\/www.grainau.de\/wp-content\/uploads\/2025\/07\/\u00a9Zugspitzdorf-Grainau-\u2013Ehn-20-scaled.jpg","width":2048,"height":1381,"caption":"Familienerlebnis Minigolf"},{"@type":"BreadcrumbList","@id":"https:\/\/www.grainau.de\/minigolfplatz\/#breadcrumb","itemListElement":[{"@type":"ListItem","position":1,"name":"Home","item":"https:\/\/www.grainau.de\/"},{"@type":"ListItem","position":2,"name":"Minigolfplatz"}]},{"@type":"WebSite","@id":"https:\/\/www.grainau.de\/#website","url":"https:\/\/www.grainau.de\/","name":"Zugspitz village Grainau","description":"","publisher":{"@id":"https:\/\/www.grainau.de\/#organization"},"potentialAction":[{"@type":"SearchAction","target":{"@type":"EntryPoint","urlTemplate":"https:\/\/www.grainau.de\/?s={search_term_string}"},"query-input":{"@type":"PropertyValueSpecification","valueRequired":true,"valueName":"search_term_string"}}],"inLanguage":"en-US"},{"@type":"Organization","@id":"https:\/\/www.grainau.de\/#organization","name":"Zugspitz village Grainau","url":"https:\/\/www.grainau.de\/","logo":{"@type":"ImageObject","inLanguage":"en-US","@id":"https:\/\/www.grainau.de\/#\/schema\/logo\/image\/","url":"","contentUrl":"","caption":"Zugspitzdorf Grainau"},"image":{"@id":"https:\/\/www.grainau.de\/#\/schema\/logo\/image\/"}}]}},"_links":{"self":[{"href":"https:\/\/www.grainau.de\/en\/wp-json\/wp\/v2\/pages\/39236","targetHints":{"allow":["GET"]}}],"collection":[{"href":"https:\/\/www.grainau.de\/en\/wp-json\/wp\/v2\/pages"}],"about":[{"href":"https:\/\/www.grainau.de\/en\/wp-json\/wp\/v2\/types\/page"}],"author":[{"embeddable":true,"href":"https:\/\/www.grainau.de\/en\/wp-json\/wp\/v2\/users\/12"}],"replies":[{"embeddable":true,"href":"https:\/\/www.grainau.de\/en\/wp-json\/wp\/v2\/comments?post=39236"}],"version-history":[{"count":10,"href":"https:\/\/www.grainau.de\/en\/wp-json\/wp\/v2\/pages\/39236\/revisions"}],"predecessor-version":[{"id":49334,"href":"https:\/\/www.grainau.de\/en\/wp-json\/wp\/v2\/pages\/39236\/revisions\/49334"}],"wp:featuredmedia":[{"embeddable":true,"href":"https:\/\/www.grainau.de\/en\/wp-json\/wp\/v2\/media\/46212"}],"wp:attachment":[{"href":"https:\/\/www.grainau.de\/en\/wp-json\/wp\/v2\/media?parent=39236"}],"wp:term":[{"taxonomy":"category","embeddable":true,"href":"https:\/\/www.grainau.de\/en\/wp-json\/wp\/v2\/categories?post=39236"},{"taxonomy":"post_tag","embeddable":true,"href":"https:\/\/www.grainau.de\/en\/wp-json\/wp\/v2\/tags?post=39236"}],"curies":[{"name":"wp","href":"https:\/\/api.w.org\/{rel}","templated":true}]}}