{"id":39243,"date":"2024-12-10T23:58:34","date_gmt":"2024-12-10T22:58:34","guid":{"rendered":"https:\/\/grainau-tourismus.gemeinde-entwickler.de\/?page_id=39243"},"modified":"2026-02-27T11:33:44","modified_gmt":"2026-02-27T10:33:44","slug":"trailrunning","status":"publish","type":"page","link":"https:\/\/www.grainau.de\/en\/trailrunning\/","title":{"rendered":"Trail running"},"content":{"rendered":"<div data-elementor-type=\"wp-page\" data-elementor-id=\"39243\" class=\"elementor elementor-39243\" data-elementor-post-type=\"page\">\n\t\t\t\t<div class=\"elementor-element elementor-element-8234d7b elementor-repeater-item-ang_container_padding_3 sk-dark-bg e-flex e-con-boxed elementor-repeater-item-none elementor-repeater-item-none_hover e-con e-parent\" data-id=\"8234d7b\" data-element_type=\"container\" id=\"content\" data-settings=\"{&quot;jet_parallax_layout_list&quot;:[],&quot;background_background&quot;:&quot;classic&quot;,&quot;ang_container_spacing_size&quot;:&quot;ang_container_padding_3&quot;}\">\n\t\t\t\t\t<div class=\"e-con-inner\">\n\t\t<div class=\"elementor-element elementor-element-519c618 e-con-full elementor-repeater-item-ang_container_padding_4 elementor-repeater-item-shadow_2 sk-light-bg e-flex elementor-repeater-item-none_hover elementor-invisible e-con e-child\" data-id=\"519c618\" data-element_type=\"container\" data-settings=\"{&quot;ang_container_spacing_size&quot;:&quot;ang_container_padding_4&quot;,&quot;background_background&quot;:&quot;classic&quot;,&quot;jet_parallax_layout_list&quot;:[],&quot;animation&quot;:&quot;fadeInLeft&quot;}\">\n\t\t\t\t<div class=\"elementor-element elementor-element-7e0c306 elementor-widget__width-inherit elementor-repeater-item-none elementor-repeater-item-none_hover elementor-widget elementor-widget-heading\" data-id=\"7e0c306\" data-element_type=\"widget\" data-widget_type=\"heading.default\">\n\t\t\t\t<div class=\"elementor-widget-container\">\n\t\t\t\t\t<h3 class=\"elementor-heading-title elementor-size-default\">Lonely trails, soft forest floors, expansive views, blue lakes...<\/h3>\t\t\t\t<\/div>\n\t\t\t\t<\/div>\n\t\t\t\t<div class=\"elementor-element elementor-element-9ddd18f elementor-widget__width-inherit elementor-repeater-item-none elementor-repeater-item-none_hover elementor-widget elementor-widget-text-editor\" data-id=\"9ddd18f\" data-element_type=\"widget\" data-widget_type=\"text-editor.default\">\n\t\t\t\t<div class=\"elementor-widget-container\">\n\t\t\t\t\t\t\t\t\t<p data-start=\"198\" data-end=\"494\">Sporty, ambitious guests can enjoy the varied landscape around Grainau and the <strong data-start=\"293\" data-end=\"334\"><span class=\"hover:entity-accent entity-underline inline cursor-pointer align-baseline\"><span class=\"whitespace-normal\">Zugspitze<\/span><\/span><\/strong> on a variety of trails. The route network combines valley paths, forest trails and alpine sections of varying distances and levels of difficulty.<\/p><h3 data-start=\"496\" data-end=\"515\">Prerequisites<\/h3><p data-start=\"517\" data-end=\"703\">Trail running requires regular running experience and confidence on changing surfaces. Beginners should choose a moderate pace and make sure they are evenly paced.<\/p><p data-start=\"705\" data-end=\"858\">Careful tour planning is essential. Find out in advance about the route, altitude and current weather and storm warnings.<\/p><hr data-start=\"860\" data-end=\"863\" \/><h3 data-start=\"865\" data-end=\"890\">Recommended equipment<\/h3><ul data-start=\"892\" data-end=\"1231\"><li data-start=\"892\" data-end=\"936\"><p data-start=\"894\" data-end=\"936\">Trail running shoes with a grippy profile<\/p><\/li><li data-start=\"937\" data-end=\"1026\"><p data-start=\"939\" data-end=\"1026\">Functional running clothing (take into account temperature differences due to altitude)<\/p><\/li><li data-start=\"1027\" data-end=\"1071\"><p data-start=\"1029\" data-end=\"1071\">Running backpack with sufficient liquid<\/p><\/li><li data-start=\"1072\" data-end=\"1107\"><p data-start=\"1074\" data-end=\"1107\">Energy bars or sports nutrition<\/p><\/li><li data-start=\"1108\" data-end=\"1127\"><p data-start=\"1110\" data-end=\"1127\">Change of clothes<\/p><\/li><li data-start=\"1128\" data-end=\"1170\"><p data-start=\"1130\" data-end=\"1170\">Weather protection (e.g. rain jacket, cap)<\/p><\/li><li data-start=\"1171\" data-end=\"1203\"><p data-start=\"1173\" data-end=\"1203\">Cell phone for emergencies<\/p><\/li><li data-start=\"1204\" data-end=\"1231\"><p data-start=\"1206\" data-end=\"1231\">Small first aid kit<\/p><\/li><\/ul><hr data-start=\"1233\" data-end=\"1236\" \/><h3 data-start=\"1238\" data-end=\"1257\">Range of routes<\/h3><p data-start=\"1259\" data-end=\"1439\">In the PDF provided you will find all the trail running routes from <strong data-start=\"1333\" data-end=\"1374\"><span class=\"hover:entity-accent entity-underline inline cursor-pointer align-baseline\"><span class=\"whitespace-normal\">Garmisch-Partenkirchen<\/span><\/span><\/strong> via Grainau to <strong data-start=\"1397\" data-end=\"1438\"><span class=\"hover:entity-accent entity-underline inline cursor-pointer align-baseline\"><span class=\"whitespace-normal\">Ehrwald<\/span><\/span><\/strong>.<\/p><p data-start=\"1441\" data-end=\"1528\">The tours range from<br data-start=\"1463\" data-end=\"1466\" \/><strong data-start=\"1466\" data-end=\"1489\">8 to 43 kilometers<\/strong> and<br data-start=\"1495\" data-end=\"1498\" \/><strong data-start=\"1498\" data-end=\"1527\">200 to 2,000 vertical meters<\/strong>.<\/p><p data-start=\"152\" data-end=\"404\">Grainau lies at the foot of the <strong data-start=\"177\" data-end=\"218\"><span class=\"hover:entity-accent entity-underline inline cursor-pointer align-baseline\"><span class=\"whitespace-normal\">Zugspitze<\/span><\/span><\/strong> and offers ideal conditions for trail running in alpine surroundings. The network of trails ranges from flat valley loops to challenging mountain trails with several hundred meters of elevation gain.<\/p><p data-start=\"406\" data-end=\"552\">The varied landscape - forests, alpine paths, mountain trails and riverside paths - enables training sessions for different ability levels.<\/p><hr data-start=\"554\" data-end=\"557\" \/><h2 data-start=\"559\" data-end=\"579\">Route character<\/h2><p data-start=\"581\" data-end=\"804\"><strong data-start=\"581\" data-end=\"603\">Valley and lake tours<\/strong><br data-start=\"603\" data-end=\"606\" \/>Around the <strong data-start=\"618\" data-end=\"659\"><span class=\"hover:entity-accent entity-underline inline cursor-pointer align-baseline\"><span class=\"whitespace-normal\">Eibsee<\/span><\/span><\/strong> and in the Zugspitz region there are good natural trails with a moderate profile. Suitable for beginners, regeneration units or speed training.<\/p><p data-start=\"806\" data-end=\"1031\"><strong data-start=\"806\" data-end=\"829\">Medium mountain trails<\/strong><br data-start=\"829\" data-end=\"832\" \/>In the area <strong data-start=\"843\" data-end=\"884\"><span class=\"hover:entity-accent entity-underline inline cursor-pointer align-baseline\"><span class=\"whitespace-normal\">Waxenstein<\/span><\/span><\/strong> and H\u00f6llental, narrow paths lead through forest and meadow terrain. Here, climbs, technical sections and scenic passages alternate.<\/p><p data-start=\"1033\" data-end=\"1197\"><strong data-start=\"1033\" data-end=\"1061\">Alpine challenges<\/strong><br data-start=\"1061\" data-end=\"1064\" \/>Ambitious trail runners will find steep climbs, challenging downhills and longer altitude passages around the Zugspitze massif.<\/p><hr data-start=\"1199\" data-end=\"1202\" \/><h2 data-start=\"1204\" data-end=\"1229\">Training options<\/h2><p data-start=\"1231\" data-end=\"1255\">Grainau is suitable for:<\/p><ul data-start=\"1257\" data-end=\"1426\"><li data-start=\"1257\" data-end=\"1298\"><p data-start=\"1259\" data-end=\"1298\">Mountain intervals and altitude training<\/p><\/li><li data-start=\"1299\" data-end=\"1337\"><p data-start=\"1301\" data-end=\"1337\">Preparation for alpine competitions<\/p><\/li><li data-start=\"1338\" data-end=\"1375\"><p data-start=\"1340\" data-end=\"1375\">Endurance runs on a natural surface<\/p><\/li><li data-start=\"1376\" data-end=\"1426\"><p data-start=\"1378\" data-end=\"1426\">Combination of trail and classic mountain running<\/p><\/li><\/ul><p data-start=\"1428\" data-end=\"1575\">With the <strong data-start=\"1436\" data-end=\"1477\"><span class=\"hover:entity-accent entity-underline inline cursor-pointer align-baseline\"><span class=\"whitespace-normal\">Zugspitz Ultratrail<\/span><\/span><\/strong> the region is also a regular venue for an internationally renowned trail running event.<\/p><hr data-start=\"1577\" data-end=\"1580\" \/><h2 data-start=\"1582\" data-end=\"1598\">Infrastructure<\/h2><ul data-start=\"1600\" data-end=\"1807\"><li data-start=\"1600\" data-end=\"1649\"><p data-start=\"1602\" data-end=\"1649\">Direct access to many tours from the village<\/p><\/li><li data-start=\"1650\" data-end=\"1682\"><p data-start=\"1652\" data-end=\"1682\">Good connection to mountain railroads<\/p><\/li><li data-start=\"1683\" data-end=\"1743\"><p data-start=\"1685\" data-end=\"1743\">Gastronomy and overnight accommodation in the local area<\/p><\/li><li data-start=\"1744\" data-end=\"1807\"><p data-start=\"1746\" data-end=\"1807\">Combination with regeneration at the Eibsee or in the surrounding area<\/p><\/li><\/ul><p>\u00a0<\/p>\t\t\t\t\t\t\t\t<\/div>\n\t\t\t\t<\/div>\n\t\t\t\t<\/div>\n\t\t\t\t<div class=\"elementor-element elementor-element-46658aa elementor-widget__width-inherit e-transform elementor-icon-list--layout-traditional elementor-list-item-link-full_width elementor-repeater-item-none elementor-repeater-item-none_hover elementor-widget elementor-widget-icon-list\" data-id=\"46658aa\" data-element_type=\"widget\" data-settings=\"{&quot;_transform_scale_effect_hover&quot;:{&quot;unit&quot;:&quot;px&quot;,&quot;size&quot;:1.015,&quot;sizes&quot;:[]},&quot;_transform_scale_effect_hover_tablet&quot;:{&quot;unit&quot;:&quot;px&quot;,&quot;size&quot;:&quot;&quot;,&quot;sizes&quot;:[]},&quot;_transform_scale_effect_hover_mobile&quot;:{&quot;unit&quot;:&quot;px&quot;,&quot;size&quot;:&quot;&quot;,&quot;sizes&quot;:[]}}\" data-widget_type=\"icon-list.default\">\n\t\t\t\t<div class=\"elementor-widget-container\">\n\t\t\t\t\t\t\t<ul class=\"elementor-icon-list-items\">\n\t\t\t\t\t\t\t<li class=\"elementor-icon-list-item\">\n\t\t\t\t\t\t\t\t\t\t\t<a href=\"\/wp-content\/uploads\/2024\/12\/Folder_Bayern_Tirol-Trailrunning_2021-final.pdf\" target=\"_blank\">\n\n\t\t\t\t\t\t\t\t\t\t\t\t<span class=\"elementor-icon-list-icon\">\n\t\t\t\t\t\t\t<i aria-hidden=\"true\" class=\"fas fa-file-download\"><\/i>\t\t\t\t\t\t<\/span>\n\t\t\t\t\t\t\t\t\t\t<span class=\"elementor-icon-list-text\">Trail running in the Zugspitz Arena Bavaria Tyrol<\/span>\n\t\t\t\t\t\t\t\t\t\t\t<\/a>\n\t\t\t\t\t\t\t\t\t<\/li>\n\t\t\t\t\t\t<\/ul>\n\t\t\t\t\t\t<\/div>\n\t\t\t\t<\/div>\n\t\t\t\t\t<\/div>\n\t\t\t\t<\/div>\n\t\t<div class=\"elementor-element elementor-element-039a6c3 elementor-repeater-item-ang_container_padding_3 sk-dark-bg e-flex e-con-boxed elementor-repeater-item-none elementor-repeater-item-none_hover e-con e-parent\" data-id=\"039a6c3\" data-element_type=\"container\" data-settings=\"{&quot;jet_parallax_layout_list&quot;:[],&quot;background_background&quot;:&quot;classic&quot;,&quot;ang_container_spacing_size&quot;:&quot;ang_container_padding_3&quot;}\">\n\t\t\t\t\t<div class=\"e-con-inner\">\n\t\t\t\t<div class=\"elementor-element elementor-element-c0f2efa elementor-widget__width-inherit elementor-repeater-item-none elementor-repeater-item-none_hover elementor-widget elementor-widget-heading\" data-id=\"c0f2efa\" data-element_type=\"widget\" data-widget_type=\"heading.default\">\n\t\t\t\t<div class=\"elementor-widget-container\">\n\t\t\t\t\t<h3 class=\"elementor-heading-title elementor-size-default\">Trail running tours<\/h3>\t\t\t\t<\/div>\n\t\t\t\t<\/div>\n\t\t<div class=\"elementor-element elementor-element-91b3768 e-con-full e-flex elementor-repeater-item-default_padding elementor-repeater-item-none elementor-repeater-item-none_hover e-con e-child\" data-id=\"91b3768\" data-element_type=\"container\" data-settings=\"{&quot;jet_parallax_layout_list&quot;:[],&quot;ang_container_spacing_size&quot;:&quot;default_padding&quot;}\">\n\t\t\t\t<div class=\"elementor-element elementor-element-9473d77 elementor-repeater-item-none elementor-repeater-item-none_hover elementor-widget elementor-widget-html\" data-id=\"9473d77\" data-element_type=\"widget\" aria-label=\"Trail running tours\" data-widget_type=\"html.default\">\n\t\t\t\t<div class=\"elementor-widget-container\">\n\t\t\t\t\t\n<script \n\tid=\"et4pages\" \n\ttype=\"text\/javascript\" \n\tsrc=\"https:\/\/pages.et4.de\/de\/grainau\/default\/search\/Tour\/category:%22Trailrunning%22\/hideSearchForm:1?i_target=et4pages\">\n<\/script>\t\t\t\t<\/div>\n\t\t\t\t<\/div>\n\t\t\t\t<\/div>\n\t\t\t\t\t<\/div>\n\t\t\t\t<\/div>\n\t\t\t\t<\/div>","protected":false},"excerpt":{"rendered":"<p>Einsame Trails, weiche Waldb\u00f6den, weite Blicke, blaue Seen&#8230; Sportlich ambitionierte G\u00e4ste k\u00f6nnen die abwechslungsreiche Landschaft rund um Grainau und die Zugspitze auf vielseitigen Trails entdecken. Das Streckennetz verbindet Talwege, Waldpfade und alpine Abschnitte zu unterschiedlichen Distanzen und Schwierigkeitsgraden. Voraussetzungen Trailrunning setzt regelm\u00e4\u00dfige Lauferfahrung sowie Sicherheit auf wechselndem Untergrund voraus. Einsteiger sollten ihr Tempo moderat w\u00e4hlen [&hellip;]<\/p>","protected":false},"author":1,"featured_media":49192,"parent":0,"menu_order":0,"comment_status":"closed","ping_status":"closed","template":"","meta":{"iawp_total_views":1555,"footnotes":""},"categories":[],"tags":[],"class_list":["post-39243","page","type-page","status-publish","has-post-thumbnail","hentry"],"yoast_head":"<!-- This site is optimized with the Yoast SEO plugin v26.8 - https:\/\/yoast.com\/product\/yoast-seo-wordpress\/ -->\n<title>Trailrunning - Zugspitzdorf Grainau<\/title>\n<meta name=\"description\" content=\"Entdecken Sie die besten Trailrunning-Strecken in Grainau: abwechslungsreiche Trails, anspruchsvolle Anstiege und atemberaubende Landschaften f\u00fcr L\u00e4ufer aller Levels.\" \/>\n<meta name=\"robots\" content=\"index, follow, max-snippet:-1, max-image-preview:large, max-video-preview:-1\" \/>\n<link rel=\"canonical\" href=\"https:\/\/www.grainau.de\/en\/trailrunning\/\" \/>\n<meta property=\"og:locale\" content=\"en_US\" \/>\n<meta property=\"og:type\" content=\"article\" \/>\n<meta property=\"og:title\" content=\"Trailrunning - Zugspitzdorf Grainau\" \/>\n<meta property=\"og:description\" content=\"Entdecken Sie die besten Trailrunning-Strecken in Grainau: abwechslungsreiche Trails, anspruchsvolle Anstiege und atemberaubende Landschaften f\u00fcr L\u00e4ufer aller Levels.\" \/>\n<meta property=\"og:url\" content=\"https:\/\/www.grainau.de\/en\/trailrunning\/\" \/>\n<meta property=\"og:site_name\" content=\"Zugspitzdorf Grainau\" \/>\n<meta property=\"article:modified_time\" content=\"2026-02-27T10:33:44+00:00\" \/>\n<meta property=\"og:image\" content=\"https:\/\/www.grainau.de\/wp-content\/uploads\/2026\/02\/Sommer2025\u00a9Zugspitzdorf-Grainau-Wolfgang-Ehn-77-scaled.jpg\" \/>\n\t<meta property=\"og:image:width\" content=\"2048\" \/>\n\t<meta property=\"og:image:height\" content=\"1080\" \/>\n\t<meta property=\"og:image:type\" content=\"image\/jpeg\" \/>\n<meta name=\"twitter:card\" content=\"summary_large_image\" \/>\n<meta name=\"twitter:label1\" content=\"Est. reading time\" \/>\n\t<meta name=\"twitter:data1\" content=\"2 minutes\" \/>\n<script type=\"application\/ld+json\" class=\"yoast-schema-graph\">{\"@context\":\"https:\/\/schema.org\",\"@graph\":[{\"@type\":\"WebPage\",\"@id\":\"https:\/\/www.grainau.de\/trailrunning\/\",\"url\":\"https:\/\/www.grainau.de\/trailrunning\/\",\"name\":\"Trailrunning - Zugspitzdorf Grainau\",\"isPartOf\":{\"@id\":\"https:\/\/www.grainau.de\/#website\"},\"primaryImageOfPage\":{\"@id\":\"https:\/\/www.grainau.de\/trailrunning\/#primaryimage\"},\"image\":{\"@id\":\"https:\/\/www.grainau.de\/trailrunning\/#primaryimage\"},\"thumbnailUrl\":\"https:\/\/www.grainau.de\/wp-content\/uploads\/2026\/02\/Sommer2025\u00a9Zugspitzdorf-Grainau-Wolfgang-Ehn-77-scaled.jpg\",\"datePublished\":\"2024-12-10T22:58:34+00:00\",\"dateModified\":\"2026-02-27T10:33:44+00:00\",\"description\":\"Entdecken Sie die besten Trailrunning-Strecken in Grainau: abwechslungsreiche Trails, anspruchsvolle Anstiege und atemberaubende Landschaften f\u00fcr L\u00e4ufer aller Levels.\",\"breadcrumb\":{\"@id\":\"https:\/\/www.grainau.de\/trailrunning\/#breadcrumb\"},\"inLanguage\":\"en-US\",\"potentialAction\":[{\"@type\":\"ReadAction\",\"target\":[\"https:\/\/www.grainau.de\/trailrunning\/\"]}]},{\"@type\":\"ImageObject\",\"inLanguage\":\"en-US\",\"@id\":\"https:\/\/www.grainau.de\/trailrunning\/#primaryimage\",\"url\":\"https:\/\/www.grainau.de\/wp-content\/uploads\/2026\/02\/Sommer2025\u00a9Zugspitzdorf-Grainau-Wolfgang-Ehn-77-scaled.jpg\",\"contentUrl\":\"https:\/\/www.grainau.de\/wp-content\/uploads\/2026\/02\/Sommer2025\u00a9Zugspitzdorf-Grainau-Wolfgang-Ehn-77-scaled.jpg\",\"width\":2048,\"height\":1080,\"caption\":\"Trailrunning in Grainau \u2013 L\u00e4ufer auf Wiese im Hintergrund Waxensteine und Zugspitze\"},{\"@type\":\"BreadcrumbList\",\"@id\":\"https:\/\/www.grainau.de\/trailrunning\/#breadcrumb\",\"itemListElement\":[{\"@type\":\"ListItem\",\"position\":1,\"name\":\"Home\",\"item\":\"https:\/\/www.grainau.de\/\"},{\"@type\":\"ListItem\",\"position\":2,\"name\":\"Trailrunning\"}]},{\"@type\":\"WebSite\",\"@id\":\"https:\/\/www.grainau.de\/#website\",\"url\":\"https:\/\/www.grainau.de\/\",\"name\":\"Zugspitzdorf Grainau\",\"description\":\"\",\"publisher\":{\"@id\":\"https:\/\/www.grainau.de\/#organization\"},\"potentialAction\":[{\"@type\":\"SearchAction\",\"target\":{\"@type\":\"EntryPoint\",\"urlTemplate\":\"https:\/\/www.grainau.de\/?s={search_term_string}\"},\"query-input\":{\"@type\":\"PropertyValueSpecification\",\"valueRequired\":true,\"valueName\":\"search_term_string\"}}],\"inLanguage\":\"en-US\"},{\"@type\":\"Organization\",\"@id\":\"https:\/\/www.grainau.de\/#organization\",\"name\":\"Zugspitzdorf Grainau\",\"url\":\"https:\/\/www.grainau.de\/\",\"logo\":{\"@type\":\"ImageObject\",\"inLanguage\":\"en-US\",\"@id\":\"https:\/\/www.grainau.de\/#\/schema\/logo\/image\/\",\"url\":\"\",\"contentUrl\":\"\",\"caption\":\"Zugspitzdorf Grainau\"},\"image\":{\"@id\":\"https:\/\/www.grainau.de\/#\/schema\/logo\/image\/\"}}]}<\/script>\n<!-- \/ Yoast SEO plugin. -->","yoast_head_json":{"title":"Trail running - Zugspitzdorf Grainau","description":"Discover the best trail running routes in Grainau: varied trails, challenging climbs and breathtaking landscapes for runners of all levels.","robots":{"index":"index","follow":"follow","max-snippet":"max-snippet:-1","max-image-preview":"max-image-preview:large","max-video-preview":"max-video-preview:-1"},"canonical":"https:\/\/www.grainau.de\/en\/trailrunning\/","og_locale":"en_US","og_type":"article","og_title":"Trailrunning - Zugspitzdorf Grainau","og_description":"Entdecken Sie die besten Trailrunning-Strecken in Grainau: abwechslungsreiche Trails, anspruchsvolle Anstiege und atemberaubende Landschaften f\u00fcr L\u00e4ufer aller Levels.","og_url":"https:\/\/www.grainau.de\/en\/trailrunning\/","og_site_name":"Zugspitzdorf Grainau","article_modified_time":"2026-02-27T10:33:44+00:00","og_image":[{"width":2048,"height":1080,"url":"https:\/\/www.grainau.de\/wp-content\/uploads\/2026\/02\/Sommer2025\u00a9Zugspitzdorf-Grainau-Wolfgang-Ehn-77-scaled.jpg","type":"image\/jpeg"}],"twitter_card":"summary_large_image","twitter_misc":{"Est. reading time":"2 minutes"},"schema":{"@context":"https:\/\/schema.org","@graph":[{"@type":"WebPage","@id":"https:\/\/www.grainau.de\/trailrunning\/","url":"https:\/\/www.grainau.de\/trailrunning\/","name":"Trail running - Zugspitzdorf Grainau","isPartOf":{"@id":"https:\/\/www.grainau.de\/#website"},"primaryImageOfPage":{"@id":"https:\/\/www.grainau.de\/trailrunning\/#primaryimage"},"image":{"@id":"https:\/\/www.grainau.de\/trailrunning\/#primaryimage"},"thumbnailUrl":"https:\/\/www.grainau.de\/wp-content\/uploads\/2026\/02\/Sommer2025\u00a9Zugspitzdorf-Grainau-Wolfgang-Ehn-77-scaled.jpg","datePublished":"2024-12-10T22:58:34+00:00","dateModified":"2026-02-27T10:33:44+00:00","description":"Discover the best trail running routes in Grainau: varied trails, challenging climbs and breathtaking landscapes for runners of all levels.","breadcrumb":{"@id":"https:\/\/www.grainau.de\/trailrunning\/#breadcrumb"},"inLanguage":"en-US","potentialAction":[{"@type":"ReadAction","target":["https:\/\/www.grainau.de\/trailrunning\/"]}]},{"@type":"ImageObject","inLanguage":"en-US","@id":"https:\/\/www.grainau.de\/trailrunning\/#primaryimage","url":"https:\/\/www.grainau.de\/wp-content\/uploads\/2026\/02\/Sommer2025\u00a9Zugspitzdorf-Grainau-Wolfgang-Ehn-77-scaled.jpg","contentUrl":"https:\/\/www.grainau.de\/wp-content\/uploads\/2026\/02\/Sommer2025\u00a9Zugspitzdorf-Grainau-Wolfgang-Ehn-77-scaled.jpg","width":2048,"height":1080,"caption":"Trailrunning in Grainau \u2013 L\u00e4ufer auf Wiese im Hintergrund Waxensteine und Zugspitze"},{"@type":"BreadcrumbList","@id":"https:\/\/www.grainau.de\/trailrunning\/#breadcrumb","itemListElement":[{"@type":"ListItem","position":1,"name":"Home","item":"https:\/\/www.grainau.de\/"},{"@type":"ListItem","position":2,"name":"Trailrunning"}]},{"@type":"WebSite","@id":"https:\/\/www.grainau.de\/#website","url":"https:\/\/www.grainau.de\/","name":"Zugspitz village Grainau","description":"","publisher":{"@id":"https:\/\/www.grainau.de\/#organization"},"potentialAction":[{"@type":"SearchAction","target":{"@type":"EntryPoint","urlTemplate":"https:\/\/www.grainau.de\/?s={search_term_string}"},"query-input":{"@type":"PropertyValueSpecification","valueRequired":true,"valueName":"search_term_string"}}],"inLanguage":"en-US"},{"@type":"Organization","@id":"https:\/\/www.grainau.de\/#organization","name":"Zugspitz village Grainau","url":"https:\/\/www.grainau.de\/","logo":{"@type":"ImageObject","inLanguage":"en-US","@id":"https:\/\/www.grainau.de\/#\/schema\/logo\/image\/","url":"","contentUrl":"","caption":"Zugspitzdorf Grainau"},"image":{"@id":"https:\/\/www.grainau.de\/#\/schema\/logo\/image\/"}}]}},"_links":{"self":[{"href":"https:\/\/www.grainau.de\/en\/wp-json\/wp\/v2\/pages\/39243","targetHints":{"allow":["GET"]}}],"collection":[{"href":"https:\/\/www.grainau.de\/en\/wp-json\/wp\/v2\/pages"}],"about":[{"href":"https:\/\/www.grainau.de\/en\/wp-json\/wp\/v2\/types\/page"}],"author":[{"embeddable":true,"href":"https:\/\/www.grainau.de\/en\/wp-json\/wp\/v2\/users\/1"}],"replies":[{"embeddable":true,"href":"https:\/\/www.grainau.de\/en\/wp-json\/wp\/v2\/comments?post=39243"}],"version-history":[{"count":10,"href":"https:\/\/www.grainau.de\/en\/wp-json\/wp\/v2\/pages\/39243\/revisions"}],"predecessor-version":[{"id":49216,"href":"https:\/\/www.grainau.de\/en\/wp-json\/wp\/v2\/pages\/39243\/revisions\/49216"}],"wp:featuredmedia":[{"embeddable":true,"href":"https:\/\/www.grainau.de\/en\/wp-json\/wp\/v2\/media\/49192"}],"wp:attachment":[{"href":"https:\/\/www.grainau.de\/en\/wp-json\/wp\/v2\/media?parent=39243"}],"wp:term":[{"taxonomy":"category","embeddable":true,"href":"https:\/\/www.grainau.de\/en\/wp-json\/wp\/v2\/categories?post=39243"},{"taxonomy":"post_tag","embeddable":true,"href":"https:\/\/www.grainau.de\/en\/wp-json\/wp\/v2\/tags?post=39243"}],"curies":[{"name":"wp","href":"https:\/\/api.w.org\/{rel}","templated":true}]}}