{"id":39245,"date":"2024-12-10T23:59:02","date_gmt":"2024-12-10T22:59:02","guid":{"rendered":"https:\/\/grainau-tourismus.gemeinde-entwickler.de\/?page_id=39245"},"modified":"2025-08-01T08:56:04","modified_gmt":"2025-08-01T06:56:04","slug":"tennis","status":"publish","type":"page","link":"https:\/\/www.grainau.de\/en\/tennis\/","title":{"rendered":"Tennis"},"content":{"rendered":"<div data-elementor-type=\"wp-page\" data-elementor-id=\"39245\" class=\"elementor elementor-39245\" data-elementor-post-type=\"page\">\n\t\t\t\t<div class=\"elementor-element elementor-element-8234d7b elementor-repeater-item-ang_container_padding_3 sk-dark-bg e-flex e-con-boxed elementor-repeater-item-none elementor-repeater-item-none_hover e-con e-parent\" data-id=\"8234d7b\" data-element_type=\"container\" data-e-type=\"container\" data-settings=\"{&quot;jet_parallax_layout_list&quot;:[],&quot;background_background&quot;:&quot;classic&quot;,&quot;ang_container_spacing_size&quot;:&quot;ang_container_padding_3&quot;}\">\n\t\t\t\t\t<div class=\"e-con-inner\">\n\t\t<div class=\"elementor-element elementor-element-519c618 e-con-full elementor-repeater-item-ang_container_padding_4 elementor-repeater-item-shadow_2 sk-light-bg e-flex elementor-repeater-item-none_hover elementor-invisible e-con e-child\" data-id=\"519c618\" data-element_type=\"container\" data-e-type=\"container\" data-settings=\"{&quot;ang_container_spacing_size&quot;:&quot;ang_container_padding_4&quot;,&quot;background_background&quot;:&quot;classic&quot;,&quot;jet_parallax_layout_list&quot;:[],&quot;animation&quot;:&quot;fadeInLeft&quot;}\">\n\t\t\t\t<div class=\"elementor-element elementor-element-7e0c306 elementor-widget__width-inherit elementor-repeater-item-none elementor-repeater-item-none_hover elementor-widget elementor-widget-heading\" data-id=\"7e0c306\" data-element_type=\"widget\" data-e-type=\"widget\" data-widget_type=\"heading.default\">\n\t\t\t\t<div class=\"elementor-widget-container\">\n\t\t\t\t\t<h3 class=\"elementor-heading-title elementor-size-default\">Game, set, match<\/h3>\t\t\t\t<\/div>\n\t\t\t\t<\/div>\n\t\t\t\t<div class=\"elementor-element elementor-element-9ddd18f elementor-widget__width-inherit elementor-repeater-item-none elementor-repeater-item-none_hover elementor-widget elementor-widget-text-editor\" data-id=\"9ddd18f\" data-element_type=\"widget\" data-e-type=\"widget\" data-widget_type=\"text-editor.default\">\n\t\t\t\t<div class=\"elementor-widget-container\">\n\t\t\t\t\t\t\t\t\t<p><b>The facility of the Grainau-Zugspitze tennis paradise<\/b>\u00a0is located at the end of Grainau, right at the foot of the Zugspitze. The mountains are within easy reach and you can enjoy the magnificent panorama in peace. A total of 7 well-maintained clay courts await you, four of which are available to TC Eibsee-Grainau. The courts are open (depending on the weather) from May to November. For the tennis kids there is also a ball wall with a small court net for practicing. The cozy tennis hut provides refreshments after the sporting fun.<\/p>\n<p>Of course\u00a0<b>Guests\u00a0<\/b>in the tennis paradise Grainau-Zugspitze, just try a tennis taster lesson or show your skills at one of the guest tournaments!<br \/><br \/>The\u00a0<b>Tennis school Christian Sporer<\/b>\u00a0there offers year-round individual and group lessons, children's or vacation courses for young and old from 4 to 88 years, weekend and weekly packages, team and tournament training, organization of training camps and tournaments.<\/p>\t\t\t\t\t\t\t\t<\/div>\n\t\t\t\t<\/div>\n\t\t\t\t<\/div>\n\t\t<div class=\"elementor-element elementor-element-0d66fb3 e-con-full elementor-repeater-item-ang_container_padding_4 elementor-repeater-item-shadow_2 sk-light-bg e-flex elementor-repeater-item-none_hover elementor-invisible e-con e-child\" data-id=\"0d66fb3\" data-element_type=\"container\" data-e-type=\"container\" data-settings=\"{&quot;ang_container_spacing_size&quot;:&quot;ang_container_padding_4&quot;,&quot;background_background&quot;:&quot;classic&quot;,&quot;jet_parallax_layout_list&quot;:[],&quot;animation&quot;:&quot;fadeInLeft&quot;}\">\n\t\t<div class=\"elementor-element elementor-element-cb5af2b e-con-full e-flex elementor-repeater-item-default_padding elementor-repeater-item-none elementor-repeater-item-none_hover e-con e-child\" data-id=\"cb5af2b\" data-element_type=\"container\" data-e-type=\"container\" data-settings=\"{&quot;jet_parallax_layout_list&quot;:[],&quot;ang_container_spacing_size&quot;:&quot;default_padding&quot;}\">\n\t\t\t\t<div class=\"elementor-element elementor-element-f2cc5c6 elementor-widget__width-inherit elementor-repeater-item-none elementor-repeater-item-none_hover elementor-widget elementor-widget-heading\" data-id=\"f2cc5c6\" data-element_type=\"widget\" data-e-type=\"widget\" data-widget_type=\"heading.default\">\n\t\t\t\t<div class=\"elementor-widget-container\">\n\t\t\t\t\t<h4 class=\"elementor-heading-title elementor-size-default\">Tennis paradise Grainau-Zugspitze\nwith tennis school Christian Sporer<\/h4>\t\t\t\t<\/div>\n\t\t\t\t<\/div>\n\t\t\t\t<\/div>\n\t\t<div class=\"elementor-element elementor-element-b37b311 e-con-full e-flex elementor-repeater-item-default_padding elementor-repeater-item-none elementor-repeater-item-none_hover e-con e-child\" data-id=\"b37b311\" data-element_type=\"container\" data-e-type=\"container\" data-settings=\"{&quot;jet_parallax_layout_list&quot;:[],&quot;ang_container_spacing_size&quot;:&quot;default_padding&quot;}\">\n\t\t\t\t<div class=\"elementor-element elementor-element-01963c8 elementor-icon-list--layout-traditional elementor-list-item-link-full_width elementor-repeater-item-none elementor-repeater-item-none_hover elementor-widget elementor-widget-icon-list\" data-id=\"01963c8\" data-element_type=\"widget\" data-e-type=\"widget\" data-widget_type=\"icon-list.default\">\n\t\t\t\t<div class=\"elementor-widget-container\">\n\t\t\t\t\t\t\t<ul class=\"elementor-icon-list-items\">\n\t\t\t\t\t\t\t<li class=\"elementor-icon-list-item\">\n\t\t\t\t\t\t\t\t\t\t\t<span class=\"elementor-icon-list-icon\">\n\t\t\t\t\t\t\t<i aria-hidden=\"true\" class=\"fas fa-map-marker-alt\"><\/i>\t\t\t\t\t\t<\/span>\n\t\t\t\t\t\t\t\t\t\t<span class=\"elementor-icon-list-text\">Eibseestr. 65, 82491 Grainau<\/span>\n\t\t\t\t\t\t\t\t\t<\/li>\n\t\t\t\t\t\t\t\t<li class=\"elementor-icon-list-item\">\n\t\t\t\t\t\t\t\t\t\t\t<a href=\"http:\/\/www.tennissportparadies.de\" target=\"_blank\" rel=\"noopener noreferrer nofollow\">\n\n\t\t\t\t\t\t\t\t\t\t\t\t<span class=\"elementor-icon-list-icon\">\n\t\t\t\t\t\t\t<i aria-hidden=\"true\" class=\"fas fa-desktop\"><\/i>\t\t\t\t\t\t<\/span>\n\t\t\t\t\t\t\t\t\t\t<span class=\"elementor-icon-list-text\">www.tennissportparadies.de<\/span>\n\t\t\t\t\t\t\t\t\t\t\t<\/a>\n\t\t\t\t\t\t\t\t\t<\/li>\n\t\t\t\t\t\t<\/ul>\n\t\t\t\t\t\t<\/div>\n\t\t\t\t<\/div>\n\t\t\t\t<\/div>\n\t\t\t\t<\/div>\n\t\t\t\t\t<\/div>\n\t\t\t\t<\/div>\n\t\t\t\t<\/div>","protected":false},"excerpt":{"rendered":"<p>Spiel, Satz, Sieg Die Anlage des Tennissportparadies Grainau-Zugspitze\u00a0liegt am Ortsende von Grainau, direkt am Fu\u00dfe der Zugspitze. Sie haben beim Tennis die Berge in Reichweite und k\u00f6nnen in Ruhe das gewaltige Panorama genie\u00dfen. Zum Spiel erwarten Sie insgesamt 7 gepflegte Sandpl\u00e4tze, vier davon stehen dem TC Eibsee-Grainau zur Verf\u00fcgung. Die Pl\u00e4tze sind (je nach Wetterlage) [&hellip;]<\/p>\n","protected":false},"author":1,"featured_media":0,"parent":0,"menu_order":0,"comment_status":"closed","ping_status":"closed","template":"","meta":{"iawp_total_views":190,"footnotes":""},"categories":[],"tags":[],"class_list":["post-39245","page","type-page","status-publish","hentry"],"yoast_head":"<!-- This site is optimized with the Yoast SEO plugin v27.3 - https:\/\/yoast.com\/product\/yoast-seo-wordpress\/ -->\n<title>Tennis - Zugspitzdorf Grainau<\/title>\n<meta name=\"description\" content=\"Genie\u00dfen Sie Tennis in Grainau mit gepflegten Pl\u00e4tzen und traumhafter Bergkulisse \u2013 ideal f\u00fcr Anf\u00e4nger und erfahrene Spieler.\" \/>\n<meta name=\"robots\" content=\"index, follow, max-snippet:-1, max-image-preview:large, max-video-preview:-1\" \/>\n<link rel=\"canonical\" href=\"https:\/\/www.grainau.de\/en\/tennis\/\" \/>\n<meta property=\"og:locale\" content=\"en_US\" \/>\n<meta property=\"og:type\" content=\"article\" \/>\n<meta property=\"og:title\" content=\"Tennis - Zugspitzdorf Grainau\" \/>\n<meta property=\"og:description\" content=\"Genie\u00dfen Sie Tennis in Grainau mit gepflegten Pl\u00e4tzen und traumhafter Bergkulisse \u2013 ideal f\u00fcr Anf\u00e4nger und erfahrene Spieler.\" \/>\n<meta property=\"og:url\" content=\"https:\/\/www.grainau.de\/en\/tennis\/\" \/>\n<meta property=\"og:site_name\" content=\"Zugspitzdorf Grainau\" \/>\n<meta property=\"article:modified_time\" content=\"2025-08-01T06:56:04+00:00\" \/>\n<meta name=\"twitter:card\" content=\"summary_large_image\" \/>\n<meta name=\"twitter:label1\" content=\"Est. reading time\" \/>\n\t<meta name=\"twitter:data1\" content=\"1 minute\" \/>\n<script type=\"application\/ld+json\" class=\"yoast-schema-graph\">{\"@context\":\"https:\\\/\\\/schema.org\",\"@graph\":[{\"@type\":\"WebPage\",\"@id\":\"https:\\\/\\\/www.grainau.de\\\/tennis\\\/\",\"url\":\"https:\\\/\\\/www.grainau.de\\\/tennis\\\/\",\"name\":\"Tennis - Zugspitzdorf Grainau\",\"isPartOf\":{\"@id\":\"https:\\\/\\\/www.grainau.de\\\/#website\"},\"datePublished\":\"2024-12-10T22:59:02+00:00\",\"dateModified\":\"2025-08-01T06:56:04+00:00\",\"description\":\"Genie\u00dfen Sie Tennis in Grainau mit gepflegten Pl\u00e4tzen und traumhafter Bergkulisse \u2013 ideal f\u00fcr Anf\u00e4nger und erfahrene Spieler.\",\"breadcrumb\":{\"@id\":\"https:\\\/\\\/www.grainau.de\\\/tennis\\\/#breadcrumb\"},\"inLanguage\":\"en-US\",\"potentialAction\":[{\"@type\":\"ReadAction\",\"target\":[\"https:\\\/\\\/www.grainau.de\\\/tennis\\\/\"]}]},{\"@type\":\"BreadcrumbList\",\"@id\":\"https:\\\/\\\/www.grainau.de\\\/tennis\\\/#breadcrumb\",\"itemListElement\":[{\"@type\":\"ListItem\",\"position\":1,\"name\":\"Home\",\"item\":\"https:\\\/\\\/www.grainau.de\\\/\"},{\"@type\":\"ListItem\",\"position\":2,\"name\":\"Tennis\"}]},{\"@type\":\"WebSite\",\"@id\":\"https:\\\/\\\/www.grainau.de\\\/#website\",\"url\":\"https:\\\/\\\/www.grainau.de\\\/\",\"name\":\"Zugspitzdorf Grainau\",\"description\":\"\",\"publisher\":{\"@id\":\"https:\\\/\\\/www.grainau.de\\\/#organization\"},\"potentialAction\":[{\"@type\":\"SearchAction\",\"target\":{\"@type\":\"EntryPoint\",\"urlTemplate\":\"https:\\\/\\\/www.grainau.de\\\/?s={search_term_string}\"},\"query-input\":{\"@type\":\"PropertyValueSpecification\",\"valueRequired\":true,\"valueName\":\"search_term_string\"}}],\"inLanguage\":\"en-US\"},{\"@type\":\"Organization\",\"@id\":\"https:\\\/\\\/www.grainau.de\\\/#organization\",\"name\":\"Zugspitzdorf Grainau\",\"url\":\"https:\\\/\\\/www.grainau.de\\\/\",\"logo\":{\"@type\":\"ImageObject\",\"inLanguage\":\"en-US\",\"@id\":\"https:\\\/\\\/www.grainau.de\\\/#\\\/schema\\\/logo\\\/image\\\/\",\"url\":\"\",\"contentUrl\":\"\",\"caption\":\"Zugspitzdorf Grainau\"},\"image\":{\"@id\":\"https:\\\/\\\/www.grainau.de\\\/#\\\/schema\\\/logo\\\/image\\\/\"}}]}<\/script>\n<!-- \/ Yoast SEO plugin. -->","yoast_head_json":{"title":"Tennis - Zugspitzdorf Grainau","description":"Enjoy tennis in Grainau with well-maintained courts and a fantastic mountain backdrop - ideal for beginners and experienced players.","robots":{"index":"index","follow":"follow","max-snippet":"max-snippet:-1","max-image-preview":"max-image-preview:large","max-video-preview":"max-video-preview:-1"},"canonical":"https:\/\/www.grainau.de\/en\/tennis\/","og_locale":"en_US","og_type":"article","og_title":"Tennis - Zugspitzdorf Grainau","og_description":"Genie\u00dfen Sie Tennis in Grainau mit gepflegten Pl\u00e4tzen und traumhafter Bergkulisse \u2013 ideal f\u00fcr Anf\u00e4nger und erfahrene Spieler.","og_url":"https:\/\/www.grainau.de\/en\/tennis\/","og_site_name":"Zugspitzdorf Grainau","article_modified_time":"2025-08-01T06:56:04+00:00","twitter_card":"summary_large_image","twitter_misc":{"Est. reading time":"1 minute"},"schema":{"@context":"https:\/\/schema.org","@graph":[{"@type":"WebPage","@id":"https:\/\/www.grainau.de\/tennis\/","url":"https:\/\/www.grainau.de\/tennis\/","name":"Tennis - Zugspitzdorf Grainau","isPartOf":{"@id":"https:\/\/www.grainau.de\/#website"},"datePublished":"2024-12-10T22:59:02+00:00","dateModified":"2025-08-01T06:56:04+00:00","description":"Enjoy tennis in Grainau with well-maintained courts and a fantastic mountain backdrop - ideal for beginners and experienced players.","breadcrumb":{"@id":"https:\/\/www.grainau.de\/tennis\/#breadcrumb"},"inLanguage":"en-US","potentialAction":[{"@type":"ReadAction","target":["https:\/\/www.grainau.de\/tennis\/"]}]},{"@type":"BreadcrumbList","@id":"https:\/\/www.grainau.de\/tennis\/#breadcrumb","itemListElement":[{"@type":"ListItem","position":1,"name":"Home","item":"https:\/\/www.grainau.de\/"},{"@type":"ListItem","position":2,"name":"Tennis"}]},{"@type":"WebSite","@id":"https:\/\/www.grainau.de\/#website","url":"https:\/\/www.grainau.de\/","name":"Zugspitz village Grainau","description":"","publisher":{"@id":"https:\/\/www.grainau.de\/#organization"},"potentialAction":[{"@type":"SearchAction","target":{"@type":"EntryPoint","urlTemplate":"https:\/\/www.grainau.de\/?s={search_term_string}"},"query-input":{"@type":"PropertyValueSpecification","valueRequired":true,"valueName":"search_term_string"}}],"inLanguage":"en-US"},{"@type":"Organization","@id":"https:\/\/www.grainau.de\/#organization","name":"Zugspitz village Grainau","url":"https:\/\/www.grainau.de\/","logo":{"@type":"ImageObject","inLanguage":"en-US","@id":"https:\/\/www.grainau.de\/#\/schema\/logo\/image\/","url":"","contentUrl":"","caption":"Zugspitzdorf Grainau"},"image":{"@id":"https:\/\/www.grainau.de\/#\/schema\/logo\/image\/"}}]}},"_links":{"self":[{"href":"https:\/\/www.grainau.de\/en\/wp-json\/wp\/v2\/pages\/39245","targetHints":{"allow":["GET"]}}],"collection":[{"href":"https:\/\/www.grainau.de\/en\/wp-json\/wp\/v2\/pages"}],"about":[{"href":"https:\/\/www.grainau.de\/en\/wp-json\/wp\/v2\/types\/page"}],"author":[{"embeddable":true,"href":"https:\/\/www.grainau.de\/en\/wp-json\/wp\/v2\/users\/1"}],"replies":[{"embeddable":true,"href":"https:\/\/www.grainau.de\/en\/wp-json\/wp\/v2\/comments?post=39245"}],"version-history":[{"count":10,"href":"https:\/\/www.grainau.de\/en\/wp-json\/wp\/v2\/pages\/39245\/revisions"}],"predecessor-version":[{"id":42469,"href":"https:\/\/www.grainau.de\/en\/wp-json\/wp\/v2\/pages\/39245\/revisions\/42469"}],"wp:attachment":[{"href":"https:\/\/www.grainau.de\/en\/wp-json\/wp\/v2\/media?parent=39245"}],"wp:term":[{"taxonomy":"category","embeddable":true,"href":"https:\/\/www.grainau.de\/en\/wp-json\/wp\/v2\/categories?post=39245"},{"taxonomy":"post_tag","embeddable":true,"href":"https:\/\/www.grainau.de\/en\/wp-json\/wp\/v2\/tags?post=39245"}],"curies":[{"name":"wp","href":"https:\/\/api.w.org\/{rel}","templated":true}]}}