{"id":39273,"date":"2024-12-11T00:04:01","date_gmt":"2024-12-10T23:04:01","guid":{"rendered":"https:\/\/grainau-tourismus.gemeinde-entwickler.de\/?page_id=39273"},"modified":"2026-02-24T09:17:58","modified_gmt":"2026-02-24T08:17:58","slug":"winterwandern","status":"publish","type":"page","link":"https:\/\/www.grainau.de\/en\/winterwandern\/","title":{"rendered":"Winter hiking"},"content":{"rendered":"<div data-elementor-type=\"wp-page\" data-elementor-id=\"39273\" class=\"elementor elementor-39273\" data-elementor-post-type=\"page\">\n\t\t\t\t<div class=\"elementor-element elementor-element-b970dde elementor-repeater-item-ang_container_padding_3 sk-dark-bg e-flex e-con-boxed elementor-repeater-item-none elementor-repeater-item-none_hover e-con e-parent\" data-id=\"b970dde\" data-element_type=\"container\" data-e-type=\"container\" data-settings=\"{&quot;jet_parallax_layout_list&quot;:[],&quot;background_background&quot;:&quot;classic&quot;,&quot;ang_container_spacing_size&quot;:&quot;ang_container_padding_3&quot;}\">\n\t\t\t\t\t<div class=\"e-con-inner\">\n\t\t\t\t<div class=\"elementor-element elementor-element-dcd4c12 elementor-widget__width-inherit elementor-repeater-item-none elementor-repeater-item-none_hover elementor-widget elementor-widget-jet-engine-component-36289\" data-id=\"dcd4c12\" data-element_type=\"widget\" data-e-type=\"widget\" data-widget_type=\"jet-engine-component-36289.default\">\n\t\t\t\t<div class=\"elementor-widget-container\">\n\t\t\t\t\t<style>.elementor-36289 .elementor-element.elementor-element-9c0c1c7{--display:flex;--flex-direction:row;--container-widget-width:initial;--container-widget-height:100%;--container-widget-flex-grow:1;--container-widget-align-self:stretch;--flex-wrap-mobile:wrap;--flex-wrap:wrap;--border-radius:20px 20px 20px 20px;box-shadow:0px 0px 10px 0px rgba(0, 0, 0, 0.1);}.elementor-36289 .elementor-element.elementor-element-d306cf9{font-family:var( --e-global-typography-sk_type_11-font-family ), Sans-serif;font-size:var( --e-global-typography-sk_type_11-font-size );font-weight:var( --e-global-typography-sk_type_11-font-weight );text-transform:var( --e-global-typography-sk_type_11-text-transform );font-style:var( --e-global-typography-sk_type_11-font-style );text-decoration:var( --e-global-typography-sk_type_11-text-decoration );line-height:var( --e-global-typography-sk_type_11-line-height );letter-spacing:var( --e-global-typography-sk_type_11-letter-spacing );word-spacing:var( --e-global-typography-sk_type_11-word-spacing );}.jet-listing-item.single-jet-engine.elementor-page-36289{--ang-classes-border:rgba(79, 122, 233, 0.58);--ang-classes-label:#406DE1;--ang-css-border:rgba(211, 0, 0, 0.35);}@media(max-width:1024px){.elementor-36289 .elementor-element.elementor-element-d306cf9{font-size:var( --e-global-typography-sk_type_11-font-size );line-height:var( --e-global-typography-sk_type_11-line-height );letter-spacing:var( --e-global-typography-sk_type_11-letter-spacing );word-spacing:var( --e-global-typography-sk_type_11-word-spacing );}}@media(max-width:767px){.elementor-36289 .elementor-element.elementor-element-d306cf9{font-size:var( --e-global-typography-sk_type_11-font-size );line-height:var( --e-global-typography-sk_type_11-line-height );letter-spacing:var( --e-global-typography-sk_type_11-letter-spacing );word-spacing:var( --e-global-typography-sk_type_11-word-spacing );}}<\/style>\t\t<div data-elementor-type=\"jet-engine-component\" data-elementor-id=\"36289\" class=\"elementor elementor-36289 jet-listing-grid--36289 jet-component-instance-8902\" data-elementor-post-type=\"jet-engine\" style=\"\">\n\t\t\t\t<div class=\"elementor-element elementor-element-9c0c1c7 elementor-repeater-item-ang_container_padding_3 e-con-full sk-light-bg e-flex elementor-repeater-item-none elementor-repeater-item-none_hover e-con e-parent\" data-id=\"9c0c1c7\" data-element_type=\"container\" data-e-type=\"container\" data-settings=\"{&quot;jet_parallax_layout_list&quot;:[],&quot;background_background&quot;:&quot;classic&quot;,&quot;ang_container_spacing_size&quot;:&quot;ang_container_padding_3&quot;}\">\n\t\t\t\t<div class=\"elementor-element elementor-element-d306cf9 elementor-repeater-item-none elementor-repeater-item-none_hover elementor-widget elementor-widget-text-editor\" data-id=\"d306cf9\" data-element_type=\"widget\" data-e-type=\"widget\" data-widget_type=\"text-editor.default\">\n\t\t\t\t<div class=\"elementor-widget-container\">\n\t\t\t\t\t\t\t\t\tThe unique landscape directly beneath the Zugspitze invites you to go on a winter hike. Listen to the crunching of the snow under your feet and enjoy the white winter landscape that glistens in the sun.\t\t\t\t\t\t\t\t<\/div>\n\t\t\t\t<\/div>\n\t\t\t\t<\/div>\n\t\t\t\t<\/div>\n\t\t\t\t\t\t<\/div>\n\t\t\t\t<\/div>\n\t\t\t\t<div class=\"elementor-element elementor-element-f1efc5b elementor-widget__width-inherit e-transform elementor-icon-list--layout-traditional elementor-list-item-link-full_width elementor-repeater-item-none elementor-repeater-item-none_hover elementor-widget elementor-widget-icon-list\" data-id=\"f1efc5b\" data-element_type=\"widget\" data-e-type=\"widget\" data-settings=\"{&quot;_transform_scale_effect_hover&quot;:{&quot;unit&quot;:&quot;px&quot;,&quot;size&quot;:1.015,&quot;sizes&quot;:[]},&quot;_transform_scale_effect_hover_tablet&quot;:{&quot;unit&quot;:&quot;px&quot;,&quot;size&quot;:&quot;&quot;,&quot;sizes&quot;:[]},&quot;_transform_scale_effect_hover_mobile&quot;:{&quot;unit&quot;:&quot;px&quot;,&quot;size&quot;:&quot;&quot;,&quot;sizes&quot;:[]}}\" data-widget_type=\"icon-list.default\">\n\t\t\t\t<div class=\"elementor-widget-container\">\n\t\t\t\t\t\t\t<ul class=\"elementor-icon-list-items\">\n\t\t\t\t\t\t\t<li class=\"elementor-icon-list-item\">\n\t\t\t\t\t\t\t\t\t\t\t<a href=\"\/wp-content\/uploads\/2026\/02\/Grainau_OPL_WI-09.2024-Druck.pdf\" target=\"_blank\">\n\n\t\t\t\t\t\t\t\t\t\t\t\t<span class=\"elementor-icon-list-icon\">\n\t\t\t\t\t\t\t<i aria-hidden=\"true\" class=\"fas fa-file-download\"><\/i>\t\t\t\t\t\t<\/span>\n\t\t\t\t\t\t\t\t\t\t<span class=\"elementor-icon-list-text\">Grainau winter map<\/span>\n\t\t\t\t\t\t\t\t\t\t\t<\/a>\n\t\t\t\t\t\t\t\t\t<\/li>\n\t\t\t\t\t\t<\/ul>\n\t\t\t\t\t\t<\/div>\n\t\t\t\t<\/div>\n\t\t\t\t<div class=\"elementor-element elementor-element-315a917 elementor-widget__width-inherit e-transform elementor-icon-list--layout-traditional elementor-list-item-link-full_width elementor-repeater-item-none elementor-repeater-item-none_hover elementor-widget elementor-widget-icon-list\" data-id=\"315a917\" data-element_type=\"widget\" data-e-type=\"widget\" data-settings=\"{&quot;_transform_scale_effect_hover&quot;:{&quot;unit&quot;:&quot;px&quot;,&quot;size&quot;:1.015,&quot;sizes&quot;:[]},&quot;_transform_scale_effect_hover_tablet&quot;:{&quot;unit&quot;:&quot;px&quot;,&quot;size&quot;:&quot;&quot;,&quot;sizes&quot;:[]},&quot;_transform_scale_effect_hover_mobile&quot;:{&quot;unit&quot;:&quot;px&quot;,&quot;size&quot;:&quot;&quot;,&quot;sizes&quot;:[]}}\" data-widget_type=\"icon-list.default\">\n\t\t\t\t<div class=\"elementor-widget-container\">\n\t\t\t\t\t\t\t<ul class=\"elementor-icon-list-items\">\n\t\t\t\t\t\t\t<li class=\"elementor-icon-list-item\">\n\t\t\t\t\t\t\t\t\t\t\t<a href=\"\/wp-content\/uploads\/2024\/12\/grainauer_wanderbuecherl_11_2022_web-1.pdf\" target=\"_blank\">\n\n\t\t\t\t\t\t\t\t\t\t\t\t<span class=\"elementor-icon-list-icon\">\n\t\t\t\t\t\t\t<i aria-hidden=\"true\" class=\"fas fa-file-download\"><\/i>\t\t\t\t\t\t<\/span>\n\t\t\t\t\t\t\t\t\t\t<span class=\"elementor-icon-list-text\">Grainau hiking books 2023<\/span>\n\t\t\t\t\t\t\t\t\t\t\t<\/a>\n\t\t\t\t\t\t\t\t\t<\/li>\n\t\t\t\t\t\t<\/ul>\n\t\t\t\t\t\t<\/div>\n\t\t\t\t<\/div>\n\t\t\t\t\t<\/div>\n\t\t\t\t<\/div>\n\t\t<div class=\"elementor-element elementor-element-ba0eb3c elementor-repeater-item-ang_container_padding_3 sk-dark-bg e-flex e-con-boxed elementor-repeater-item-none elementor-repeater-item-none_hover e-con e-parent\" data-id=\"ba0eb3c\" data-element_type=\"container\" data-e-type=\"container\" data-settings=\"{&quot;jet_parallax_layout_list&quot;:[],&quot;background_background&quot;:&quot;classic&quot;,&quot;ang_container_spacing_size&quot;:&quot;ang_container_padding_3&quot;}\">\n\t\t\t\t\t<div class=\"e-con-inner\">\n\t\t\t\t<div class=\"elementor-element elementor-element-416db86 elementor-widget__width-inherit elementor-repeater-item-none elementor-repeater-item-none_hover elementor-widget elementor-widget-heading\" data-id=\"416db86\" data-element_type=\"widget\" data-e-type=\"widget\" data-widget_type=\"heading.default\">\n\t\t\t\t<div class=\"elementor-widget-container\">\n\t\t\t\t\t<h3 class=\"elementor-heading-title elementor-size-default\">LOWA - Testcenter Zugspitzdorf Grainau<\/h3>\t\t\t\t<\/div>\n\t\t\t\t<\/div>\n\t\t\t\t<div class=\"elementor-element elementor-element-8d20dd5 elementor-repeater-item-none elementor-repeater-item-none_hover elementor-widget elementor-widget-jet-engine-component-35712\" data-id=\"8d20dd5\" data-element_type=\"widget\" data-e-type=\"widget\" data-widget_type=\"jet-engine-component-35712.default\">\n\t\t\t\t<div class=\"elementor-widget-container\">\n\t\t\t\t\t<style>.elementor-35712 .elementor-element.elementor-element-9d869f5{--display:flex;}.elementor-35712 .elementor-element.elementor-element-7058617 .elementor-button{font-family:var( --e-global-typography-sk_type_14-font-family ), Sans-serif;font-size:var( --e-global-typography-sk_type_14-font-size );font-weight:var( --e-global-typography-sk_type_14-font-weight );line-height:var( --e-global-typography-sk_type_14-line-height );letter-spacing:var( --e-global-typography-sk_type_14-letter-spacing );word-spacing:var( --e-global-typography-sk_type_14-word-spacing );fill:var( --e-global-color-sk_color_12 );color:var( --e-global-color-sk_color_12 );background-color:var( --e-global-color-sk_color_5 );border-style:solid;border-width:2px 2px 2px 2px;border-radius:80px 80px 80px 80px;padding:15px 20px 15px 20px;}.elementor-35712 .elementor-element.elementor-element-7058617 .elementor-button:hover, .elementor-35712 .elementor-element.elementor-element-7058617 .elementor-button:focus{color:var( --e-global-color-sk_color_5 );background-color:var( --e-global-color-sk_color_12 );border-color:var( --e-global-color-sk_color_5 );}.elementor-35712 .elementor-element.elementor-element-7058617 .elementor-button:hover svg, .elementor-35712 .elementor-element.elementor-element-7058617 .elementor-button:focus svg{fill:var( --e-global-color-sk_color_5 );}.elementor-35712 .elementor-element.elementor-element-7058617{width:auto;max-width:auto;}.jet-listing-item.single-jet-engine.elementor-page-35712{--ang-classes-border:rgba(79, 122, 233, 0.58);--ang-classes-label:#406DE1;--ang-css-border:rgba(211, 0, 0, 0.35);}@media(max-width:1024px){.elementor-35712 .elementor-element.elementor-element-7058617 .elementor-button{font-size:var( --e-global-typography-sk_type_14-font-size );line-height:var( --e-global-typography-sk_type_14-line-height );letter-spacing:var( --e-global-typography-sk_type_14-letter-spacing );word-spacing:var( --e-global-typography-sk_type_14-word-spacing );}}@media(max-width:767px){.elementor-35712 .elementor-element.elementor-element-7058617 .elementor-button{font-size:var( --e-global-typography-sk_type_14-font-size );line-height:var( --e-global-typography-sk_type_14-line-height );letter-spacing:var( --e-global-typography-sk_type_14-letter-spacing );word-spacing:var( --e-global-typography-sk_type_14-word-spacing );}}<\/style>\t\t<div data-elementor-type=\"jet-engine-component\" data-elementor-id=\"35712\" class=\"elementor elementor-35712 jet-listing-grid--35712 jet-component-instance-2057\" data-elementor-post-type=\"jet-engine\" style=\"\">\n\t\t\t\t<div class=\"elementor-element elementor-element-9d869f5 e-con-full e-flex elementor-repeater-item-default_padding elementor-repeater-item-none elementor-repeater-item-none_hover e-con e-parent\" data-id=\"9d869f5\" data-element_type=\"container\" data-e-type=\"container\" data-settings=\"{&quot;jet_parallax_layout_list&quot;:[],&quot;ang_container_spacing_size&quot;:&quot;default_padding&quot;}\">\n\t\t\t\t<div class=\"elementor-element elementor-element-7058617 elementor-widget__width-auto pa-display-conditions-yes elementor-repeater-item-none elementor-repeater-item-none_hover elementor-invisible elementor-widget elementor-widget-button\" data-id=\"7058617\" data-element_type=\"widget\" data-e-type=\"widget\" data-settings=\"{&quot;pa_display_conditions_switcher&quot;:&quot;yes&quot;,&quot;_animation&quot;:&quot;fadeInRight&quot;}\" data-widget_type=\"button.default\">\n\t\t\t\t<div class=\"elementor-widget-container\">\n\t\t\t\t\t\t\t\t\t<div class=\"elementor-button-wrapper\">\n\t\t\t\t\t<a class=\"elementor-button elementor-button-link elementor-size-sm elementor-animation-grow\" href=\"#\">\n\t\t\t\t\t\t<span class=\"elementor-button-content-wrapper\">\n\t\t\t\t\t\t\t\t\t<span class=\"elementor-button-text\">LOWA Test Center<\/span>\n\t\t\t\t\t<\/span>\n\t\t\t\t\t<\/a>\n\t\t\t\t<\/div>\n\t\t\t\t\t\t\t\t<\/div>\n\t\t\t\t<\/div>\n\t\t\t\t<\/div>\n\t\t\t\t<\/div>\n\t\t\t\t\t\t<\/div>\n\t\t\t\t<\/div>\n\t\t<div class=\"elementor-element elementor-element-7d2bb8e e-con-full elementor-repeater-item-ang_container_padding_4 elementor-repeater-item-shadow_2 sk-light-bg e-flex elementor-repeater-item-none_hover elementor-invisible e-con e-child\" data-id=\"7d2bb8e\" data-element_type=\"container\" data-e-type=\"container\" data-settings=\"{&quot;ang_container_spacing_size&quot;:&quot;ang_container_padding_4&quot;,&quot;background_background&quot;:&quot;classic&quot;,&quot;jet_parallax_layout_list&quot;:[],&quot;animation&quot;:&quot;fadeInLeft&quot;}\">\n\t\t\t\t<div class=\"elementor-element elementor-element-75b4dc3 elementor-widget__width-initial elementor-widget-tablet__width-inherit external_elementor-repeater-item-none_external elementor-repeater-item-none elementor-repeater-item-none_hover elementor-widget elementor-widget-image\" data-id=\"75b4dc3\" data-element_type=\"widget\" data-e-type=\"widget\" data-widget_type=\"image.default\">\n\t\t\t\t<div class=\"elementor-widget-container\">\n\t\t\t\t\t\t\t\t\t\t\t\t\t\t\t<img fetchpriority=\"high\" decoding=\"async\" data-description=\"Zugspitzdorf Grainau - Wolfgang Ehn\" width=\"2048\" height=\"1365\" src=\"https:\/\/www.grainau.de\/wp-content\/uploads\/2025\/12\/Wintertraum\u00a9Zugspitzdorf-Grainau-Wolfgang-Ehn-31-scaled.jpg\" class=\"attachment-full size-full wp-image-47952\" alt=\"Wanderpaar auf tief verschneiten Wanderweg Hintergrund Berge und Sonne\" srcset=\"https:\/\/www.grainau.de\/wp-content\/uploads\/2025\/12\/Wintertraum\u00a9Zugspitzdorf-Grainau-Wolfgang-Ehn-31-scaled.jpg 2048w, https:\/\/www.grainau.de\/wp-content\/uploads\/2025\/12\/Wintertraum\u00a9Zugspitzdorf-Grainau-Wolfgang-Ehn-31-300x200.jpg 300w, https:\/\/www.grainau.de\/wp-content\/uploads\/2025\/12\/Wintertraum\u00a9Zugspitzdorf-Grainau-Wolfgang-Ehn-31-1024x683.jpg 1024w, https:\/\/www.grainau.de\/wp-content\/uploads\/2025\/12\/Wintertraum\u00a9Zugspitzdorf-Grainau-Wolfgang-Ehn-31-768x512.jpg 768w, https:\/\/www.grainau.de\/wp-content\/uploads\/2025\/12\/Wintertraum\u00a9Zugspitzdorf-Grainau-Wolfgang-Ehn-31-1536x1024.jpg 1536w, https:\/\/www.grainau.de\/wp-content\/uploads\/2025\/12\/Wintertraum\u00a9Zugspitzdorf-Grainau-Wolfgang-Ehn-31-18x12.jpg 18w\" sizes=\"(max-width: 2048px) 100vw, 2048px\" \/>\t\t\t\t\t\t\t\t\t\t\t\t\t\t\t<\/div>\n\t\t\t\t<\/div>\n\t\t<div class=\"elementor-element elementor-element-57a6793 e-con-full e-flex elementor-repeater-item-default_padding elementor-repeater-item-none elementor-repeater-item-none_hover e-con e-child\" data-id=\"57a6793\" data-element_type=\"container\" data-e-type=\"container\" data-settings=\"{&quot;jet_parallax_layout_list&quot;:[],&quot;ang_container_spacing_size&quot;:&quot;default_padding&quot;}\">\n\t\t\t\t<div class=\"elementor-element elementor-element-1d84c68 elementor-widget__width-inherit elementor-repeater-item-none elementor-repeater-item-none_hover elementor-widget elementor-widget-heading\" data-id=\"1d84c68\" data-element_type=\"widget\" data-e-type=\"widget\" data-widget_type=\"heading.default\">\n\t\t\t\t<div class=\"elementor-widget-container\">\n\t\t\t\t\t<h4 class=\"elementor-heading-title elementor-size-default\">to the dates of the guided tours <\/h4>\t\t\t\t<\/div>\n\t\t\t\t<\/div>\n\t\t\t\t<div class=\"elementor-element elementor-element-d750aa6 elementor-widget__width-inherit elementor-repeater-item-none elementor-repeater-item-none_hover elementor-widget elementor-widget-text-editor\" data-id=\"d750aa6\" data-element_type=\"widget\" data-e-type=\"widget\" data-widget_type=\"text-editor.default\">\n\t\t\t\t<div class=\"elementor-widget-container\">\n\t\t\t\t\t\t\t\t\t<p>With the Grainau Guest Card you can take part in guided tours free of charge, click here for the dates!<\/p>\t\t\t\t\t\t\t\t<\/div>\n\t\t\t\t<\/div>\n\t\t\t\t<div class=\"elementor-element elementor-element-4db5f51 elementor-widget__width-auto elementor-align-right pa-display-conditions-yes elementor-repeater-item-none elementor-repeater-item-none_hover elementor-widget elementor-widget-button\" data-id=\"4db5f51\" data-element_type=\"widget\" data-e-type=\"widget\" data-settings=\"{&quot;pa_display_conditions_switcher&quot;:&quot;yes&quot;}\" data-widget_type=\"button.default\">\n\t\t\t\t<div class=\"elementor-widget-container\">\n\t\t\t\t\t\t\t\t\t<div class=\"elementor-button-wrapper\">\n\t\t\t\t\t<a class=\"elementor-button elementor-button-link elementor-size-sm elementor-animation-grow\" href=\"\">\n\t\t\t\t\t\t<span class=\"elementor-button-content-wrapper\">\n\t\t\t\t\t\t<span class=\"elementor-button-icon\">\n\t\t\t\t<i aria-hidden=\"true\" class=\"fas fa-arrow-right\"><\/i>\t\t\t<\/span>\n\t\t\t\t\t\t\t\t\t<span class=\"elementor-button-text\">Dates<\/span>\n\t\t\t\t\t<\/span>\n\t\t\t\t\t<\/a>\n\t\t\t\t<\/div>\n\t\t\t\t\t\t\t\t<\/div>\n\t\t\t\t<\/div>\n\t\t\t\t<\/div>\n\t\t\t\t<\/div>\n\t\t\t\t\t<\/div>\n\t\t\t\t<\/div>\n\t\t<div class=\"elementor-element elementor-element-377fc4e elementor-repeater-item-ang_container_padding_3 sk-dark-bg e-flex e-con-boxed elementor-repeater-item-none elementor-repeater-item-none_hover e-con e-parent\" data-id=\"377fc4e\" data-element_type=\"container\" data-e-type=\"container\" data-settings=\"{&quot;jet_parallax_layout_list&quot;:[],&quot;background_background&quot;:&quot;classic&quot;,&quot;ang_container_spacing_size&quot;:&quot;ang_container_padding_3&quot;}\">\n\t\t\t\t\t<div class=\"e-con-inner\">\n\t\t\t\t<div class=\"elementor-element elementor-element-0b09415 elementor-widget__width-inherit elementor-repeater-item-none elementor-repeater-item-none_hover elementor-widget elementor-widget-heading\" data-id=\"0b09415\" data-element_type=\"widget\" data-e-type=\"widget\" data-widget_type=\"heading.default\">\n\t\t\t\t<div class=\"elementor-widget-container\">\n\t\t\t\t\t<h3 class=\"elementor-heading-title elementor-size-default\">Tours<\/h3>\t\t\t\t<\/div>\n\t\t\t\t<\/div>\n\t\t\t\t<div class=\"elementor-element elementor-element-78e5d4b elementor-widget__width-inherit elementor-repeater-item-none elementor-repeater-item-none_hover elementor-widget elementor-widget-html\" data-id=\"78e5d4b\" data-element_type=\"widget\" data-e-type=\"widget\" data-widget_type=\"html.default\">\n\t\t\t\t<div class=\"elementor-widget-container\">\n\t\t\t\t\t\n<script \n\tid=\"et4pages\" \n\ttype=\"text\/javascript\" \n\tsrc=\"https:\/\/pages.et4.de\/de\/grainau\/default\/search\/Tour\/category:%22Winterwanderung%22\/hideSearchForm:1?i_target=et4pages\">\n<\/script>\t\t\t\t<\/div>\n\t\t\t\t<\/div>\n\t\t\t\t\t<\/div>\n\t\t\t\t<\/div>\n\t\t\t\t<\/div>","protected":false},"excerpt":{"rendered":"<p>Local map Grainau Winter Grainau Wanderb\u00fccherl 2023 LOWA - Testcenter Zugspitzdorf Grainau to the dates of the guided tours With the Grainau guest card you can take part in guided tours free of charge, here to the dates! Tour dates<\/p>","protected":false},"author":12,"featured_media":0,"parent":0,"menu_order":0,"comment_status":"closed","ping_status":"closed","template":"","meta":{"iawp_total_views":2431,"footnotes":""},"categories":[],"tags":[],"class_list":["post-39273","page","type-page","status-publish","hentry"],"yoast_head":"<!-- This site is optimized with the Yoast SEO plugin v27.5 - https:\/\/yoast.com\/product\/yoast-seo-wordpress\/ -->\n<title>Winterwandern - Zugspitzdorf Grainau<\/title>\n<meta name=\"description\" content=\"Entdecken Sie die sch\u00f6nsten Winterwanderwege in Grainau \u2013 traumhafte Ausblicke, stille W\u00e4lder &amp; bestens pr\u00e4parierte Routen f\u00fcr jedes Niveau.\" \/>\n<meta name=\"robots\" content=\"index, follow, max-snippet:-1, max-image-preview:large, max-video-preview:-1\" \/>\n<link rel=\"canonical\" href=\"https:\/\/www.grainau.de\/en\/winterwandern\/\" \/>\n<meta property=\"og:locale\" content=\"en_US\" \/>\n<meta property=\"og:type\" content=\"article\" \/>\n<meta property=\"og:title\" content=\"Winterwandern - Zugspitzdorf Grainau\" \/>\n<meta property=\"og:description\" content=\"Entdecken Sie die sch\u00f6nsten Winterwanderwege in Grainau \u2013 traumhafte Ausblicke, stille W\u00e4lder &amp; bestens pr\u00e4parierte Routen f\u00fcr jedes Niveau.\" \/>\n<meta property=\"og:url\" content=\"https:\/\/www.grainau.de\/en\/winterwandern\/\" \/>\n<meta property=\"og:site_name\" content=\"Zugspitzdorf Grainau\" \/>\n<meta property=\"article:modified_time\" content=\"2026-02-24T08:17:58+00:00\" \/>\n<meta name=\"twitter:card\" content=\"summary_large_image\" \/>\n<meta name=\"twitter:label1\" content=\"Est. reading time\" \/>\n\t<meta name=\"twitter:data1\" content=\"1 minute\" \/>\n<script type=\"application\/ld+json\" class=\"yoast-schema-graph\">{\"@context\":\"https:\\\/\\\/schema.org\",\"@graph\":[{\"@type\":\"WebPage\",\"@id\":\"https:\\\/\\\/www.grainau.de\\\/winterwandern\\\/\",\"url\":\"https:\\\/\\\/www.grainau.de\\\/winterwandern\\\/\",\"name\":\"Winterwandern - Zugspitzdorf Grainau\",\"isPartOf\":{\"@id\":\"https:\\\/\\\/www.grainau.de\\\/#website\"},\"datePublished\":\"2024-12-10T23:04:01+00:00\",\"dateModified\":\"2026-02-24T08:17:58+00:00\",\"description\":\"Entdecken Sie die sch\u00f6nsten Winterwanderwege in Grainau \u2013 traumhafte Ausblicke, stille W\u00e4lder & bestens pr\u00e4parierte Routen f\u00fcr jedes Niveau.\",\"breadcrumb\":{\"@id\":\"https:\\\/\\\/www.grainau.de\\\/winterwandern\\\/#breadcrumb\"},\"inLanguage\":\"en-US\",\"potentialAction\":[{\"@type\":\"ReadAction\",\"target\":[\"https:\\\/\\\/www.grainau.de\\\/winterwandern\\\/\"]}]},{\"@type\":\"BreadcrumbList\",\"@id\":\"https:\\\/\\\/www.grainau.de\\\/winterwandern\\\/#breadcrumb\",\"itemListElement\":[{\"@type\":\"ListItem\",\"position\":1,\"name\":\"Home\",\"item\":\"https:\\\/\\\/www.grainau.de\\\/\"},{\"@type\":\"ListItem\",\"position\":2,\"name\":\"Winterwandern\"}]},{\"@type\":\"WebSite\",\"@id\":\"https:\\\/\\\/www.grainau.de\\\/#website\",\"url\":\"https:\\\/\\\/www.grainau.de\\\/\",\"name\":\"Zugspitzdorf Grainau\",\"description\":\"\",\"publisher\":{\"@id\":\"https:\\\/\\\/www.grainau.de\\\/#organization\"},\"potentialAction\":[{\"@type\":\"SearchAction\",\"target\":{\"@type\":\"EntryPoint\",\"urlTemplate\":\"https:\\\/\\\/www.grainau.de\\\/?s={search_term_string}\"},\"query-input\":{\"@type\":\"PropertyValueSpecification\",\"valueRequired\":true,\"valueName\":\"search_term_string\"}}],\"inLanguage\":\"en-US\"},{\"@type\":\"Organization\",\"@id\":\"https:\\\/\\\/www.grainau.de\\\/#organization\",\"name\":\"Zugspitzdorf Grainau\",\"url\":\"https:\\\/\\\/www.grainau.de\\\/\",\"logo\":{\"@type\":\"ImageObject\",\"inLanguage\":\"en-US\",\"@id\":\"https:\\\/\\\/www.grainau.de\\\/#\\\/schema\\\/logo\\\/image\\\/\",\"url\":\"\",\"contentUrl\":\"\",\"caption\":\"Zugspitzdorf Grainau\"},\"image\":{\"@id\":\"https:\\\/\\\/www.grainau.de\\\/#\\\/schema\\\/logo\\\/image\\\/\"}}]}<\/script>\n<!-- \/ Yoast SEO plugin. -->","yoast_head_json":{"title":"Winter hiking - Zugspitzdorf Grainau","description":"Discover the most beautiful winter hiking trails in Grainau - fantastic views, tranquil forests &amp; perfectly groomed routes for every level.","robots":{"index":"index","follow":"follow","max-snippet":"max-snippet:-1","max-image-preview":"max-image-preview:large","max-video-preview":"max-video-preview:-1"},"canonical":"https:\/\/www.grainau.de\/en\/winterwandern\/","og_locale":"en_US","og_type":"article","og_title":"Winterwandern - Zugspitzdorf Grainau","og_description":"Entdecken Sie die sch\u00f6nsten Winterwanderwege in Grainau \u2013 traumhafte Ausblicke, stille W\u00e4lder & bestens pr\u00e4parierte Routen f\u00fcr jedes Niveau.","og_url":"https:\/\/www.grainau.de\/en\/winterwandern\/","og_site_name":"Zugspitzdorf Grainau","article_modified_time":"2026-02-24T08:17:58+00:00","twitter_card":"summary_large_image","twitter_misc":{"Est. reading time":"1 minute"},"schema":{"@context":"https:\/\/schema.org","@graph":[{"@type":"WebPage","@id":"https:\/\/www.grainau.de\/winterwandern\/","url":"https:\/\/www.grainau.de\/winterwandern\/","name":"Winter hiking - Zugspitzdorf Grainau","isPartOf":{"@id":"https:\/\/www.grainau.de\/#website"},"datePublished":"2024-12-10T23:04:01+00:00","dateModified":"2026-02-24T08:17:58+00:00","description":"Discover the most beautiful winter hiking trails in Grainau - fantastic views, tranquil forests &amp; perfectly groomed routes for every level.","breadcrumb":{"@id":"https:\/\/www.grainau.de\/winterwandern\/#breadcrumb"},"inLanguage":"en-US","potentialAction":[{"@type":"ReadAction","target":["https:\/\/www.grainau.de\/winterwandern\/"]}]},{"@type":"BreadcrumbList","@id":"https:\/\/www.grainau.de\/winterwandern\/#breadcrumb","itemListElement":[{"@type":"ListItem","position":1,"name":"Home","item":"https:\/\/www.grainau.de\/"},{"@type":"ListItem","position":2,"name":"Winterwandern"}]},{"@type":"WebSite","@id":"https:\/\/www.grainau.de\/#website","url":"https:\/\/www.grainau.de\/","name":"Zugspitz village Grainau","description":"","publisher":{"@id":"https:\/\/www.grainau.de\/#organization"},"potentialAction":[{"@type":"SearchAction","target":{"@type":"EntryPoint","urlTemplate":"https:\/\/www.grainau.de\/?s={search_term_string}"},"query-input":{"@type":"PropertyValueSpecification","valueRequired":true,"valueName":"search_term_string"}}],"inLanguage":"en-US"},{"@type":"Organization","@id":"https:\/\/www.grainau.de\/#organization","name":"Zugspitz village Grainau","url":"https:\/\/www.grainau.de\/","logo":{"@type":"ImageObject","inLanguage":"en-US","@id":"https:\/\/www.grainau.de\/#\/schema\/logo\/image\/","url":"","contentUrl":"","caption":"Zugspitzdorf Grainau"},"image":{"@id":"https:\/\/www.grainau.de\/#\/schema\/logo\/image\/"}}]}},"_links":{"self":[{"href":"https:\/\/www.grainau.de\/en\/wp-json\/wp\/v2\/pages\/39273","targetHints":{"allow":["GET"]}}],"collection":[{"href":"https:\/\/www.grainau.de\/en\/wp-json\/wp\/v2\/pages"}],"about":[{"href":"https:\/\/www.grainau.de\/en\/wp-json\/wp\/v2\/types\/page"}],"author":[{"embeddable":true,"href":"https:\/\/www.grainau.de\/en\/wp-json\/wp\/v2\/users\/12"}],"replies":[{"embeddable":true,"href":"https:\/\/www.grainau.de\/en\/wp-json\/wp\/v2\/comments?post=39273"}],"version-history":[{"count":10,"href":"https:\/\/www.grainau.de\/en\/wp-json\/wp\/v2\/pages\/39273\/revisions"}],"predecessor-version":[{"id":49153,"href":"https:\/\/www.grainau.de\/en\/wp-json\/wp\/v2\/pages\/39273\/revisions\/49153"}],"wp:attachment":[{"href":"https:\/\/www.grainau.de\/en\/wp-json\/wp\/v2\/media?parent=39273"}],"wp:term":[{"taxonomy":"category","embeddable":true,"href":"https:\/\/www.grainau.de\/en\/wp-json\/wp\/v2\/categories?post=39273"},{"taxonomy":"post_tag","embeddable":true,"href":"https:\/\/www.grainau.de\/en\/wp-json\/wp\/v2\/tags?post=39273"}],"curies":[{"name":"wp","href":"https:\/\/api.w.org\/{rel}","templated":true}]}}