{"id":39275,"date":"2024-12-11T00:04:25","date_gmt":"2024-12-10T23:04:25","guid":{"rendered":"https:\/\/grainau-tourismus.gemeinde-entwickler.de\/?page_id=39275"},"modified":"2026-01-28T02:04:44","modified_gmt":"2026-01-28T01:04:44","slug":"wildfuetterung","status":"publish","type":"page","link":"https:\/\/www.grainau.de\/en\/wildfuetterung\/","title":{"rendered":"Game feeding"},"content":{"rendered":"\t\t<div data-elementor-type=\"wp-page\" data-elementor-id=\"39275\" class=\"elementor elementor-39275\" data-elementor-post-type=\"page\">\n\t\t\t\t<div class=\"elementor-element elementor-element-b970dde elementor-repeater-item-ang_container_padding_3 sk-dark-bg e-flex e-con-boxed elementor-repeater-item-none elementor-repeater-item-none_hover e-con e-parent\" data-id=\"b970dde\" data-element_type=\"container\" data-e-type=\"container\" data-settings=\"{&quot;jet_parallax_layout_list&quot;:[],&quot;background_background&quot;:&quot;classic&quot;,&quot;ang_container_spacing_size&quot;:&quot;ang_container_padding_3&quot;}\">\n\t\t\t\t\t<div class=\"e-con-inner\">\n\t\t<div class=\"elementor-element elementor-element-519c618 e-con-full elementor-repeater-item-ang_container_padding_4 elementor-repeater-item-shadow_2 sk-light-bg e-flex elementor-repeater-item-none_hover elementor-invisible e-con e-child\" data-id=\"519c618\" data-element_type=\"container\" data-e-type=\"container\" data-settings=\"{&quot;ang_container_spacing_size&quot;:&quot;ang_container_padding_4&quot;,&quot;background_background&quot;:&quot;classic&quot;,&quot;jet_parallax_layout_list&quot;:[],&quot;animation&quot;:&quot;fadeInLeft&quot;}\">\n\t\t\t\t<div class=\"elementor-element elementor-element-7e0c306 elementor-widget__width-inherit elementor-repeater-item-none elementor-repeater-item-none_hover elementor-widget elementor-widget-heading\" data-id=\"7e0c306\" data-element_type=\"widget\" data-e-type=\"widget\" data-widget_type=\"heading.default\">\n\t\t\t\t<div class=\"elementor-widget-container\">\n\t\t\t\t\t<h3 class=\"elementor-heading-title elementor-size-default\">Auf der Pirsch nach Reh und Hirsch<\/h3>\t\t\t\t<\/div>\n\t\t\t\t<\/div>\n\t\t\t\t<\/div>\n\t\t<div class=\"elementor-element elementor-element-2549e33 e-con-full elementor-repeater-item-ang_container_padding_4 elementor-repeater-item-shadow_2 sk-light-bg e-flex elementor-repeater-item-none_hover elementor-invisible e-con e-child\" data-id=\"2549e33\" data-element_type=\"container\" data-e-type=\"container\" data-settings=\"{&quot;ang_container_spacing_size&quot;:&quot;ang_container_padding_4&quot;,&quot;background_background&quot;:&quot;classic&quot;,&quot;jet_parallax_layout_list&quot;:[],&quot;animation&quot;:&quot;fadeInLeft&quot;}\">\n\t\t\t\t<div class=\"elementor-element elementor-element-ab1b058 elementor-widget__width-inherit elementor-repeater-item-none elementor-repeater-item-none_hover elementor-widget elementor-widget-heading\" data-id=\"ab1b058\" data-element_type=\"widget\" data-e-type=\"widget\" data-widget_type=\"heading.default\">\n\t\t\t\t<div class=\"elementor-widget-container\">\n\t\t\t\t\t<h4 class=\"elementor-heading-title elementor-size-default\">Vollpension im Winterquartier<\/h4>\t\t\t\t<\/div>\n\t\t\t\t<\/div>\n\t\t\t\t<div class=\"elementor-element elementor-element-6ebf1fc elementor-widget__width-inherit elementor-repeater-item-none elementor-repeater-item-none_hover elementor-widget elementor-widget-text-editor\" data-id=\"6ebf1fc\" data-element_type=\"widget\" data-e-type=\"widget\" data-widget_type=\"text-editor.default\">\n\t\t\t\t<div class=\"elementor-widget-container\">\n\t\t\t\t\t\t\t\t\t<header><\/header>\n<p>In den kalten und schneereichen Monaten finden die Tiere in h\u00f6heren Lagen nicht mehr genug Nahrung und machen sich auf den Weg in flachere Gefilde.<br \/>Diese f\u00fcr\u00a0<strong>Rotwild<\/strong>\u00a0typischen Wanderungen \u00fcber zum Teil viele Kilometer, sind heute oft nicht mehr m\u00f6glich &#8211; die dichte Besiedelung durch den Menschen steht dem im Wege. Um zu verhindern, dass Tiere im Winter verhungern oder durch Verbiss gro\u00dfe Sch\u00e4den an den wichtigen Bergw\u00e4ldern anrichten, werden von einigen Forstbetrieben der Bayerischen Staatsforsten Wintergatter eingerichtet.<\/p>\n<p>Hier kann man sie alle sehen:\u00a0<strong>m\u00e4chtige Hirsche<\/strong>,\u00a0<strong>junge K\u00e4lber<\/strong>\u00a0und erfahrene\u00a0<strong>Alttiere\u00a0<\/strong>und nat\u00fcrlich die Spie\u00dfer genannten, m\u00e4nnlichen\u00a0<strong>Junghirsche<\/strong>.<\/p>\t\t\t\t\t\t\t\t<\/div>\n\t\t\t\t<\/div>\n\t\t\t\t<\/div>\n\t\t<div class=\"elementor-element elementor-element-382b1db elementor-repeater-item-ang_container_no_padding e-con-full elementor-repeater-item-shadow_2 sk-light-bg e-flex elementor-repeater-item-none_hover e-con e-child\" data-id=\"382b1db\" data-element_type=\"container\" data-e-type=\"container\" data-settings=\"{&quot;jet_parallax_layout_list&quot;:[],&quot;background_background&quot;:&quot;classic&quot;,&quot;ang_container_spacing_size&quot;:&quot;ang_container_no_padding&quot;}\">\n\t\t\t\t<div class=\"elementor-element elementor-element-c74658e elementor-repeater-item-none elementor-repeater-item-none_hover elementor-widget elementor-widget-toggle\" data-id=\"c74658e\" data-element_type=\"widget\" data-e-type=\"widget\" data-widget_type=\"toggle.default\">\n\t\t\t\t<div class=\"elementor-widget-container\">\n\t\t\t\t\t\t\t<div class=\"elementor-toggle\">\n\t\t\t\t\t\t\t<div class=\"elementor-toggle-item\">\n\t\t\t\t\t<div id=\"elementor-tab-title-2081\" class=\"elementor-tab-title\" data-tab=\"1\" role=\"button\" aria-controls=\"elementor-tab-content-2081\" aria-expanded=\"false\">\n\t\t\t\t\t\t\t\t\t\t\t\t<span class=\"elementor-toggle-icon elementor-toggle-icon-left\" aria-hidden=\"true\">\n\t\t\t\t\t\t\t\t\t\t\t\t\t\t\t<span class=\"elementor-toggle-icon-closed\"><i class=\"fas fa-caret-right\"><\/i><\/span>\n\t\t\t\t\t\t\t\t<span class=\"elementor-toggle-icon-opened\"><i class=\"elementor-toggle-icon-opened fas fa-caret-up\"><\/i><\/span>\n\t\t\t\t\t\t\t\t\t\t\t\t\t<\/span>\n\t\t\t\t\t\t\t\t\t\t\t\t<a class=\"elementor-toggle-title\" tabindex=\"0\">\u00d6ffnungs- & F\u00fctterungszeiten<\/a>\n\t\t\t\t\t<\/div>\n\n\t\t\t\t\t<div id=\"elementor-tab-content-2081\" class=\"elementor-tab-content elementor-clearfix\" data-tab=\"1\" role=\"region\" aria-labelledby=\"elementor-tab-title-2081\"><p>Freitag &#8211; Sonntag: 16-17 Uhr Einlass ab 15.30 (Ab 27.12.25 bis 28.02.26)<\/p><p>Hunde d\u00fcrfen nicht mit!!!<\/p><\/div>\n\t\t\t\t<\/div>\n\t\t\t\t\t\t\t\t<\/div>\n\t\t\t\t\t\t<\/div>\n\t\t\t\t<\/div>\n\t\t\t\t<\/div>\n\t\t<div class=\"elementor-element elementor-element-1cfd71b elementor-repeater-item-ang_container_no_padding e-con-full elementor-repeater-item-shadow_2 sk-light-bg e-flex elementor-repeater-item-none_hover e-con e-child\" data-id=\"1cfd71b\" data-element_type=\"container\" data-e-type=\"container\" data-settings=\"{&quot;jet_parallax_layout_list&quot;:[],&quot;background_background&quot;:&quot;classic&quot;,&quot;ang_container_spacing_size&quot;:&quot;ang_container_no_padding&quot;}\">\n\t\t\t\t<div class=\"elementor-element elementor-element-27f52f4 elementor-repeater-item-none elementor-repeater-item-none_hover elementor-widget elementor-widget-toggle\" data-id=\"27f52f4\" data-element_type=\"widget\" data-e-type=\"widget\" data-widget_type=\"toggle.default\">\n\t\t\t\t<div class=\"elementor-widget-container\">\n\t\t\t\t\t\t\t<div class=\"elementor-toggle\">\n\t\t\t\t\t\t\t<div class=\"elementor-toggle-item\">\n\t\t\t\t\t<div id=\"elementor-tab-title-4181\" class=\"elementor-tab-title\" data-tab=\"1\" role=\"button\" aria-controls=\"elementor-tab-content-4181\" aria-expanded=\"false\">\n\t\t\t\t\t\t\t\t\t\t\t\t<span class=\"elementor-toggle-icon elementor-toggle-icon-left\" aria-hidden=\"true\">\n\t\t\t\t\t\t\t\t\t\t\t\t\t\t\t<span class=\"elementor-toggle-icon-closed\"><i class=\"fas fa-caret-right\"><\/i><\/span>\n\t\t\t\t\t\t\t\t<span class=\"elementor-toggle-icon-opened\"><i class=\"elementor-toggle-icon-opened fas fa-caret-up\"><\/i><\/span>\n\t\t\t\t\t\t\t\t\t\t\t\t\t<\/span>\n\t\t\t\t\t\t\t\t\t\t\t\t<a class=\"elementor-toggle-title\" tabindex=\"0\">Eintritt & Gruppenf\u00fchrungen<\/a>\n\t\t\t\t\t<\/div>\n\n\t\t\t\t\t<div id=\"elementor-tab-content-4181\" class=\"elementor-tab-content elementor-clearfix\" data-tab=\"1\" role=\"region\" aria-labelledby=\"elementor-tab-title-4181\"><table border=\"1\" width=\"475\" cellspacing=\"1\" cellpadding=\"1\"><tbody><tr><td>Eintritte:<\/td><td>Erwachsene<\/td><td>3 \u20ac<\/td><\/tr><tr><td>\u00a0<\/td><td>Kinder ab 6 Jahre<\/td><td>1 \u20ac<\/td><\/tr><tr><td>\u00a0<\/td><td>Kinder unter 6 Jahre<\/td><td>frei<\/td><\/tr><tr><td>Hinweis:<\/td><td>Hunde sind nicht erlaubt<\/td><td>\u00a0<\/td><\/tr><tr><td>Gruppen:<\/td><td>Gr\u00f6\u00dfere Gruppen und Busse bitte vorher anmelden<\/td><\/tr><\/tbody><\/table><\/div>\n\t\t\t\t<\/div>\n\t\t\t\t\t\t\t\t<\/div>\n\t\t\t\t\t\t<\/div>\n\t\t\t\t<\/div>\n\t\t\t\t<\/div>\n\t\t<div class=\"elementor-element elementor-element-7c0f759 elementor-repeater-item-ang_container_no_padding e-con-full elementor-repeater-item-shadow_2 sk-light-bg e-flex elementor-repeater-item-none_hover e-con e-child\" data-id=\"7c0f759\" data-element_type=\"container\" data-e-type=\"container\" data-settings=\"{&quot;jet_parallax_layout_list&quot;:[],&quot;background_background&quot;:&quot;classic&quot;,&quot;ang_container_spacing_size&quot;:&quot;ang_container_no_padding&quot;}\">\n\t\t\t\t<div class=\"elementor-element elementor-element-49bc19d elementor-repeater-item-none elementor-repeater-item-none_hover elementor-widget elementor-widget-toggle\" data-id=\"49bc19d\" data-element_type=\"widget\" data-e-type=\"widget\" data-widget_type=\"toggle.default\">\n\t\t\t\t<div class=\"elementor-widget-container\">\n\t\t\t\t\t\t\t<div class=\"elementor-toggle\">\n\t\t\t\t\t\t\t<div class=\"elementor-toggle-item\">\n\t\t\t\t\t<div id=\"elementor-tab-title-7731\" class=\"elementor-tab-title\" data-tab=\"1\" role=\"button\" aria-controls=\"elementor-tab-content-7731\" aria-expanded=\"false\">\n\t\t\t\t\t\t\t\t\t\t\t\t<span class=\"elementor-toggle-icon elementor-toggle-icon-left\" aria-hidden=\"true\">\n\t\t\t\t\t\t\t\t\t\t\t\t\t\t\t<span class=\"elementor-toggle-icon-closed\"><i class=\"fas fa-caret-right\"><\/i><\/span>\n\t\t\t\t\t\t\t\t<span class=\"elementor-toggle-icon-opened\"><i class=\"elementor-toggle-icon-opened fas fa-caret-up\"><\/i><\/span>\n\t\t\t\t\t\t\t\t\t\t\t\t\t<\/span>\n\t\t\t\t\t\t\t\t\t\t\t\t<a class=\"elementor-toggle-title\" tabindex=\"0\">Kontakt & Ansprechpartner<\/a>\n\t\t\t\t\t<\/div>\n\n\t\t\t\t\t<div id=\"elementor-tab-content-7731\" class=\"elementor-tab-content elementor-clearfix\" data-tab=\"1\" role=\"region\" aria-labelledby=\"elementor-tab-title-7731\"><table border=\"1\" cellspacing=\"1\" cellpadding=\"1\">\n<tbody>\n<tr>\n<td>Bayerische Staatsforsten A\u00f6R<\/td>\n<td>Ettaler Stra\u00dfe, 82487 Oberammergau<\/td>\n<td>+49(0)8822\/9218-0<\/td>\n<\/tr>\n<tr>\n<td><br><\/td>\n<td><br><\/td>\n<td><br><\/td>\n<\/tr>\n<tr>\n<td>Tourist-Information Grainau<\/td>\n<td>Parkweg 8, 82491 Grainau<\/td>\n<td>+49(0)8821\/981850<\/td>\n<\/tr>\n<\/tbody>\n<\/table><\/div>\n\t\t\t\t<\/div>\n\t\t\t\t\t\t\t\t<\/div>\n\t\t\t\t\t\t<\/div>\n\t\t\t\t<\/div>\n\t\t\t\t<\/div>\n\t\t\t\t\t<\/div>\n\t\t\t\t<\/div>\n\t\t<div class=\"elementor-element elementor-element-4501215 e-con-full e-flex elementor-repeater-item-default_padding elementor-repeater-item-none elementor-repeater-item-none_hover e-con e-parent\" data-id=\"4501215\" data-element_type=\"container\" data-e-type=\"container\" id=\"touren\" data-settings=\"{&quot;jet_parallax_layout_list&quot;:[],&quot;ang_container_spacing_size&quot;:&quot;default_padding&quot;}\">\n\t\t\t\t<div class=\"elementor-element elementor-element-cbd8a8e elementor-repeater-item-none elementor-repeater-item-none_hover elementor-widget elementor-widget-html\" data-id=\"cbd8a8e\" data-element_type=\"widget\" data-e-type=\"widget\" data-widget_type=\"html.default\">\n\t\t\t\t<div class=\"elementor-widget-container\">\n\t\t\t\t\t<script>\nwindow.dw = window.dw || function () { (dw.q = dw.q || []).push(arguments) };\ndw('settings','66cb9ca1-0e01-4d85-8605-c2a862471878',\n{\n  \"lang\": \"de\",\n  \"context\": {\n    \"urlOptionalParams\": \"limEVENTFACILITIES=333581a9-8fb8-459d-b60d-fc71ad715349\",  \/\/ Filter f\u00fcr die spezifische Veranstaltung mit der GUID\n    \"targetRoute\": [\n      \"\/veranstaltungen\"  \/\/ Die Route f\u00fcr Veranstaltungen\n    ]\n  }\n});\n<\/script>\n\n<script async src=\"https:\/\/resc.deskline.net\/DW5\/start\/GRAINAU\/66cb9ca1-0e01-4d85-8605-c2a862471878\/index.js\"><\/script>\n\t\t\t\t<\/div>\n\t\t\t\t<\/div>\n\t\t\t\t<\/div>\n\t\t\t\t<\/div>\n\t\t","protected":false},"excerpt":{"rendered":"<p>Auf der Pirsch nach Reh und Hirsch Vollpension im Winterquartier In den kalten und schneereichen Monaten finden die Tiere in h\u00f6heren Lagen nicht mehr genug Nahrung und machen sich auf den Weg in flachere Gefilde.Diese f\u00fcr\u00a0Rotwild\u00a0typischen Wanderungen \u00fcber zum Teil viele Kilometer, sind heute oft nicht mehr m\u00f6glich &#8211; die dichte Besiedelung durch den Menschen [&hellip;]<\/p>\n","protected":false},"author":12,"featured_media":40115,"parent":0,"menu_order":0,"comment_status":"closed","ping_status":"closed","template":"","meta":{"iawp_total_views":709,"footnotes":""},"categories":[],"tags":[],"class_list":["post-39275","page","type-page","status-publish","has-post-thumbnail","hentry"],"yoast_head":"<!-- This site is optimized with the Yoast SEO plugin v27.4 - https:\/\/yoast.com\/product\/yoast-seo-wordpress\/ -->\n<title>Wildf\u00fctterung - Zugspitzdorf Grainau<\/title>\n<meta name=\"description\" content=\"Erleben Sie gef\u00fchrte Wanderung zur Wildf\u00fctterung in Garmisch hautnah \u2013 ein besonderes Naturerlebnis im Winter f\u00fcr Gro\u00df und Klein mit Blick auf Rehe und Hirsche in freier Wildbahn.\" \/>\n<meta name=\"robots\" content=\"index, follow, max-snippet:-1, max-image-preview:large, max-video-preview:-1\" \/>\n<link rel=\"canonical\" href=\"https:\/\/www.grainau.de\/en\/wildfuetterung\/\" \/>\n<meta property=\"og:locale\" content=\"en_US\" \/>\n<meta property=\"og:type\" content=\"article\" \/>\n<meta property=\"og:title\" content=\"Wildf\u00fctterung - Zugspitzdorf Grainau\" \/>\n<meta property=\"og:description\" content=\"Erleben Sie gef\u00fchrte Wanderung zur Wildf\u00fctterung in Garmisch hautnah \u2013 ein besonderes Naturerlebnis im Winter f\u00fcr Gro\u00df und Klein mit Blick auf Rehe und Hirsche in freier Wildbahn.\" \/>\n<meta property=\"og:url\" content=\"https:\/\/www.grainau.de\/en\/wildfuetterung\/\" \/>\n<meta property=\"og:site_name\" content=\"Zugspitzdorf Grainau\" \/>\n<meta property=\"article:modified_time\" content=\"2026-01-28T01:04:44+00:00\" \/>\n<meta property=\"og:image\" content=\"https:\/\/www.grainau.de\/wp-content\/uploads\/2024\/12\/wildfuetterung-e1734298614904.jpeg\" \/>\n\t<meta property=\"og:image:width\" content=\"1920\" \/>\n\t<meta property=\"og:image:height\" content=\"614\" \/>\n\t<meta property=\"og:image:type\" content=\"image\/jpeg\" \/>\n<meta name=\"twitter:card\" content=\"summary_large_image\" \/>\n<meta name=\"twitter:label1\" content=\"Est. reading time\" \/>\n\t<meta name=\"twitter:data1\" content=\"1 minute\" \/>\n<script type=\"application\/ld+json\" class=\"yoast-schema-graph\">{\"@context\":\"https:\\\/\\\/schema.org\",\"@graph\":[{\"@type\":\"WebPage\",\"@id\":\"https:\\\/\\\/www.grainau.de\\\/wildfuetterung\\\/\",\"url\":\"https:\\\/\\\/www.grainau.de\\\/wildfuetterung\\\/\",\"name\":\"Wildf\u00fctterung - Zugspitzdorf Grainau\",\"isPartOf\":{\"@id\":\"https:\\\/\\\/www.grainau.de\\\/#website\"},\"primaryImageOfPage\":{\"@id\":\"https:\\\/\\\/www.grainau.de\\\/wildfuetterung\\\/#primaryimage\"},\"image\":{\"@id\":\"https:\\\/\\\/www.grainau.de\\\/wildfuetterung\\\/#primaryimage\"},\"thumbnailUrl\":\"https:\\\/\\\/www.grainau.de\\\/wp-content\\\/uploads\\\/2024\\\/12\\\/wildfuetterung-e1734298614904.jpeg\",\"datePublished\":\"2024-12-10T23:04:25+00:00\",\"dateModified\":\"2026-01-28T01:04:44+00:00\",\"description\":\"Erleben Sie gef\u00fchrte Wanderung zur Wildf\u00fctterung in Garmisch hautnah \u2013 ein besonderes Naturerlebnis im Winter f\u00fcr Gro\u00df und Klein mit Blick auf Rehe und Hirsche in freier Wildbahn.\",\"breadcrumb\":{\"@id\":\"https:\\\/\\\/www.grainau.de\\\/wildfuetterung\\\/#breadcrumb\"},\"inLanguage\":\"en-US\",\"potentialAction\":[{\"@type\":\"ReadAction\",\"target\":[\"https:\\\/\\\/www.grainau.de\\\/wildfuetterung\\\/\"]}]},{\"@type\":\"ImageObject\",\"inLanguage\":\"en-US\",\"@id\":\"https:\\\/\\\/www.grainau.de\\\/wildfuetterung\\\/#primaryimage\",\"url\":\"https:\\\/\\\/www.grainau.de\\\/wp-content\\\/uploads\\\/2024\\\/12\\\/wildfuetterung-e1734298614904.jpeg\",\"contentUrl\":\"https:\\\/\\\/www.grainau.de\\\/wp-content\\\/uploads\\\/2024\\\/12\\\/wildfuetterung-e1734298614904.jpeg\",\"width\":1920,\"height\":614,\"caption\":\"wildfuetterung\"},{\"@type\":\"BreadcrumbList\",\"@id\":\"https:\\\/\\\/www.grainau.de\\\/wildfuetterung\\\/#breadcrumb\",\"itemListElement\":[{\"@type\":\"ListItem\",\"position\":1,\"name\":\"Home\",\"item\":\"https:\\\/\\\/www.grainau.de\\\/\"},{\"@type\":\"ListItem\",\"position\":2,\"name\":\"Wildf\u00fctterung\"}]},{\"@type\":\"WebSite\",\"@id\":\"https:\\\/\\\/www.grainau.de\\\/#website\",\"url\":\"https:\\\/\\\/www.grainau.de\\\/\",\"name\":\"Zugspitzdorf Grainau\",\"description\":\"\",\"publisher\":{\"@id\":\"https:\\\/\\\/www.grainau.de\\\/#organization\"},\"potentialAction\":[{\"@type\":\"SearchAction\",\"target\":{\"@type\":\"EntryPoint\",\"urlTemplate\":\"https:\\\/\\\/www.grainau.de\\\/?s={search_term_string}\"},\"query-input\":{\"@type\":\"PropertyValueSpecification\",\"valueRequired\":true,\"valueName\":\"search_term_string\"}}],\"inLanguage\":\"en-US\"},{\"@type\":\"Organization\",\"@id\":\"https:\\\/\\\/www.grainau.de\\\/#organization\",\"name\":\"Zugspitzdorf Grainau\",\"url\":\"https:\\\/\\\/www.grainau.de\\\/\",\"logo\":{\"@type\":\"ImageObject\",\"inLanguage\":\"en-US\",\"@id\":\"https:\\\/\\\/www.grainau.de\\\/#\\\/schema\\\/logo\\\/image\\\/\",\"url\":\"\",\"contentUrl\":\"\",\"caption\":\"Zugspitzdorf Grainau\"},\"image\":{\"@id\":\"https:\\\/\\\/www.grainau.de\\\/#\\\/schema\\\/logo\\\/image\\\/\"}}]}<\/script>\n<!-- \/ Yoast SEO plugin. -->","yoast_head_json":{"title":"Game feeding - Zugspitzdorf Grainau","description":"Experience a guided hike to the game feeding in Garmisch up close - a special nature experience in winter for young and old with views of roe deer and stags in the wild.","robots":{"index":"index","follow":"follow","max-snippet":"max-snippet:-1","max-image-preview":"max-image-preview:large","max-video-preview":"max-video-preview:-1"},"canonical":"https:\/\/www.grainau.de\/en\/wildfuetterung\/","og_locale":"en_US","og_type":"article","og_title":"Wildf\u00fctterung - Zugspitzdorf Grainau","og_description":"Erleben Sie gef\u00fchrte Wanderung zur Wildf\u00fctterung in Garmisch hautnah \u2013 ein besonderes Naturerlebnis im Winter f\u00fcr Gro\u00df und Klein mit Blick auf Rehe und Hirsche in freier Wildbahn.","og_url":"https:\/\/www.grainau.de\/en\/wildfuetterung\/","og_site_name":"Zugspitzdorf Grainau","article_modified_time":"2026-01-28T01:04:44+00:00","og_image":[{"width":1920,"height":614,"url":"https:\/\/www.grainau.de\/wp-content\/uploads\/2024\/12\/wildfuetterung-e1734298614904.jpeg","type":"image\/jpeg"}],"twitter_card":"summary_large_image","twitter_misc":{"Est. reading time":"1 minute"},"schema":{"@context":"https:\/\/schema.org","@graph":[{"@type":"WebPage","@id":"https:\/\/www.grainau.de\/wildfuetterung\/","url":"https:\/\/www.grainau.de\/wildfuetterung\/","name":"Game feeding - Zugspitzdorf Grainau","isPartOf":{"@id":"https:\/\/www.grainau.de\/#website"},"primaryImageOfPage":{"@id":"https:\/\/www.grainau.de\/wildfuetterung\/#primaryimage"},"image":{"@id":"https:\/\/www.grainau.de\/wildfuetterung\/#primaryimage"},"thumbnailUrl":"https:\/\/www.grainau.de\/wp-content\/uploads\/2024\/12\/wildfuetterung-e1734298614904.jpeg","datePublished":"2024-12-10T23:04:25+00:00","dateModified":"2026-01-28T01:04:44+00:00","description":"Experience a guided hike to the game feeding in Garmisch up close - a special nature experience in winter for young and old with views of roe deer and stags in the wild.","breadcrumb":{"@id":"https:\/\/www.grainau.de\/wildfuetterung\/#breadcrumb"},"inLanguage":"en-US","potentialAction":[{"@type":"ReadAction","target":["https:\/\/www.grainau.de\/wildfuetterung\/"]}]},{"@type":"ImageObject","inLanguage":"en-US","@id":"https:\/\/www.grainau.de\/wildfuetterung\/#primaryimage","url":"https:\/\/www.grainau.de\/wp-content\/uploads\/2024\/12\/wildfuetterung-e1734298614904.jpeg","contentUrl":"https:\/\/www.grainau.de\/wp-content\/uploads\/2024\/12\/wildfuetterung-e1734298614904.jpeg","width":1920,"height":614,"caption":"wildfuetterung"},{"@type":"BreadcrumbList","@id":"https:\/\/www.grainau.de\/wildfuetterung\/#breadcrumb","itemListElement":[{"@type":"ListItem","position":1,"name":"Home","item":"https:\/\/www.grainau.de\/"},{"@type":"ListItem","position":2,"name":"Wildf\u00fctterung"}]},{"@type":"WebSite","@id":"https:\/\/www.grainau.de\/#website","url":"https:\/\/www.grainau.de\/","name":"Zugspitz village Grainau","description":"","publisher":{"@id":"https:\/\/www.grainau.de\/#organization"},"potentialAction":[{"@type":"SearchAction","target":{"@type":"EntryPoint","urlTemplate":"https:\/\/www.grainau.de\/?s={search_term_string}"},"query-input":{"@type":"PropertyValueSpecification","valueRequired":true,"valueName":"search_term_string"}}],"inLanguage":"en-US"},{"@type":"Organization","@id":"https:\/\/www.grainau.de\/#organization","name":"Zugspitz village Grainau","url":"https:\/\/www.grainau.de\/","logo":{"@type":"ImageObject","inLanguage":"en-US","@id":"https:\/\/www.grainau.de\/#\/schema\/logo\/image\/","url":"","contentUrl":"","caption":"Zugspitzdorf Grainau"},"image":{"@id":"https:\/\/www.grainau.de\/#\/schema\/logo\/image\/"}}]}},"_links":{"self":[{"href":"https:\/\/www.grainau.de\/en\/wp-json\/wp\/v2\/pages\/39275","targetHints":{"allow":["GET"]}}],"collection":[{"href":"https:\/\/www.grainau.de\/en\/wp-json\/wp\/v2\/pages"}],"about":[{"href":"https:\/\/www.grainau.de\/en\/wp-json\/wp\/v2\/types\/page"}],"author":[{"embeddable":true,"href":"https:\/\/www.grainau.de\/en\/wp-json\/wp\/v2\/users\/12"}],"replies":[{"embeddable":true,"href":"https:\/\/www.grainau.de\/en\/wp-json\/wp\/v2\/comments?post=39275"}],"version-history":[{"count":10,"href":"https:\/\/www.grainau.de\/en\/wp-json\/wp\/v2\/pages\/39275\/revisions"}],"predecessor-version":[{"id":48990,"href":"https:\/\/www.grainau.de\/en\/wp-json\/wp\/v2\/pages\/39275\/revisions\/48990"}],"wp:featuredmedia":[{"embeddable":true,"href":"https:\/\/www.grainau.de\/en\/wp-json\/wp\/v2\/media\/40115"}],"wp:attachment":[{"href":"https:\/\/www.grainau.de\/en\/wp-json\/wp\/v2\/media?parent=39275"}],"wp:term":[{"taxonomy":"category","embeddable":true,"href":"https:\/\/www.grainau.de\/en\/wp-json\/wp\/v2\/categories?post=39275"},{"taxonomy":"post_tag","embeddable":true,"href":"https:\/\/www.grainau.de\/en\/wp-json\/wp\/v2\/tags?post=39275"}],"curies":[{"name":"wp","href":"https:\/\/api.w.org\/{rel}","templated":true}]}}