{"id":39278,"date":"2024-12-13T01:00:38","date_gmt":"2024-12-13T00:00:38","guid":{"rendered":"https:\/\/grainau-tourismus.gemeinde-entwickler.de\/?page_id=39278"},"modified":"2025-07-29T08:07:45","modified_gmt":"2025-07-29T06:07:45","slug":"eibsee-mit-kindern-familienabenteuer-bei-grainau","status":"publish","type":"page","link":"https:\/\/www.grainau.de\/en\/eibsee-mit-kindern-familienabenteuer-bei-grainau\/","title":{"rendered":"Eibsee with children"},"content":{"rendered":"<div data-elementor-type=\"wp-page\" data-elementor-id=\"39278\" class=\"elementor elementor-39278\" data-elementor-post-type=\"page\">\n\t\t\t\t<div class=\"elementor-element elementor-element-8234d7b elementor-repeater-item-ang_container_padding_3 sk-dark-bg e-flex e-con-boxed elementor-repeater-item-none elementor-repeater-item-none_hover e-con e-parent\" data-id=\"8234d7b\" data-element_type=\"container\" data-e-type=\"container\" id=\"content\" data-settings=\"{&quot;jet_parallax_layout_list&quot;:[],&quot;background_background&quot;:&quot;classic&quot;,&quot;ang_container_spacing_size&quot;:&quot;ang_container_padding_3&quot;}\">\n\t\t\t\t\t<div class=\"e-con-inner\">\n\t\t<div class=\"elementor-element elementor-element-519c618 e-con-full elementor-repeater-item-ang_container_padding_4 elementor-repeater-item-shadow_2 sk-light-bg e-flex elementor-repeater-item-none_hover elementor-invisible e-con e-child\" data-id=\"519c618\" data-element_type=\"container\" data-e-type=\"container\" data-settings=\"{&quot;ang_container_spacing_size&quot;:&quot;ang_container_padding_4&quot;,&quot;background_background&quot;:&quot;classic&quot;,&quot;jet_parallax_layout_list&quot;:[],&quot;animation&quot;:&quot;fadeInLeft&quot;}\">\n\t\t\t\t<div class=\"elementor-element elementor-element-7e0c306 elementor-widget__width-inherit elementor-repeater-item-none elementor-repeater-item-none_hover elementor-widget elementor-widget-heading\" data-id=\"7e0c306\" data-element_type=\"widget\" data-e-type=\"widget\" data-widget_type=\"heading.default\">\n\t\t\t\t<div class=\"elementor-widget-container\">\n\t\t\t\t\t<h4 class=\"elementor-heading-title elementor-size-default\">Water fun in the cool water<\/h4>\t\t\t\t<\/div>\n\t\t\t\t<\/div>\n\t\t\t\t<div class=\"elementor-element elementor-element-9ddd18f elementor-widget__width-inherit elementor-repeater-item-none elementor-repeater-item-none_hover elementor-widget elementor-widget-text-editor\" data-id=\"9ddd18f\" data-element_type=\"widget\" data-e-type=\"widget\" data-widget_type=\"text-editor.default\">\n\t\t\t\t<div class=\"elementor-widget-container\">\n\t\t\t\t\t\t\t\t\t<p>Pack your swimming trunks! On\u00a0<strong>Pebble beach on the south side<\/strong>\u00a0families can experience an unforgettable day.<\/p>\t\t\t\t\t\t\t\t<\/div>\n\t\t\t\t<\/div>\n\t\t\t\t<\/div>\n\t\t<div class=\"elementor-element elementor-element-c78894d e-con-full elementor-repeater-item-ang_container_padding_4 elementor-repeater-item-shadow_2 sk-light-bg e-flex elementor-repeater-item-none_hover elementor-invisible e-con e-child\" data-id=\"c78894d\" data-element_type=\"container\" data-e-type=\"container\" data-settings=\"{&quot;ang_container_spacing_size&quot;:&quot;ang_container_padding_4&quot;,&quot;background_background&quot;:&quot;classic&quot;,&quot;jet_parallax_layout_list&quot;:[],&quot;animation&quot;:&quot;fadeInLeft&quot;}\">\n\t\t\t\t<div class=\"elementor-element elementor-element-5b34d96 elementor-widget__width-inherit elementor-repeater-item-none elementor-repeater-item-none_hover elementor-widget elementor-widget-heading\" data-id=\"5b34d96\" data-element_type=\"widget\" data-e-type=\"widget\" data-widget_type=\"heading.default\">\n\t\t\t\t<div class=\"elementor-widget-container\">\n\t\t\t\t\t<h4 class=\"elementor-heading-title elementor-size-default\">Hiking fun and strawberry ice cream<\/h4>\t\t\t\t<\/div>\n\t\t\t\t<\/div>\n\t\t\t\t<div class=\"elementor-element elementor-element-67a773f elementor-widget__width-inherit elementor-repeater-item-none elementor-repeater-item-none_hover elementor-widget elementor-widget-text-editor\" data-id=\"67a773f\" data-element_type=\"widget\" data-e-type=\"widget\" data-widget_type=\"text-editor.default\">\n\t\t\t\t<div class=\"elementor-widget-container\">\n\t\t\t\t\t\t\t\t\t<p>The\u00a0<strong>7.4 km long riverside path<\/strong>\u00a0around the Eibsee is also easily accessible with a baby carriage. There are also plenty of places where children can dip their feet in the lake or go for a swim. After the hike, there is a tasty snack for all those with a sweet tooth.\u00a0<strong>Ice cream at the \"Eish\u00fctterl am See\"<\/strong>.<\/p>\t\t\t\t\t\t\t\t<\/div>\n\t\t\t\t<\/div>\n\t\t\t\t<\/div>\n\t\t<div class=\"elementor-element elementor-element-4478ae2 e-con-full elementor-repeater-item-ang_container_padding_4 elementor-repeater-item-shadow_2 sk-light-bg e-flex elementor-repeater-item-none_hover elementor-invisible e-con e-child\" data-id=\"4478ae2\" data-element_type=\"container\" data-e-type=\"container\" data-settings=\"{&quot;ang_container_spacing_size&quot;:&quot;ang_container_padding_4&quot;,&quot;background_background&quot;:&quot;classic&quot;,&quot;jet_parallax_layout_list&quot;:[],&quot;animation&quot;:&quot;fadeInLeft&quot;}\">\n\t\t\t\t<div class=\"elementor-element elementor-element-90f5a25 elementor-widget__width-inherit elementor-repeater-item-none elementor-repeater-item-none_hover elementor-widget elementor-widget-heading\" data-id=\"90f5a25\" data-element_type=\"widget\" data-e-type=\"widget\" data-widget_type=\"heading.default\">\n\t\t\t\t<div class=\"elementor-widget-container\">\n\t\t\t\t\t<h4 class=\"elementor-heading-title elementor-size-default\">Boat rental at the Eibsee<\/h4>\t\t\t\t<\/div>\n\t\t\t\t<\/div>\n\t\t\t\t<div class=\"elementor-element elementor-element-f4f7cc4 elementor-widget__width-inherit elementor-repeater-item-none elementor-repeater-item-none_hover elementor-widget elementor-widget-text-editor\" data-id=\"f4f7cc4\" data-element_type=\"widget\" data-e-type=\"widget\" data-widget_type=\"text-editor.default\">\n\t\t\t\t<div class=\"elementor-widget-container\">\n\t\t\t\t\t\t\t\t\t<p>SUPs, rowing boats and pedal boats can be hired at Eibsee. Some pedal boats are equipped with a slide. This makes the boat trip even more interesting.<br \/>However, if you want to find out more about the lake, take a tour with the\u00a0<strong>Electric boat \"Reserl\"<\/strong>. During the 25-minute round trip past the islands and beautiful bays, the captain will explain the history of the boat's origins and you can relax and lie back.<br \/>Further information can be found\u00a0<a href=\"http:\/\/www.eibsee.de\/de\/bootsverleih\/\" target=\"_blank\" rel=\"noopener noreferrer nofollow\">at www.eibsee.de\/de\/bootsverleih.<\/a><\/p>\t\t\t\t\t\t\t\t<\/div>\n\t\t\t\t<\/div>\n\t\t\t\t<\/div>\n\t\t\t\t\t<\/div>\n\t\t\t\t<\/div>\n\t\t<div class=\"elementor-element elementor-element-f9c6700 e-con-full sk-dark-bg e-flex elementor-repeater-item-default_padding elementor-repeater-item-none elementor-repeater-item-none_hover e-con e-parent\" data-id=\"f9c6700\" data-element_type=\"container\" data-e-type=\"container\" data-settings=\"{&quot;background_background&quot;:&quot;classic&quot;,&quot;jet_parallax_layout_list&quot;:[],&quot;ang_container_spacing_size&quot;:&quot;default_padding&quot;}\">\n\t\t\t\t<div class=\"elementor-element elementor-element-66d25cf elementor-repeater-item-none elementor-repeater-item-none_hover elementor-widget elementor-widget-image-carousel\" data-id=\"66d25cf\" data-element_type=\"widget\" data-e-type=\"widget\" data-settings=\"{&quot;slides_to_show&quot;:&quot;3&quot;,&quot;slides_to_show_tablet&quot;:&quot;2&quot;,&quot;slides_to_show_mobile&quot;:&quot;1&quot;,&quot;navigation&quot;:&quot;none&quot;,&quot;autoplay_speed&quot;:0,&quot;speed&quot;:10000,&quot;image_spacing_custom&quot;:{&quot;unit&quot;:&quot;px&quot;,&quot;size&quot;:10,&quot;sizes&quot;:[]},&quot;autoplay&quot;:&quot;yes&quot;,&quot;pause_on_hover&quot;:&quot;yes&quot;,&quot;pause_on_interaction&quot;:&quot;yes&quot;,&quot;infinite&quot;:&quot;yes&quot;,&quot;image_spacing_custom_tablet&quot;:{&quot;unit&quot;:&quot;px&quot;,&quot;size&quot;:&quot;&quot;,&quot;sizes&quot;:[]}}\" data-widget_type=\"image-carousel.default\">\n\t\t\t\t<div class=\"elementor-widget-container\">\n\t\t\t\t\t\t\t<div class=\"elementor-image-carousel-wrapper swiper\" role=\"region\" aria-roledescription=\"carousel\" aria-label=\"Picture carousel\" dir=\"ltr\">\n\t\t\t<div class=\"elementor-image-carousel swiper-wrapper\" aria-live=\"off\">\n\t\t\t\t\t\t\t\t<div class=\"swiper-slide\" role=\"group\" aria-roledescription=\"slide\" aria-label=\"1 from 5\"><figure class=\"swiper-slide-inner\"><img decoding=\"async\" class=\"swiper-slide-image\" src=\"https:\/\/www.grainau.de\/wp-content\/uploads\/2024\/12\/eibsee.jpeg\" data-description=\"Zugspiutzdorf Grainau - Wolfgang Ehn\" alt=\"Sup am Eibsee, zwei Personen auf SuP\" \/><\/figure><\/div><div class=\"swiper-slide\" role=\"group\" aria-roledescription=\"slide\" aria-label=\"2 from 5\"><figure class=\"swiper-slide-inner\"><img decoding=\"async\" class=\"swiper-slide-image\" src=\"https:\/\/www.grainau.de\/wp-content\/uploads\/2024\/12\/eibsee-mit-ruderboot-sommer-grainau.jpeg\" data-description=\"Zugspitzdorf Grainau - Wolfgang Ehn\" alt=\"eibsee-mit-ruderboot-sommer-grainau\" \/><\/figure><\/div><div class=\"swiper-slide\" role=\"group\" aria-roledescription=\"slide\" aria-label=\"3 from 5\"><figure class=\"swiper-slide-inner\"><img decoding=\"async\" class=\"swiper-slide-image\" src=\"https:\/\/www.grainau.de\/wp-content\/uploads\/2024\/12\/eibsee-mit-familie.jpeg\" alt=\"eibsee-mit-familie\" \/><\/figure><\/div><div class=\"swiper-slide\" role=\"group\" aria-roledescription=\"slide\" aria-label=\"4 from 5\"><figure class=\"swiper-slide-inner\"><img decoding=\"async\" class=\"swiper-slide-image\" src=\"https:\/\/www.grainau.de\/wp-content\/uploads\/2024\/12\/spielplatz-an-der-eibseealm.jpeg\" data-description=\"Zugspitzdorf Grainau \u2013 M\u00f6nch\" alt=\"Spielplatz an der Eibseealm\" \/><\/figure><\/div><div class=\"swiper-slide\" role=\"group\" aria-roledescription=\"slide\" aria-label=\"5 from 5\"><figure class=\"swiper-slide-inner\"><img decoding=\"async\" class=\"swiper-slide-image\" src=\"https:\/\/www.grainau.de\/wp-content\/uploads\/2024\/12\/tretboot-fahren-am-eibsee-grainau-sommer.jpeg\" data-description=\"Zugspitzdorf Grainau - Wolfgang Ehn\" alt=\"tretboot-fahren-am-eibsee-grainau-sommer\" \/><\/figure><\/div>\t\t\t<\/div>\n\t\t\t\t\t\t\t\n\t\t\t\t\t\t\t\t\t<\/div>\n\t\t\t\t\t\t<\/div>\n\t\t\t\t<\/div>\n\t\t\t\t<\/div>\n\t\t<div class=\"elementor-element elementor-element-bb04cce elementor-repeater-item-ang_container_padding_3 sk-dark-bg e-flex e-con-boxed elementor-repeater-item-none elementor-repeater-item-none_hover e-con e-parent\" data-id=\"bb04cce\" data-element_type=\"container\" data-e-type=\"container\" data-settings=\"{&quot;jet_parallax_layout_list&quot;:[],&quot;background_background&quot;:&quot;classic&quot;,&quot;ang_container_spacing_size&quot;:&quot;ang_container_padding_3&quot;}\">\n\t\t\t\t\t<div class=\"e-con-inner\">\n\t\t\t\t<div class=\"elementor-element elementor-element-cacd25a elementor-repeater-item-none elementor-repeater-item-none_hover elementor-widget elementor-widget-n-accordion\" data-id=\"cacd25a\" data-element_type=\"widget\" data-e-type=\"widget\" data-settings=\"{&quot;default_state&quot;:&quot;all_collapsed&quot;,&quot;max_items_expended&quot;:&quot;one&quot;,&quot;n_accordion_animation_duration&quot;:{&quot;unit&quot;:&quot;ms&quot;,&quot;size&quot;:400,&quot;sizes&quot;:[]}}\" data-widget_type=\"nested-accordion.default\">\n\t\t\t\t<div class=\"elementor-widget-container\">\n\t\t\t\t\t\t\t<div class=\"e-n-accordion\" aria-label=\"Accordion. Open links with Enter or Space, close with Escape, and navigate with Arrow Keys\">\n\t\t\t\t\t\t<details id=\"e-n-accordion-item-2120\" class=\"e-n-accordion-item\" >\n\t\t\t\t<summary class=\"e-n-accordion-item-title\" data-accordion-index=\"1\" tabindex=\"0\" aria-expanded=\"false\" aria-controls=\"e-n-accordion-item-2120\" >\n\t\t\t\t\t<span class='e-n-accordion-item-title-header'><div class=\"e-n-accordion-item-title-text\"> Playground at the Eibseealm <\/div><\/span>\n\t\t\t\t\t\t\t<span class='e-n-accordion-item-title-icon'>\n\t\t\t<span class='e-opened' ><i aria-hidden=\"true\" class=\"fas fa-minus\"><\/i><\/span>\n\t\t\t<span class='e-closed'><i aria-hidden=\"true\" class=\"fas fa-plus\"><\/i><\/span>\n\t\t<\/span>\n\n\t\t\t\t\t\t<\/summary>\n\t\t\t\t<div role=\"region\" aria-labelledby=\"e-n-accordion-item-2120\" class=\"elementor-element elementor-element-524df3e e-con-full elementor-repeater-item-none_hover e-flex elementor-repeater-item-default_padding elementor-repeater-item-none e-con e-child\" data-id=\"524df3e\" data-element_type=\"container\" data-e-type=\"container\" data-settings=\"{&quot;jet_parallax_layout_list&quot;:[],&quot;ang_container_spacing_size&quot;:&quot;default_padding&quot;}\">\n\t\t\t\t<div class=\"elementor-element elementor-element-d9614eb external_elementor-repeater-item-none_external elementor-repeater-item-none elementor-repeater-item-none_hover elementor-widget elementor-widget-image\" data-id=\"d9614eb\" data-element_type=\"widget\" data-e-type=\"widget\" data-widget_type=\"image.default\">\n\t\t\t\t<div class=\"elementor-widget-container\">\n\t\t\t\t\t\t\t\t\t\t\t\t\t\t\t<img fetchpriority=\"high\" decoding=\"async\" data-description=\"Zugspitzdorf Grainau \u2013 M\u00f6nch\" width=\"830\" height=\"471\" src=\"https:\/\/www.grainau.de\/wp-content\/uploads\/2024\/12\/spielplatz-an-der-eibseealm.jpeg\" class=\"attachment-full size-full wp-image-39716\" alt=\"Spielplatz an der Eibseealm\" srcset=\"https:\/\/www.grainau.de\/wp-content\/uploads\/2024\/12\/spielplatz-an-der-eibseealm.jpeg 830w, https:\/\/www.grainau.de\/wp-content\/uploads\/2024\/12\/spielplatz-an-der-eibseealm-300x170.jpeg 300w, https:\/\/www.grainau.de\/wp-content\/uploads\/2024\/12\/spielplatz-an-der-eibseealm-768x436.jpeg 768w\" sizes=\"(max-width: 830px) 100vw, 830px\" \/>\t\t\t\t\t\t\t\t\t\t\t\t\t\t\t<\/div>\n\t\t\t\t<\/div>\n\t\t\t\t<div class=\"elementor-element elementor-element-d744869 elementor-repeater-item-none elementor-repeater-item-none_hover elementor-widget elementor-widget-text-editor\" data-id=\"d744869\" data-element_type=\"widget\" data-e-type=\"widget\" data-widget_type=\"text-editor.default\">\n\t\t\t\t<div class=\"elementor-widget-container\">\n\t\t\t\t\t\t\t\t\tNext to the Eibseealm, at the foot of the Zugspitze, is the beautiful adventure playground with lots of play equipment.\nIf the weather is unfavorable, there is a playroom for the little ones in the Eibseealm during opening hours.\n\n<strong>Sports facilities at the Eibsee<\/strong>\n\nSeeweg 1-3\n82491 Grainau\n<span class=\"margin--top\">Phone:\u00a0<a href=\"tel:+49 882198810\">+49 882198810<\/a><\/span>\nFax: +49 882182585\n<span class=\"margin--top\">E-Mail:\u00a0<a href=\"mailto:info@eibsee-hotel.de\">info@eibsee-hotel.de<\/a><\/span>\nWeb:\u00a0<a title=\"Page opens in new window\" href=\"https:\/\/www.eibsee.de\/\" target=\"_blank\" rel=\"noopener noreferrer nofollow\">https:\/\/www.eibsee.de<\/a>\t\t\t\t\t\t\t\t<\/div>\n\t\t\t\t<\/div>\n\t\t\t\t<\/div>\n\t\t\t\t\t<\/details>\n\t\t\t\t\t<\/div>\n\t\t\t\t\t\t<\/div>\n\t\t\t\t<\/div>\n\t\t\t\t\t<\/div>\n\t\t\t\t<\/div>\n\t\t\t\t<\/div>","protected":false},"excerpt":{"rendered":"<p>Wasserspa\u00df ins k\u00fchle Nass Packt die Badehose ein! Am\u00a0Kiesstrand auf der S\u00fcdseite\u00a0k\u00f6nnen Familien einen unvergesslichen Tag erleben. Wanderspa\u00df und Erdbeereis Der\u00a07,4 km lange Uferweg\u00a0um den Eibsee ist auch mit Kinderwagen gut befahrbar. Es gibt auch gen\u00fcgend Stellen, an denen die Kinder die F\u00fc\u00dfe in den See halten oder eine Runde schwimmen k\u00f6nnen. Nach der Wanderung [&hellip;]<\/p>\n","protected":false},"author":12,"featured_media":41631,"parent":0,"menu_order":0,"comment_status":"closed","ping_status":"closed","template":"","meta":{"iawp_total_views":3768,"footnotes":""},"categories":[],"tags":[],"class_list":["post-39278","page","type-page","status-publish","has-post-thumbnail","hentry"],"yoast_head":"<!-- This site is optimized with the Yoast SEO plugin v27.5 - https:\/\/yoast.com\/product\/yoast-seo-wordpress\/ -->\n<title>Eibsee mit Kindern - Zugspitzdorf Grainau<\/title>\n<meta name=\"description\" content=\"Entdecken Sie den Eibsee bei Grainau mit Kindern \u2013 kinderfreundliche Wanderwege, Spielpl\u00e4tze und Badem\u00f6glichkeiten f\u00fcr unvergessliche Familienmomente.\" \/>\n<meta name=\"robots\" content=\"index, follow, max-snippet:-1, max-image-preview:large, max-video-preview:-1\" \/>\n<link rel=\"canonical\" href=\"https:\/\/www.grainau.de\/en\/eibsee-mit-kindern-familienabenteuer-bei-grainau\/\" \/>\n<meta property=\"og:locale\" content=\"en_US\" \/>\n<meta property=\"og:type\" content=\"article\" \/>\n<meta property=\"og:title\" content=\"Eibsee mit Kindern - Zugspitzdorf Grainau\" \/>\n<meta property=\"og:description\" content=\"Entdecken Sie den Eibsee bei Grainau mit Kindern \u2013 kinderfreundliche Wanderwege, Spielpl\u00e4tze und Badem\u00f6glichkeiten f\u00fcr unvergessliche Familienmomente.\" \/>\n<meta property=\"og:url\" content=\"https:\/\/www.grainau.de\/en\/eibsee-mit-kindern-familienabenteuer-bei-grainau\/\" \/>\n<meta property=\"og:site_name\" content=\"Zugspitzdorf Grainau\" \/>\n<meta property=\"article:modified_time\" content=\"2025-07-29T06:07:45+00:00\" \/>\n<meta property=\"og:image\" content=\"https:\/\/www.grainau.de\/wp-content\/uploads\/2025\/02\/\u00a9Zugspitzdorf-Grainau-\u2013-Ehn-92-scaled-e1738657819947.jpg\" \/>\n\t<meta property=\"og:image:width\" content=\"2048\" \/>\n\t<meta property=\"og:image:height\" content=\"908\" \/>\n\t<meta property=\"og:image:type\" content=\"image\/jpeg\" \/>\n<meta name=\"twitter:card\" content=\"summary_large_image\" \/>\n<meta name=\"twitter:label1\" content=\"Est. reading time\" \/>\n\t<meta name=\"twitter:data1\" content=\"3 minutes\" \/>\n<script type=\"application\/ld+json\" class=\"yoast-schema-graph\">{\"@context\":\"https:\\\/\\\/schema.org\",\"@graph\":[{\"@type\":\"WebPage\",\"@id\":\"https:\\\/\\\/www.grainau.de\\\/eibsee-mit-kindern-familienabenteuer-bei-grainau\\\/\",\"url\":\"https:\\\/\\\/www.grainau.de\\\/eibsee-mit-kindern-familienabenteuer-bei-grainau\\\/\",\"name\":\"Eibsee mit Kindern - Zugspitzdorf Grainau\",\"isPartOf\":{\"@id\":\"https:\\\/\\\/www.grainau.de\\\/#website\"},\"primaryImageOfPage\":{\"@id\":\"https:\\\/\\\/www.grainau.de\\\/eibsee-mit-kindern-familienabenteuer-bei-grainau\\\/#primaryimage\"},\"image\":{\"@id\":\"https:\\\/\\\/www.grainau.de\\\/eibsee-mit-kindern-familienabenteuer-bei-grainau\\\/#primaryimage\"},\"thumbnailUrl\":\"https:\\\/\\\/www.grainau.de\\\/wp-content\\\/uploads\\\/2025\\\/02\\\/\u00a9Zugspitzdorf-Grainau-\u2013-Ehn-92-scaled-e1738657819947.jpg\",\"datePublished\":\"2024-12-13T00:00:38+00:00\",\"dateModified\":\"2025-07-29T06:07:45+00:00\",\"description\":\"Entdecken Sie den Eibsee bei Grainau mit Kindern \u2013 kinderfreundliche Wanderwege, Spielpl\u00e4tze und Badem\u00f6glichkeiten f\u00fcr unvergessliche Familienmomente.\",\"breadcrumb\":{\"@id\":\"https:\\\/\\\/www.grainau.de\\\/eibsee-mit-kindern-familienabenteuer-bei-grainau\\\/#breadcrumb\"},\"inLanguage\":\"en-US\",\"potentialAction\":[{\"@type\":\"ReadAction\",\"target\":[\"https:\\\/\\\/www.grainau.de\\\/eibsee-mit-kindern-familienabenteuer-bei-grainau\\\/\"]}]},{\"@type\":\"ImageObject\",\"inLanguage\":\"en-US\",\"@id\":\"https:\\\/\\\/www.grainau.de\\\/eibsee-mit-kindern-familienabenteuer-bei-grainau\\\/#primaryimage\",\"url\":\"https:\\\/\\\/www.grainau.de\\\/wp-content\\\/uploads\\\/2025\\\/02\\\/\u00a9Zugspitzdorf-Grainau-\u2013-Ehn-92-scaled-e1738657819947.jpg\",\"contentUrl\":\"https:\\\/\\\/www.grainau.de\\\/wp-content\\\/uploads\\\/2025\\\/02\\\/\u00a9Zugspitzdorf-Grainau-\u2013-Ehn-92-scaled-e1738657819947.jpg\",\"width\":2048,\"height\":908,\"caption\":\"Junge vor Eibsee im Hintergrund Zugspitzpanorama\"},{\"@type\":\"BreadcrumbList\",\"@id\":\"https:\\\/\\\/www.grainau.de\\\/eibsee-mit-kindern-familienabenteuer-bei-grainau\\\/#breadcrumb\",\"itemListElement\":[{\"@type\":\"ListItem\",\"position\":1,\"name\":\"Home\",\"item\":\"https:\\\/\\\/www.grainau.de\\\/\"},{\"@type\":\"ListItem\",\"position\":2,\"name\":\"Eibsee mit Kindern\"}]},{\"@type\":\"WebSite\",\"@id\":\"https:\\\/\\\/www.grainau.de\\\/#website\",\"url\":\"https:\\\/\\\/www.grainau.de\\\/\",\"name\":\"Zugspitzdorf Grainau\",\"description\":\"\",\"publisher\":{\"@id\":\"https:\\\/\\\/www.grainau.de\\\/#organization\"},\"potentialAction\":[{\"@type\":\"SearchAction\",\"target\":{\"@type\":\"EntryPoint\",\"urlTemplate\":\"https:\\\/\\\/www.grainau.de\\\/?s={search_term_string}\"},\"query-input\":{\"@type\":\"PropertyValueSpecification\",\"valueRequired\":true,\"valueName\":\"search_term_string\"}}],\"inLanguage\":\"en-US\"},{\"@type\":\"Organization\",\"@id\":\"https:\\\/\\\/www.grainau.de\\\/#organization\",\"name\":\"Zugspitzdorf Grainau\",\"url\":\"https:\\\/\\\/www.grainau.de\\\/\",\"logo\":{\"@type\":\"ImageObject\",\"inLanguage\":\"en-US\",\"@id\":\"https:\\\/\\\/www.grainau.de\\\/#\\\/schema\\\/logo\\\/image\\\/\",\"url\":\"\",\"contentUrl\":\"\",\"caption\":\"Zugspitzdorf Grainau\"},\"image\":{\"@id\":\"https:\\\/\\\/www.grainau.de\\\/#\\\/schema\\\/logo\\\/image\\\/\"}}]}<\/script>\n<!-- \/ Yoast SEO plugin. -->","yoast_head_json":{"title":"Eibsee with children - Zugspitzdorf Grainau","description":"Discover the Eibsee near Grainau with children - child-friendly hiking trails, playgrounds and swimming opportunities for unforgettable family moments.","robots":{"index":"index","follow":"follow","max-snippet":"max-snippet:-1","max-image-preview":"max-image-preview:large","max-video-preview":"max-video-preview:-1"},"canonical":"https:\/\/www.grainau.de\/en\/eibsee-mit-kindern-familienabenteuer-bei-grainau\/","og_locale":"en_US","og_type":"article","og_title":"Eibsee mit Kindern - Zugspitzdorf Grainau","og_description":"Entdecken Sie den Eibsee bei Grainau mit Kindern \u2013 kinderfreundliche Wanderwege, Spielpl\u00e4tze und Badem\u00f6glichkeiten f\u00fcr unvergessliche Familienmomente.","og_url":"https:\/\/www.grainau.de\/en\/eibsee-mit-kindern-familienabenteuer-bei-grainau\/","og_site_name":"Zugspitzdorf Grainau","article_modified_time":"2025-07-29T06:07:45+00:00","og_image":[{"width":2048,"height":908,"url":"https:\/\/www.grainau.de\/wp-content\/uploads\/2025\/02\/\u00a9Zugspitzdorf-Grainau-\u2013-Ehn-92-scaled-e1738657819947.jpg","type":"image\/jpeg"}],"twitter_card":"summary_large_image","twitter_misc":{"Est. reading time":"3 minutes"},"schema":{"@context":"https:\/\/schema.org","@graph":[{"@type":"WebPage","@id":"https:\/\/www.grainau.de\/eibsee-mit-kindern-familienabenteuer-bei-grainau\/","url":"https:\/\/www.grainau.de\/eibsee-mit-kindern-familienabenteuer-bei-grainau\/","name":"Eibsee with children - Zugspitzdorf Grainau","isPartOf":{"@id":"https:\/\/www.grainau.de\/#website"},"primaryImageOfPage":{"@id":"https:\/\/www.grainau.de\/eibsee-mit-kindern-familienabenteuer-bei-grainau\/#primaryimage"},"image":{"@id":"https:\/\/www.grainau.de\/eibsee-mit-kindern-familienabenteuer-bei-grainau\/#primaryimage"},"thumbnailUrl":"https:\/\/www.grainau.de\/wp-content\/uploads\/2025\/02\/\u00a9Zugspitzdorf-Grainau-\u2013-Ehn-92-scaled-e1738657819947.jpg","datePublished":"2024-12-13T00:00:38+00:00","dateModified":"2025-07-29T06:07:45+00:00","description":"Discover the Eibsee near Grainau with children - child-friendly hiking trails, playgrounds and swimming opportunities for unforgettable family moments.","breadcrumb":{"@id":"https:\/\/www.grainau.de\/eibsee-mit-kindern-familienabenteuer-bei-grainau\/#breadcrumb"},"inLanguage":"en-US","potentialAction":[{"@type":"ReadAction","target":["https:\/\/www.grainau.de\/eibsee-mit-kindern-familienabenteuer-bei-grainau\/"]}]},{"@type":"ImageObject","inLanguage":"en-US","@id":"https:\/\/www.grainau.de\/eibsee-mit-kindern-familienabenteuer-bei-grainau\/#primaryimage","url":"https:\/\/www.grainau.de\/wp-content\/uploads\/2025\/02\/\u00a9Zugspitzdorf-Grainau-\u2013-Ehn-92-scaled-e1738657819947.jpg","contentUrl":"https:\/\/www.grainau.de\/wp-content\/uploads\/2025\/02\/\u00a9Zugspitzdorf-Grainau-\u2013-Ehn-92-scaled-e1738657819947.jpg","width":2048,"height":908,"caption":"Junge vor Eibsee im Hintergrund Zugspitzpanorama"},{"@type":"BreadcrumbList","@id":"https:\/\/www.grainau.de\/eibsee-mit-kindern-familienabenteuer-bei-grainau\/#breadcrumb","itemListElement":[{"@type":"ListItem","position":1,"name":"Home","item":"https:\/\/www.grainau.de\/"},{"@type":"ListItem","position":2,"name":"Eibsee mit Kindern"}]},{"@type":"WebSite","@id":"https:\/\/www.grainau.de\/#website","url":"https:\/\/www.grainau.de\/","name":"Zugspitz village Grainau","description":"","publisher":{"@id":"https:\/\/www.grainau.de\/#organization"},"potentialAction":[{"@type":"SearchAction","target":{"@type":"EntryPoint","urlTemplate":"https:\/\/www.grainau.de\/?s={search_term_string}"},"query-input":{"@type":"PropertyValueSpecification","valueRequired":true,"valueName":"search_term_string"}}],"inLanguage":"en-US"},{"@type":"Organization","@id":"https:\/\/www.grainau.de\/#organization","name":"Zugspitz village Grainau","url":"https:\/\/www.grainau.de\/","logo":{"@type":"ImageObject","inLanguage":"en-US","@id":"https:\/\/www.grainau.de\/#\/schema\/logo\/image\/","url":"","contentUrl":"","caption":"Zugspitzdorf Grainau"},"image":{"@id":"https:\/\/www.grainau.de\/#\/schema\/logo\/image\/"}}]}},"_links":{"self":[{"href":"https:\/\/www.grainau.de\/en\/wp-json\/wp\/v2\/pages\/39278","targetHints":{"allow":["GET"]}}],"collection":[{"href":"https:\/\/www.grainau.de\/en\/wp-json\/wp\/v2\/pages"}],"about":[{"href":"https:\/\/www.grainau.de\/en\/wp-json\/wp\/v2\/types\/page"}],"author":[{"embeddable":true,"href":"https:\/\/www.grainau.de\/en\/wp-json\/wp\/v2\/users\/12"}],"replies":[{"embeddable":true,"href":"https:\/\/www.grainau.de\/en\/wp-json\/wp\/v2\/comments?post=39278"}],"version-history":[{"count":11,"href":"https:\/\/www.grainau.de\/en\/wp-json\/wp\/v2\/pages\/39278\/revisions"}],"predecessor-version":[{"id":47957,"href":"https:\/\/www.grainau.de\/en\/wp-json\/wp\/v2\/pages\/39278\/revisions\/47957"}],"wp:featuredmedia":[{"embeddable":true,"href":"https:\/\/www.grainau.de\/en\/wp-json\/wp\/v2\/media\/41631"}],"wp:attachment":[{"href":"https:\/\/www.grainau.de\/en\/wp-json\/wp\/v2\/media?parent=39278"}],"wp:term":[{"taxonomy":"category","embeddable":true,"href":"https:\/\/www.grainau.de\/en\/wp-json\/wp\/v2\/categories?post=39278"},{"taxonomy":"post_tag","embeddable":true,"href":"https:\/\/www.grainau.de\/en\/wp-json\/wp\/v2\/tags?post=39278"}],"curies":[{"name":"wp","href":"https:\/\/api.w.org\/{rel}","templated":true}]}}