{"id":39296,"date":"2024-12-11T00:09:11","date_gmt":"2024-12-10T23:09:11","guid":{"rendered":"https:\/\/grainau-tourismus.gemeinde-entwickler.de\/?page_id=39296"},"modified":"2026-01-07T10:17:31","modified_gmt":"2026-01-07T09:17:31","slug":"gaesteehrungen","status":"publish","type":"page","link":"https:\/\/www.grainau.de\/en\/gaesteehrungen\/","title":{"rendered":"Guest honors"},"content":{"rendered":"<div data-elementor-type=\"wp-page\" data-elementor-id=\"39296\" class=\"elementor elementor-39296\" data-elementor-post-type=\"page\">\n\t\t\t\t<div class=\"elementor-element elementor-element-b970dde elementor-repeater-item-ang_container_padding_3 sk-dark-bg e-flex e-con-boxed elementor-repeater-item-none elementor-repeater-item-none_hover e-con e-parent\" data-id=\"b970dde\" data-element_type=\"container\" data-e-type=\"container\" id=\"content\" data-settings=\"{&quot;jet_parallax_layout_list&quot;:[],&quot;background_background&quot;:&quot;classic&quot;,&quot;ang_container_spacing_size&quot;:&quot;ang_container_padding_3&quot;}\">\n\t\t\t\t\t<div class=\"e-con-inner\">\n\t\t\t\t<div class=\"elementor-element elementor-element-dcd4c12 elementor-widget__width-inherit elementor-repeater-item-none elementor-repeater-item-none_hover elementor-widget elementor-widget-jet-engine-component-36289\" data-id=\"dcd4c12\" data-element_type=\"widget\" data-e-type=\"widget\" data-widget_type=\"jet-engine-component-36289.default\">\n\t\t\t\t<div class=\"elementor-widget-container\">\n\t\t\t\t\t<style>.elementor-36289 .elementor-element.elementor-element-9c0c1c7{--display:flex;--flex-direction:row;--container-widget-width:initial;--container-widget-height:100%;--container-widget-flex-grow:1;--container-widget-align-self:stretch;--flex-wrap-mobile:wrap;--flex-wrap:wrap;--border-radius:20px 20px 20px 20px;box-shadow:0px 0px 10px 0px rgba(0, 0, 0, 0.1);}.elementor-36289 .elementor-element.elementor-element-d306cf9{font-family:var( --e-global-typography-sk_type_11-font-family ), Sans-serif;font-size:var( --e-global-typography-sk_type_11-font-size );font-weight:var( --e-global-typography-sk_type_11-font-weight );text-transform:var( --e-global-typography-sk_type_11-text-transform );font-style:var( --e-global-typography-sk_type_11-font-style );text-decoration:var( --e-global-typography-sk_type_11-text-decoration );line-height:var( --e-global-typography-sk_type_11-line-height );letter-spacing:var( --e-global-typography-sk_type_11-letter-spacing );word-spacing:var( --e-global-typography-sk_type_11-word-spacing );}.jet-listing-item.single-jet-engine.elementor-page-36289{--ang-classes-border:rgba(79, 122, 233, 0.58);--ang-classes-label:#406DE1;--ang-css-border:rgba(211, 0, 0, 0.35);}@media(max-width:1024px){.elementor-36289 .elementor-element.elementor-element-d306cf9{font-size:var( --e-global-typography-sk_type_11-font-size );line-height:var( --e-global-typography-sk_type_11-line-height );letter-spacing:var( --e-global-typography-sk_type_11-letter-spacing );word-spacing:var( --e-global-typography-sk_type_11-word-spacing );}}@media(max-width:767px){.elementor-36289 .elementor-element.elementor-element-d306cf9{font-size:var( --e-global-typography-sk_type_11-font-size );line-height:var( --e-global-typography-sk_type_11-line-height );letter-spacing:var( --e-global-typography-sk_type_11-letter-spacing );word-spacing:var( --e-global-typography-sk_type_11-word-spacing );}}<\/style>\t\t<div data-elementor-type=\"jet-engine-component\" data-elementor-id=\"36289\" class=\"elementor elementor-36289 jet-listing-grid--36289 jet-component-instance-3130\" data-elementor-post-type=\"jet-engine\" style=\"\">\n\t\t\t\t<div class=\"elementor-element elementor-element-9c0c1c7 elementor-repeater-item-ang_container_padding_3 e-con-full sk-light-bg e-flex elementor-repeater-item-none elementor-repeater-item-none_hover e-con e-parent\" data-id=\"9c0c1c7\" data-element_type=\"container\" data-e-type=\"container\" data-settings=\"{&quot;jet_parallax_layout_list&quot;:[],&quot;background_background&quot;:&quot;classic&quot;,&quot;ang_container_spacing_size&quot;:&quot;ang_container_padding_3&quot;}\">\n\t\t\t\t<div class=\"elementor-element elementor-element-d306cf9 elementor-repeater-item-none elementor-repeater-item-none_hover elementor-widget elementor-widget-text-editor\" data-id=\"d306cf9\" data-element_type=\"widget\" data-e-type=\"widget\" data-widget_type=\"text-editor.default\">\n\t\t\t\t<div class=\"elementor-widget-container\">\n\t\t\t\t\t\t\t\t\tWe would like to take this opportunity to thank our long-standing regular guests who have felt at home in the Zugspitz village of Grainau for many years and have taken our mountains and people to their hearts.\t\t\t\t\t\t\t\t<\/div>\n\t\t\t\t<\/div>\n\t\t\t\t<\/div>\n\t\t\t\t<\/div>\n\t\t\t\t\t\t<\/div>\n\t\t\t\t<\/div>\n\t\t<div class=\"elementor-element elementor-element-519c618 e-con-full elementor-repeater-item-ang_container_padding_4 elementor-repeater-item-shadow_2 sk-light-bg e-flex elementor-repeater-item-none_hover elementor-invisible e-con e-child\" data-id=\"519c618\" data-element_type=\"container\" data-e-type=\"container\" data-settings=\"{&quot;ang_container_spacing_size&quot;:&quot;ang_container_padding_4&quot;,&quot;background_background&quot;:&quot;classic&quot;,&quot;jet_parallax_layout_list&quot;:[],&quot;animation&quot;:&quot;fadeInLeft&quot;}\">\n\t\t\t\t<div class=\"elementor-element elementor-element-7e0c306 elementor-widget__width-inherit elementor-repeater-item-none elementor-repeater-item-none_hover elementor-widget elementor-widget-heading\" data-id=\"7e0c306\" data-element_type=\"widget\" data-e-type=\"widget\" data-widget_type=\"heading.default\">\n\t\t\t\t<div class=\"elementor-widget-container\">\n\t\t\t\t\t<h3 class=\"elementor-heading-title elementor-size-default\">Official guest honors<\/h3>\t\t\t\t<\/div>\n\t\t\t\t<\/div>\n\t\t\t\t<div class=\"elementor-element elementor-element-9ddd18f elementor-widget__width-inherit elementor-repeater-item-none elementor-repeater-item-none_hover elementor-widget elementor-widget-text-editor\" data-id=\"9ddd18f\" data-element_type=\"widget\" data-e-type=\"widget\" data-widget_type=\"text-editor.default\">\n\t\t\t\t<div class=\"elementor-widget-container\">\n\t\t\t\t\t\t\t\t\t<p>If you spend or have spent at least your 10th stay in Grainau, you will be honored by the Tourist Information. We will be happy to present you with a gift for your loyalty over coffee and cake. In order to be able to prepare this accordingly, please fill in the application form linked below completely and legibly and send it to us.<\/p><p>We look forward to welcoming you to one of our guest ceremonies.<\/p>\t\t\t\t\t\t\t\t<\/div>\n\t\t\t\t<\/div>\n\t\t\t\t<\/div>\n\t\t\t\t<div class=\"elementor-element elementor-element-43182f5 elementor-widget__width-inherit e-transform elementor-icon-list--layout-traditional elementor-list-item-link-full_width elementor-repeater-item-none elementor-repeater-item-none_hover elementor-widget elementor-widget-icon-list\" data-id=\"43182f5\" data-element_type=\"widget\" data-e-type=\"widget\" data-settings=\"{&quot;_transform_scale_effect_hover&quot;:{&quot;unit&quot;:&quot;px&quot;,&quot;size&quot;:1.015,&quot;sizes&quot;:[]},&quot;_transform_scale_effect_hover_tablet&quot;:{&quot;unit&quot;:&quot;px&quot;,&quot;size&quot;:&quot;&quot;,&quot;sizes&quot;:[]},&quot;_transform_scale_effect_hover_mobile&quot;:{&quot;unit&quot;:&quot;px&quot;,&quot;size&quot;:&quot;&quot;,&quot;sizes&quot;:[]}}\" data-widget_type=\"icon-list.default\">\n\t\t\t\t<div class=\"elementor-widget-container\">\n\t\t\t\t\t\t\t<ul class=\"elementor-icon-list-items\">\n\t\t\t\t\t\t\t<li class=\"elementor-icon-list-item\">\n\t\t\t\t\t\t\t\t\t\t\t<a href=\"\/wp-content\/uploads\/2024\/12\/Antragsformular-Gaesteehrung-2021.pdf\" target=\"_blank\">\n\n\t\t\t\t\t\t\t\t\t\t\t\t<span class=\"elementor-icon-list-icon\">\n\t\t\t\t\t\t\t<i aria-hidden=\"true\" class=\"fas fa-file-download\"><\/i>\t\t\t\t\t\t<\/span>\n\t\t\t\t\t\t\t\t\t\t<span class=\"elementor-icon-list-text\">Application form for guest honors<\/span>\n\t\t\t\t\t\t\t\t\t\t\t<\/a>\n\t\t\t\t\t\t\t\t\t<\/li>\n\t\t\t\t\t\t<\/ul>\n\t\t\t\t\t\t<\/div>\n\t\t\t\t<\/div>\n\t\t\t\t\t<\/div>\n\t\t\t\t<\/div>\n\t\t\t\t<\/div>","protected":false},"excerpt":{"rendered":"<p>Offizielle G\u00e4steehrungen Wenn Sie mindestens Ihren 10. Aufenthalt in Grainau verbringen bzw. verbracht haben, werden Sie von der Tourist-Information geehrt. Bei Kaffee und Kuchen \u00fcberreichen wir Ihnen sehr gerne ein Geschenk f\u00fcr Ihre Treue. Um dies entsprechend vorbereiten zu k\u00f6nnen, bitten wir Sie den unten verlinkten Antrag vollst\u00e4ndig und gut leserlich auszuf\u00fcllen und an uns [&hellip;]<\/p>\n","protected":false},"author":12,"featured_media":43852,"parent":0,"menu_order":0,"comment_status":"closed","ping_status":"closed","template":"","meta":{"iawp_total_views":464,"footnotes":""},"categories":[],"tags":[],"class_list":["post-39296","page","type-page","status-publish","has-post-thumbnail","hentry"],"yoast_head":"<!-- This site is optimized with the Yoast SEO plugin v27.5 - https:\/\/yoast.com\/product\/yoast-seo-wordpress\/ -->\n<title>G\u00e4steehrungen - Zugspitzdorf Grainau<\/title>\n<meta name=\"description\" content=\"Grainau ehrt seine treuen G\u00e4ste mit einer besonderen G\u00e4steehrung. Erleben Sie echte Wertsch\u00e4tzung und herzliche Gastfreundschaft in den bayerischen Alpen.\" \/>\n<meta name=\"robots\" content=\"index, follow, max-snippet:-1, max-image-preview:large, max-video-preview:-1\" \/>\n<link rel=\"canonical\" href=\"https:\/\/www.grainau.de\/en\/gaesteehrungen\/\" \/>\n<meta property=\"og:locale\" content=\"en_US\" \/>\n<meta property=\"og:type\" content=\"article\" \/>\n<meta property=\"og:title\" content=\"G\u00e4steehrungen - Zugspitzdorf Grainau\" \/>\n<meta property=\"og:description\" content=\"Grainau ehrt seine treuen G\u00e4ste mit einer besonderen G\u00e4steehrung. Erleben Sie echte Wertsch\u00e4tzung und herzliche Gastfreundschaft in den bayerischen Alpen.\" \/>\n<meta property=\"og:url\" content=\"https:\/\/www.grainau.de\/en\/gaesteehrungen\/\" \/>\n<meta property=\"og:site_name\" content=\"Zugspitzdorf Grainau\" \/>\n<meta property=\"article:modified_time\" content=\"2026-01-07T09:17:31+00:00\" \/>\n<meta property=\"og:image\" content=\"https:\/\/www.grainau.de\/wp-content\/uploads\/2025\/03\/\u00a9Zugspitzdorf-Grainau-\u2013Ehn-103-scaled.jpg\" \/>\n\t<meta property=\"og:image:width\" content=\"2048\" \/>\n\t<meta property=\"og:image:height\" content=\"1365\" \/>\n\t<meta property=\"og:image:type\" content=\"image\/jpeg\" \/>\n<meta name=\"twitter:card\" content=\"summary_large_image\" \/>\n<meta name=\"twitter:label1\" content=\"Est. reading time\" \/>\n\t<meta name=\"twitter:data1\" content=\"1 minute\" \/>\n<script type=\"application\/ld+json\" class=\"yoast-schema-graph\">{\"@context\":\"https:\\\/\\\/schema.org\",\"@graph\":[{\"@type\":\"WebPage\",\"@id\":\"https:\\\/\\\/www.grainau.de\\\/gaesteehrungen\\\/\",\"url\":\"https:\\\/\\\/www.grainau.de\\\/gaesteehrungen\\\/\",\"name\":\"G\u00e4steehrungen - Zugspitzdorf Grainau\",\"isPartOf\":{\"@id\":\"https:\\\/\\\/www.grainau.de\\\/#website\"},\"primaryImageOfPage\":{\"@id\":\"https:\\\/\\\/www.grainau.de\\\/gaesteehrungen\\\/#primaryimage\"},\"image\":{\"@id\":\"https:\\\/\\\/www.grainau.de\\\/gaesteehrungen\\\/#primaryimage\"},\"thumbnailUrl\":\"https:\\\/\\\/www.grainau.de\\\/wp-content\\\/uploads\\\/2025\\\/03\\\/\u00a9Zugspitzdorf-Grainau-\u2013Ehn-103-scaled.jpg\",\"datePublished\":\"2024-12-10T23:09:11+00:00\",\"dateModified\":\"2026-01-07T09:17:31+00:00\",\"description\":\"Grainau ehrt seine treuen G\u00e4ste mit einer besonderen G\u00e4steehrung. Erleben Sie echte Wertsch\u00e4tzung und herzliche Gastfreundschaft in den bayerischen Alpen.\",\"breadcrumb\":{\"@id\":\"https:\\\/\\\/www.grainau.de\\\/gaesteehrungen\\\/#breadcrumb\"},\"inLanguage\":\"en-US\",\"potentialAction\":[{\"@type\":\"ReadAction\",\"target\":[\"https:\\\/\\\/www.grainau.de\\\/gaesteehrungen\\\/\"]}]},{\"@type\":\"ImageObject\",\"inLanguage\":\"en-US\",\"@id\":\"https:\\\/\\\/www.grainau.de\\\/gaesteehrungen\\\/#primaryimage\",\"url\":\"https:\\\/\\\/www.grainau.de\\\/wp-content\\\/uploads\\\/2025\\\/03\\\/\u00a9Zugspitzdorf-Grainau-\u2013Ehn-103-scaled.jpg\",\"contentUrl\":\"https:\\\/\\\/www.grainau.de\\\/wp-content\\\/uploads\\\/2025\\\/03\\\/\u00a9Zugspitzdorf-Grainau-\u2013Ehn-103-scaled.jpg\",\"width\":2048,\"height\":1365,\"caption\":\"Paar am Eibsee auf Steinen am Wasser\"},{\"@type\":\"BreadcrumbList\",\"@id\":\"https:\\\/\\\/www.grainau.de\\\/gaesteehrungen\\\/#breadcrumb\",\"itemListElement\":[{\"@type\":\"ListItem\",\"position\":1,\"name\":\"Home\",\"item\":\"https:\\\/\\\/www.grainau.de\\\/\"},{\"@type\":\"ListItem\",\"position\":2,\"name\":\"G\u00e4steehrungen\"}]},{\"@type\":\"WebSite\",\"@id\":\"https:\\\/\\\/www.grainau.de\\\/#website\",\"url\":\"https:\\\/\\\/www.grainau.de\\\/\",\"name\":\"Zugspitzdorf Grainau\",\"description\":\"\",\"publisher\":{\"@id\":\"https:\\\/\\\/www.grainau.de\\\/#organization\"},\"potentialAction\":[{\"@type\":\"SearchAction\",\"target\":{\"@type\":\"EntryPoint\",\"urlTemplate\":\"https:\\\/\\\/www.grainau.de\\\/?s={search_term_string}\"},\"query-input\":{\"@type\":\"PropertyValueSpecification\",\"valueRequired\":true,\"valueName\":\"search_term_string\"}}],\"inLanguage\":\"en-US\"},{\"@type\":\"Organization\",\"@id\":\"https:\\\/\\\/www.grainau.de\\\/#organization\",\"name\":\"Zugspitzdorf Grainau\",\"url\":\"https:\\\/\\\/www.grainau.de\\\/\",\"logo\":{\"@type\":\"ImageObject\",\"inLanguage\":\"en-US\",\"@id\":\"https:\\\/\\\/www.grainau.de\\\/#\\\/schema\\\/logo\\\/image\\\/\",\"url\":\"\",\"contentUrl\":\"\",\"caption\":\"Zugspitzdorf Grainau\"},\"image\":{\"@id\":\"https:\\\/\\\/www.grainau.de\\\/#\\\/schema\\\/logo\\\/image\\\/\"}}]}<\/script>\n<!-- \/ Yoast SEO plugin. -->","yoast_head_json":{"title":"Guest honors - Zugspitzdorf Grainau","description":"Grainau honors its loyal guests with a special guest award. Experience genuine appreciation and warm hospitality in the Bavarian Alps.","robots":{"index":"index","follow":"follow","max-snippet":"max-snippet:-1","max-image-preview":"max-image-preview:large","max-video-preview":"max-video-preview:-1"},"canonical":"https:\/\/www.grainau.de\/en\/gaesteehrungen\/","og_locale":"en_US","og_type":"article","og_title":"G\u00e4steehrungen - Zugspitzdorf Grainau","og_description":"Grainau ehrt seine treuen G\u00e4ste mit einer besonderen G\u00e4steehrung. Erleben Sie echte Wertsch\u00e4tzung und herzliche Gastfreundschaft in den bayerischen Alpen.","og_url":"https:\/\/www.grainau.de\/en\/gaesteehrungen\/","og_site_name":"Zugspitzdorf Grainau","article_modified_time":"2026-01-07T09:17:31+00:00","og_image":[{"width":2048,"height":1365,"url":"https:\/\/www.grainau.de\/wp-content\/uploads\/2025\/03\/\u00a9Zugspitzdorf-Grainau-\u2013Ehn-103-scaled.jpg","type":"image\/jpeg"}],"twitter_card":"summary_large_image","twitter_misc":{"Est. reading time":"1 minute"},"schema":{"@context":"https:\/\/schema.org","@graph":[{"@type":"WebPage","@id":"https:\/\/www.grainau.de\/gaesteehrungen\/","url":"https:\/\/www.grainau.de\/gaesteehrungen\/","name":"Guest honors - Zugspitzdorf Grainau","isPartOf":{"@id":"https:\/\/www.grainau.de\/#website"},"primaryImageOfPage":{"@id":"https:\/\/www.grainau.de\/gaesteehrungen\/#primaryimage"},"image":{"@id":"https:\/\/www.grainau.de\/gaesteehrungen\/#primaryimage"},"thumbnailUrl":"https:\/\/www.grainau.de\/wp-content\/uploads\/2025\/03\/\u00a9Zugspitzdorf-Grainau-\u2013Ehn-103-scaled.jpg","datePublished":"2024-12-10T23:09:11+00:00","dateModified":"2026-01-07T09:17:31+00:00","description":"Grainau honors its loyal guests with a special guest award. Experience genuine appreciation and warm hospitality in the Bavarian Alps.","breadcrumb":{"@id":"https:\/\/www.grainau.de\/gaesteehrungen\/#breadcrumb"},"inLanguage":"en-US","potentialAction":[{"@type":"ReadAction","target":["https:\/\/www.grainau.de\/gaesteehrungen\/"]}]},{"@type":"ImageObject","inLanguage":"en-US","@id":"https:\/\/www.grainau.de\/gaesteehrungen\/#primaryimage","url":"https:\/\/www.grainau.de\/wp-content\/uploads\/2025\/03\/\u00a9Zugspitzdorf-Grainau-\u2013Ehn-103-scaled.jpg","contentUrl":"https:\/\/www.grainau.de\/wp-content\/uploads\/2025\/03\/\u00a9Zugspitzdorf-Grainau-\u2013Ehn-103-scaled.jpg","width":2048,"height":1365,"caption":"Paar am Eibsee auf Steinen am Wasser"},{"@type":"BreadcrumbList","@id":"https:\/\/www.grainau.de\/gaesteehrungen\/#breadcrumb","itemListElement":[{"@type":"ListItem","position":1,"name":"Home","item":"https:\/\/www.grainau.de\/"},{"@type":"ListItem","position":2,"name":"G\u00e4steehrungen"}]},{"@type":"WebSite","@id":"https:\/\/www.grainau.de\/#website","url":"https:\/\/www.grainau.de\/","name":"Zugspitz village Grainau","description":"","publisher":{"@id":"https:\/\/www.grainau.de\/#organization"},"potentialAction":[{"@type":"SearchAction","target":{"@type":"EntryPoint","urlTemplate":"https:\/\/www.grainau.de\/?s={search_term_string}"},"query-input":{"@type":"PropertyValueSpecification","valueRequired":true,"valueName":"search_term_string"}}],"inLanguage":"en-US"},{"@type":"Organization","@id":"https:\/\/www.grainau.de\/#organization","name":"Zugspitz village Grainau","url":"https:\/\/www.grainau.de\/","logo":{"@type":"ImageObject","inLanguage":"en-US","@id":"https:\/\/www.grainau.de\/#\/schema\/logo\/image\/","url":"","contentUrl":"","caption":"Zugspitzdorf Grainau"},"image":{"@id":"https:\/\/www.grainau.de\/#\/schema\/logo\/image\/"}}]}},"_links":{"self":[{"href":"https:\/\/www.grainau.de\/en\/wp-json\/wp\/v2\/pages\/39296","targetHints":{"allow":["GET"]}}],"collection":[{"href":"https:\/\/www.grainau.de\/en\/wp-json\/wp\/v2\/pages"}],"about":[{"href":"https:\/\/www.grainau.de\/en\/wp-json\/wp\/v2\/types\/page"}],"author":[{"embeddable":true,"href":"https:\/\/www.grainau.de\/en\/wp-json\/wp\/v2\/users\/12"}],"replies":[{"embeddable":true,"href":"https:\/\/www.grainau.de\/en\/wp-json\/wp\/v2\/comments?post=39296"}],"version-history":[{"count":10,"href":"https:\/\/www.grainau.de\/en\/wp-json\/wp\/v2\/pages\/39296\/revisions"}],"predecessor-version":[{"id":48594,"href":"https:\/\/www.grainau.de\/en\/wp-json\/wp\/v2\/pages\/39296\/revisions\/48594"}],"wp:featuredmedia":[{"embeddable":true,"href":"https:\/\/www.grainau.de\/en\/wp-json\/wp\/v2\/media\/43852"}],"wp:attachment":[{"href":"https:\/\/www.grainau.de\/en\/wp-json\/wp\/v2\/media?parent=39296"}],"wp:term":[{"taxonomy":"category","embeddable":true,"href":"https:\/\/www.grainau.de\/en\/wp-json\/wp\/v2\/categories?post=39296"},{"taxonomy":"post_tag","embeddable":true,"href":"https:\/\/www.grainau.de\/en\/wp-json\/wp\/v2\/tags?post=39296"}],"curies":[{"name":"wp","href":"https:\/\/api.w.org\/{rel}","templated":true}]}}