{"id":41278,"date":"2025-02-02T17:29:30","date_gmt":"2025-02-02T16:29:30","guid":{"rendered":"https:\/\/grainau-tourismus.gemeinde-entwickler.de\/?page_id=41278"},"modified":"2026-03-02T11:20:55","modified_gmt":"2026-03-02T10:20:55","slug":"fasching","status":"publish","type":"page","link":"https:\/\/www.grainau.de\/en\/fasching\/","title":{"rendered":"Carnival"},"content":{"rendered":"\t\t<div data-elementor-type=\"wp-page\" data-elementor-id=\"41278\" class=\"elementor elementor-41278\" data-elementor-post-type=\"page\">\n\t\t\t\t<div class=\"elementor-element elementor-element-7394038 elementor-repeater-item-ang_container_padding_3 sk-dark-bg e-flex e-con-boxed elementor-repeater-item-none elementor-repeater-item-none_hover e-con e-parent\" data-id=\"7394038\" data-element_type=\"container\" data-e-type=\"container\" data-settings=\"{&quot;ang_container_spacing_size&quot;:&quot;ang_container_padding_3&quot;,&quot;background_background&quot;:&quot;classic&quot;,&quot;jet_parallax_layout_list&quot;:[]}\">\n\t\t\t\t\t<div class=\"e-con-inner\">\n\t\t\t\t<div class=\"elementor-element elementor-element-f4d9a65 elementor-widget__width-inherit elementor-repeater-item-none elementor-repeater-item-none_hover elementor-widget elementor-widget-heading\" data-id=\"f4d9a65\" data-element_type=\"widget\" data-e-type=\"widget\" data-widget_type=\"heading.default\">\n\t\t\t\t<div class=\"elementor-widget-container\">\n\t\t\t\t\t<h3 class=\"elementor-heading-title elementor-size-default\">Fasching in Grainau<\/h3>\t\t\t\t<\/div>\n\t\t\t\t<\/div>\n\t\t\t\t<div class=\"elementor-element elementor-element-ff58b73 elementor-repeater-item-none elementor-repeater-item-none_hover elementor-widget elementor-widget-text-editor\" data-id=\"ff58b73\" data-element_type=\"widget\" data-e-type=\"widget\" data-widget_type=\"text-editor.default\">\n\t\t\t\t<div class=\"elementor-widget-container\">\n\t\t\t\t\t\t\t\t\t<p>die f\u00fcnfte Jahreszeit<\/p>\t\t\t\t\t\t\t\t<\/div>\n\t\t\t\t<\/div>\n\t\t\t\t<div class=\"elementor-element elementor-element-2217891 elementor-repeater-item-none elementor-repeater-item-none_hover elementor-widget elementor-widget-text-editor\" data-id=\"2217891\" data-element_type=\"widget\" data-e-type=\"widget\" data-widget_type=\"text-editor.default\">\n\t\t\t\t<div class=\"elementor-widget-container\">\n\t\t\t\t\t\t\t\t\t<header><div class=\"bodyCopy__subline\"><span style=\"font-family: -apple-system, BlinkMacSystemFont, 'Segoe UI', Roboto, 'Helvetica Neue', Arial, 'Noto Sans', sans-serif, 'Apple Color Emoji', 'Segoe UI Emoji', 'Segoe UI Symbol', 'Noto Color Emoji'\">Seit Jahrhunderten findet man die <\/span><strong style=\"font-family: -apple-system, BlinkMacSystemFont, 'Segoe UI', Roboto, 'Helvetica Neue', Arial, 'Noto Sans', sans-serif, 'Apple Color Emoji', 'Segoe UI Emoji', 'Segoe UI Symbol', 'Noto Color Emoji'\">&#8222;Fosenacht&#8220;<\/strong><span style=\"font-family: -apple-system, BlinkMacSystemFont, 'Segoe UI', Roboto, 'Helvetica Neue', Arial, 'Noto Sans', sans-serif, 'Apple Color Emoji', 'Segoe UI Emoji', 'Segoe UI Symbol', 'Noto Color Emoji'\">\u00a0im ganzen bayerischen Raum nirgends so lebendig und urspr\u00fcnglich wie im Werdenfelser Land.<\/span><\/div><\/header><p>Jeder der<strong>\u00a0&#8222;Maschkera&#8220;\u00a0<\/strong>tr\u00e4gt eine holzgeschnitzte Larve, diese stammt oft\u00a0aus dem Familienbesitz aber auch viele neu gesschnitze Werke sind zu bestaunen.<\/p><p>Die Schellenr\u00fchrer, das Muiradl, die Untersberger Mandl oder der B\u00e4r mit seinem Treibern. Die Maschkeramusi und eine Vielzahl an kreativen Maschkera kann man an den traditionellen Maschkeratagen, Unsinniger Donnerstag und Faschingsdienstag in Grainau antreffen.<\/p>\t\t\t\t\t\t\t\t<\/div>\n\t\t\t\t<\/div>\n\t\t\t\t<div class=\"elementor-element elementor-element-90349af elementor-repeater-item-none elementor-repeater-item-none_hover elementor-widget elementor-widget-text-editor\" data-id=\"90349af\" data-element_type=\"widget\" data-e-type=\"widget\" data-widget_type=\"text-editor.default\">\n\t\t\t\t<div class=\"elementor-widget-container\">\n\t\t\t\t\t\t\t\t\tDer Ursprung des &#8222;Maschkeragehens&#8220; ist ein alter heidnischer Brauch\n\t\t\t\t\t\t\t\t<\/div>\n\t\t\t\t<\/div>\n\t\t\t\t<div class=\"elementor-element elementor-element-cf6c04d elementor-repeater-item-none elementor-repeater-item-none_hover elementor-widget elementor-widget-text-editor\" data-id=\"cf6c04d\" data-element_type=\"widget\" data-e-type=\"widget\" data-widget_type=\"text-editor.default\">\n\t\t\t\t<div class=\"elementor-widget-container\">\n\t\t\t\t\t\t\t\t\t<header><div class=\"bodyCopy__subline\"><p>Man wollte die b\u00f6sen Geister und den Winter mit viel L\u00e4rm und geschnitzten\u00a0<strong>Masken, den Larven<\/strong>\u00a0aus den Ortschaften vertreiben. Bis heute hat sich diese Tradition im Werdenfelser Land aufrechterhalten. Die Fosenacht beginnt am\u00a0<strong>ersten Sonntag nach Heilig Dreik\u00f6nig und dauert bis zum Faschingsdienstag\u00a0<\/strong>um 24:00 Uhr.<\/p><p>\u00a0<\/p><p>In Grainau sind die Haupttage des Maschkeragehens nat\u00fcrlich der Unsinnige Donnerstag, der Faschingssonntag und der Faschingsdienstag.<\/p><p>\u00a0<\/p><p>Beim<strong>\u00a0&#8222;Maschkeragehen&#8220;\u00a0<\/strong>geht es vor allem darum, nicht erkannt zu werden. Mit alter Trachtenkleidung oder Arbeitsgewand ausgestattet darf nichts an die gew\u00f6hnliche Gestalt erinnern, sogar die Gangart und vor allem die Stimme werden verstellt, auch die H\u00e4nde werden unter Handschuhen versteckt. Ein echter Maschkera spricht nicht, sondern\u00a0<strong>&#8222;raunzt&#8220;<\/strong>. Eine wichtige Regel beim Maschkeragehen lautet, ein Maschkera darf \u00fcber andere Mitmenschen Gericht halten, ohne dass dieser handgreiflich wird. Jedes Maschkeratreiben endet immer p\u00fcnktlich um 24 Uhr, wer diese Zeit verpasst, muss die Larve abnehmen und wird somit von allen erkannt. Ein guter Maschkera hat deswegen die Zeit immer im Blick.<\/p><\/div><\/header>\t\t\t\t\t\t\t\t<\/div>\n\t\t\t\t<\/div>\n\t\t\t\t<div class=\"elementor-element elementor-element-a1e7665 elementor-repeater-item-none elementor-repeater-item-none_hover elementor-widget elementor-widget-heading\" data-id=\"a1e7665\" data-element_type=\"widget\" data-e-type=\"widget\" data-widget_type=\"heading.default\">\n\t\t\t\t<div class=\"elementor-widget-container\">\n\t\t\t\t\t<h3 class=\"elementor-heading-title elementor-size-default\">Veranstaltungen<\/h3>\t\t\t\t<\/div>\n\t\t\t\t<\/div>\n\t\t\t\t\t<\/div>\n\t\t\t\t<\/div>\n\t\t<div class=\"elementor-element elementor-element-5b0a683 sk-dark-bg e-con-full e-flex elementor-repeater-item-default_padding elementor-repeater-item-none elementor-repeater-item-none_hover e-con e-parent\" data-id=\"5b0a683\" data-element_type=\"container\" data-e-type=\"container\" data-settings=\"{&quot;background_background&quot;:&quot;classic&quot;,&quot;jet_parallax_layout_list&quot;:[],&quot;ang_container_spacing_size&quot;:&quot;default_padding&quot;}\">\n\t\t\t\t<div class=\"elementor-element elementor-element-c0d65b5 elementor-repeater-item-none elementor-repeater-item-none_hover elementor-widget elementor-widget-html\" data-id=\"c0d65b5\" data-element_type=\"widget\" data-e-type=\"widget\" data-widget_type=\"html.default\">\n\t\t\t\t<div class=\"elementor-widget-container\">\n\t\t\t\t\t<script>\nwindow.dw = window.dw || function () { (dw.q = dw.q || []).push(arguments) };\ndw('onFilterOverride', '66cb9ca1-0e01-4d85-8605-c2a862471878', function (event) {\n    console.log(\"Event\",event);\n    let filter = event.filter;\n    filter.filterEvent.holidayThemes= [\"795fcd4f-5437-4d5a-ac1c-216e94a3e56c\"];\n               \n      console.log(\"Filter\",event.filter);\n});\ndw('settings','66cb9ca1-0e01-4d85-8605-c2a862471878',\n{\n\n\"lang\": 'de',\n\"context\": {\n                   \"targetRoute\": [\n                       \"\/veranstaltungen\"\n                   ]\n               }\n});\n<\/script>\n<script async src=\"https:\/\/resc.deskline.net\/DW5\/start\/GRAINAU\/66cb9ca1-0e01-4d85-8605-c2a862471878\/index.js\"><\/script>\t\t\t\t<\/div>\n\t\t\t\t<\/div>\n\t\t\t\t<\/div>\n\t\t<div class=\"elementor-element elementor-element-2f2adcf e-con-full sk-dark-bg e-flex elementor-repeater-item-default_padding elementor-repeater-item-none elementor-repeater-item-none_hover e-con e-parent\" data-id=\"2f2adcf\" data-element_type=\"container\" data-e-type=\"container\" data-settings=\"{&quot;background_background&quot;:&quot;classic&quot;,&quot;jet_parallax_layout_list&quot;:[],&quot;ang_container_spacing_size&quot;:&quot;default_padding&quot;}\">\n\t\t\t\t<div class=\"elementor-element elementor-element-5b069e9 elementor-repeater-item-none elementor-repeater-item-none_hover elementor-widget elementor-widget-image-carousel\" data-id=\"5b069e9\" data-element_type=\"widget\" data-e-type=\"widget\" data-settings=\"{&quot;slides_to_show&quot;:&quot;3&quot;,&quot;slides_to_scroll&quot;:&quot;1&quot;,&quot;navigation&quot;:&quot;none&quot;,&quot;autoplay_speed&quot;:0,&quot;speed&quot;:10000,&quot;image_spacing_custom&quot;:{&quot;unit&quot;:&quot;px&quot;,&quot;size&quot;:10,&quot;sizes&quot;:[]},&quot;autoplay&quot;:&quot;yes&quot;,&quot;pause_on_hover&quot;:&quot;yes&quot;,&quot;pause_on_interaction&quot;:&quot;yes&quot;,&quot;infinite&quot;:&quot;yes&quot;,&quot;image_spacing_custom_tablet&quot;:{&quot;unit&quot;:&quot;px&quot;,&quot;size&quot;:&quot;&quot;,&quot;sizes&quot;:[]},&quot;image_spacing_custom_mobile&quot;:{&quot;unit&quot;:&quot;px&quot;,&quot;size&quot;:&quot;&quot;,&quot;sizes&quot;:[]}}\" data-widget_type=\"image-carousel.default\">\n\t\t\t\t<div class=\"elementor-widget-container\">\n\t\t\t\t\t\t\t<div class=\"elementor-image-carousel-wrapper swiper\" role=\"region\" aria-roledescription=\"carousel\" aria-label=\"Bild Karussell\" dir=\"ltr\">\n\t\t\t<div class=\"elementor-image-carousel swiper-wrapper swiper-image-stretch\" aria-live=\"off\">\n\t\t\t\t\t\t\t\t<div class=\"swiper-slide\" role=\"group\" aria-roledescription=\"slide\" aria-label=\"1 von 11\"><figure class=\"swiper-slide-inner\"><img decoding=\"async\" class=\"swiper-slide-image\" src=\"https:\/\/www.grainau.de\/wp-content\/uploads\/2025\/02\/Maschkera\u00a9wolfgang-Ehn-107-scaled.jpg\" data-description=\"Zugspitzdorf Grainau - Wolfgang Ehn\" alt=\"Maschkera Hexe\" \/><\/figure><\/div><div class=\"swiper-slide\" role=\"group\" aria-roledescription=\"slide\" aria-label=\"2 von 11\"><figure class=\"swiper-slide-inner\"><img decoding=\"async\" class=\"swiper-slide-image\" src=\"https:\/\/www.grainau.de\/wp-content\/uploads\/2025\/02\/Maschkera\u00a9wolfgang-Ehn-126-scaled.jpg\" data-description=\"Zugspitzdorf Grainau - Wolfgang Ehn\" alt=\"Maschkera in Grainau\" \/><\/figure><\/div><div class=\"swiper-slide\" role=\"group\" aria-roledescription=\"slide\" aria-label=\"3 von 11\"><figure class=\"swiper-slide-inner\"><img decoding=\"async\" class=\"swiper-slide-image\" src=\"https:\/\/www.grainau.de\/wp-content\/uploads\/2025\/02\/Maschkera\u00a9wolfgang-Ehn-98-scaled.jpg\" data-description=\"Zugspitzdorf Grainau - Wolfgang Ehn\" alt=\"Maschkera Holzschellenr\u00fchrer\" \/><\/figure><\/div><div class=\"swiper-slide\" role=\"group\" aria-roledescription=\"slide\" aria-label=\"4 von 11\"><figure class=\"swiper-slide-inner\"><img decoding=\"async\" class=\"swiper-slide-image\" src=\"https:\/\/www.grainau.de\/wp-content\/uploads\/2025\/02\/Maschkera\u00a9wolfgang-Ehn-79-scaled.jpg\" data-description=\"Zugspitzdorf Grainau - Wolfgang Ehn\" alt=\"Maschkera Kinder Holzschellenr\u00fchrer in Grainau\" \/><\/figure><\/div><div class=\"swiper-slide\" role=\"group\" aria-roledescription=\"slide\" aria-label=\"5 von 11\"><figure class=\"swiper-slide-inner\"><img decoding=\"async\" class=\"swiper-slide-image\" src=\"https:\/\/www.grainau.de\/wp-content\/uploads\/2025\/02\/Maschkera\u00a9wolfgang-Ehn-91-scaled.jpg\" data-description=\"Zugspitzdorf Grainau - Wolfgang Ehn\" alt=\"Maschkera Kinderhexe\" \/><\/figure><\/div><div class=\"swiper-slide\" role=\"group\" aria-roledescription=\"slide\" aria-label=\"6 von 11\"><figure class=\"swiper-slide-inner\"><img decoding=\"async\" class=\"swiper-slide-image\" src=\"https:\/\/www.grainau.de\/wp-content\/uploads\/2025\/02\/Maschkera\u00a9wolfgang-Ehn-65-scaled.jpg\" data-description=\"Zugspitzdorf Grainau - Wolfgang Ehn\" alt=\"Maschkeramusik in Wirtschaft\" \/><\/figure><\/div><div class=\"swiper-slide\" role=\"group\" aria-roledescription=\"slide\" aria-label=\"7 von 11\"><figure class=\"swiper-slide-inner\"><img decoding=\"async\" class=\"swiper-slide-image\" src=\"https:\/\/www.grainau.de\/wp-content\/uploads\/2025\/02\/Maschkera\u00a9wolfgang-Ehn-46-scaled.jpg\" data-description=\"Zugspitzdorf Grainau - Wolfgang Ehn\" alt=\"Maschkera dahinter Kirche und Friedhof mit bergen\" \/><\/figure><\/div><div class=\"swiper-slide\" role=\"group\" aria-roledescription=\"slide\" aria-label=\"8 von 11\"><figure class=\"swiper-slide-inner\"><img decoding=\"async\" class=\"swiper-slide-image\" src=\"https:\/\/www.grainau.de\/wp-content\/uploads\/2025\/02\/Maschkera\u00a9wolfgang-Ehn-45-scaled.jpg\" data-description=\"Zugspitzdorf Grainau - Wolfgang Ehn\" alt=\"Maschkera Obergrainauer Schellenr\u00fchrer\" \/><\/figure><\/div><div class=\"swiper-slide\" role=\"group\" aria-roledescription=\"slide\" aria-label=\"9 von 11\"><figure class=\"swiper-slide-inner\"><img decoding=\"async\" class=\"swiper-slide-image\" src=\"https:\/\/www.grainau.de\/wp-content\/uploads\/2025\/01\/Maschkera\u00a9wolfgang-Ehn-1-scaled.jpg\" data-description=\"Zugspitzdorf Grainau - Wolfgang Ehn\" alt=\"Kindermaschkera\" \/><\/figure><\/div><div class=\"swiper-slide\" role=\"group\" aria-roledescription=\"slide\" aria-label=\"10 von 11\"><figure class=\"swiper-slide-inner\"><img decoding=\"async\" class=\"swiper-slide-image\" src=\"https:\/\/www.grainau.de\/wp-content\/uploads\/2025\/02\/Maschkera\u00a9wolfgang-Ehn-125-scaled.jpg\" data-description=\"Zugspitzdorf Grainau - Wolfgang Ehn\" alt=\"Maschkera\" \/><\/figure><\/div><div class=\"swiper-slide\" role=\"group\" aria-roledescription=\"slide\" aria-label=\"11 von 11\"><figure class=\"swiper-slide-inner\"><img decoding=\"async\" class=\"swiper-slide-image\" src=\"https:\/\/www.grainau.de\/wp-content\/uploads\/2025\/02\/Maschkera\u00a9wolfgang-Ehn-113-scaled.jpg\" data-description=\"Zugspitzdorf Grainau - Wolfgang Ehn\" alt=\"Maschkera Hexen im Kurpark Grainau\" \/><\/figure><\/div>\t\t\t<\/div>\n\t\t\t\t\t\t\t\n\t\t\t\t\t\t\t\t\t<\/div>\n\t\t\t\t\t\t<\/div>\n\t\t\t\t<\/div>\n\t\t\t\t<\/div>\n\t\t\t\t<\/div>\n\t\t","protected":false},"excerpt":{"rendered":"<p>Fasching in Grainau die f\u00fcnfte Jahreszeit Seit Jahrhunderten findet man die &#8222;Fosenacht&#8220;\u00a0im ganzen bayerischen Raum nirgends so lebendig und urspr\u00fcnglich wie im Werdenfelser Land. Jeder der\u00a0&#8222;Maschkera&#8220;\u00a0tr\u00e4gt eine holzgeschnitzte Larve, diese stammt oft\u00a0aus dem Familienbesitz aber auch viele neu gesschnitze Werke sind zu bestaunen. Die Schellenr\u00fchrer, das Muiradl, die Untersberger Mandl oder der B\u00e4r mit seinem [&hellip;]<\/p>\n","protected":false},"author":1,"featured_media":40560,"parent":0,"menu_order":0,"comment_status":"closed","ping_status":"closed","template":"","meta":{"iawp_total_views":1253,"footnotes":""},"categories":[],"tags":[],"class_list":["post-41278","page","type-page","status-publish","has-post-thumbnail","hentry"],"yoast_head":"<!-- This site is optimized with the Yoast SEO plugin v27.3 - https:\/\/yoast.com\/product\/yoast-seo-wordpress\/ -->\n<title>Fasching - Zugspitzdorf Grainau<\/title>\n<meta name=\"description\" content=\"Feiern Sie den Fasching in Grainau mit traditionellen Maschkera, Umz\u00fcgen, bunten Kost\u00fcmen und jeder Menge Spa\u00df f\u00fcr Gro\u00df und Klein. Erleben Sie echte Werdenfelser Fosenacht!\" \/>\n<meta name=\"robots\" content=\"index, follow, max-snippet:-1, max-image-preview:large, max-video-preview:-1\" \/>\n<link rel=\"canonical\" href=\"https:\/\/www.grainau.de\/en\/fasching\/\" \/>\n<meta property=\"og:locale\" content=\"en_US\" \/>\n<meta property=\"og:type\" content=\"article\" \/>\n<meta property=\"og:title\" content=\"Fasching - Zugspitzdorf Grainau\" \/>\n<meta property=\"og:description\" content=\"Feiern Sie den Fasching in Grainau mit traditionellen Maschkera, Umz\u00fcgen, bunten Kost\u00fcmen und jeder Menge Spa\u00df f\u00fcr Gro\u00df und Klein. Erleben Sie echte Werdenfelser Fosenacht!\" \/>\n<meta property=\"og:url\" content=\"https:\/\/www.grainau.de\/en\/fasching\/\" \/>\n<meta property=\"og:site_name\" content=\"Zugspitzdorf Grainau\" \/>\n<meta property=\"article:modified_time\" content=\"2026-03-02T10:20:55+00:00\" \/>\n<meta property=\"og:image\" content=\"https:\/\/www.grainau.de\/wp-content\/uploads\/2025\/01\/Maschkera\u00a9wolfgang-Ehn-3-scaled.jpg\" \/>\n\t<meta property=\"og:image:width\" content=\"2048\" \/>\n\t<meta property=\"og:image:height\" content=\"1152\" \/>\n\t<meta property=\"og:image:type\" content=\"image\/jpeg\" \/>\n<meta name=\"twitter:card\" content=\"summary_large_image\" \/>\n<meta name=\"twitter:label1\" content=\"Est. reading time\" \/>\n\t<meta name=\"twitter:data1\" content=\"5 minutes\" \/>\n<script type=\"application\/ld+json\" class=\"yoast-schema-graph\">{\"@context\":\"https:\\\/\\\/schema.org\",\"@graph\":[{\"@type\":\"WebPage\",\"@id\":\"https:\\\/\\\/www.grainau.de\\\/fasching\\\/\",\"url\":\"https:\\\/\\\/www.grainau.de\\\/fasching\\\/\",\"name\":\"Fasching - Zugspitzdorf Grainau\",\"isPartOf\":{\"@id\":\"https:\\\/\\\/www.grainau.de\\\/#website\"},\"primaryImageOfPage\":{\"@id\":\"https:\\\/\\\/www.grainau.de\\\/fasching\\\/#primaryimage\"},\"image\":{\"@id\":\"https:\\\/\\\/www.grainau.de\\\/fasching\\\/#primaryimage\"},\"thumbnailUrl\":\"https:\\\/\\\/www.grainau.de\\\/wp-content\\\/uploads\\\/2025\\\/01\\\/Maschkera\u00a9wolfgang-Ehn-3-scaled.jpg\",\"datePublished\":\"2025-02-02T16:29:30+00:00\",\"dateModified\":\"2026-03-02T10:20:55+00:00\",\"description\":\"Feiern Sie den Fasching in Grainau mit traditionellen Maschkera, Umz\u00fcgen, bunten Kost\u00fcmen und jeder Menge Spa\u00df f\u00fcr Gro\u00df und Klein. Erleben Sie echte Werdenfelser Fosenacht!\",\"breadcrumb\":{\"@id\":\"https:\\\/\\\/www.grainau.de\\\/fasching\\\/#breadcrumb\"},\"inLanguage\":\"en-US\",\"potentialAction\":[{\"@type\":\"ReadAction\",\"target\":[\"https:\\\/\\\/www.grainau.de\\\/fasching\\\/\"]}]},{\"@type\":\"ImageObject\",\"inLanguage\":\"en-US\",\"@id\":\"https:\\\/\\\/www.grainau.de\\\/fasching\\\/#primaryimage\",\"url\":\"https:\\\/\\\/www.grainau.de\\\/wp-content\\\/uploads\\\/2025\\\/01\\\/Maschkera\u00a9wolfgang-Ehn-3-scaled.jpg\",\"contentUrl\":\"https:\\\/\\\/www.grainau.de\\\/wp-content\\\/uploads\\\/2025\\\/01\\\/Maschkera\u00a9wolfgang-Ehn-3-scaled.jpg\",\"width\":2048,\"height\":1152,\"caption\":\"Maschkeramusik dahinter Berge von Grainau\"},{\"@type\":\"BreadcrumbList\",\"@id\":\"https:\\\/\\\/www.grainau.de\\\/fasching\\\/#breadcrumb\",\"itemListElement\":[{\"@type\":\"ListItem\",\"position\":1,\"name\":\"Home\",\"item\":\"https:\\\/\\\/www.grainau.de\\\/\"},{\"@type\":\"ListItem\",\"position\":2,\"name\":\"Fasching\"}]},{\"@type\":\"WebSite\",\"@id\":\"https:\\\/\\\/www.grainau.de\\\/#website\",\"url\":\"https:\\\/\\\/www.grainau.de\\\/\",\"name\":\"Zugspitzdorf Grainau\",\"description\":\"\",\"publisher\":{\"@id\":\"https:\\\/\\\/www.grainau.de\\\/#organization\"},\"potentialAction\":[{\"@type\":\"SearchAction\",\"target\":{\"@type\":\"EntryPoint\",\"urlTemplate\":\"https:\\\/\\\/www.grainau.de\\\/?s={search_term_string}\"},\"query-input\":{\"@type\":\"PropertyValueSpecification\",\"valueRequired\":true,\"valueName\":\"search_term_string\"}}],\"inLanguage\":\"en-US\"},{\"@type\":\"Organization\",\"@id\":\"https:\\\/\\\/www.grainau.de\\\/#organization\",\"name\":\"Zugspitzdorf Grainau\",\"url\":\"https:\\\/\\\/www.grainau.de\\\/\",\"logo\":{\"@type\":\"ImageObject\",\"inLanguage\":\"en-US\",\"@id\":\"https:\\\/\\\/www.grainau.de\\\/#\\\/schema\\\/logo\\\/image\\\/\",\"url\":\"\",\"contentUrl\":\"\",\"caption\":\"Zugspitzdorf Grainau\"},\"image\":{\"@id\":\"https:\\\/\\\/www.grainau.de\\\/#\\\/schema\\\/logo\\\/image\\\/\"}}]}<\/script>\n<!-- \/ Yoast SEO plugin. -->","yoast_head_json":{"title":"Carnival - Zugspitzdorf Grainau","description":"Celebrate carnival in Grainau with traditional Maschkera, parades, colorful costumes and lots of fun for young and old. Experience a real Werdenfelser Fosenacht!","robots":{"index":"index","follow":"follow","max-snippet":"max-snippet:-1","max-image-preview":"max-image-preview:large","max-video-preview":"max-video-preview:-1"},"canonical":"https:\/\/www.grainau.de\/en\/fasching\/","og_locale":"en_US","og_type":"article","og_title":"Fasching - Zugspitzdorf Grainau","og_description":"Feiern Sie den Fasching in Grainau mit traditionellen Maschkera, Umz\u00fcgen, bunten Kost\u00fcmen und jeder Menge Spa\u00df f\u00fcr Gro\u00df und Klein. Erleben Sie echte Werdenfelser Fosenacht!","og_url":"https:\/\/www.grainau.de\/en\/fasching\/","og_site_name":"Zugspitzdorf Grainau","article_modified_time":"2026-03-02T10:20:55+00:00","og_image":[{"width":2048,"height":1152,"url":"https:\/\/www.grainau.de\/wp-content\/uploads\/2025\/01\/Maschkera\u00a9wolfgang-Ehn-3-scaled.jpg","type":"image\/jpeg"}],"twitter_card":"summary_large_image","twitter_misc":{"Est. reading time":"5 minutes"},"schema":{"@context":"https:\/\/schema.org","@graph":[{"@type":"WebPage","@id":"https:\/\/www.grainau.de\/fasching\/","url":"https:\/\/www.grainau.de\/fasching\/","name":"Carnival - Zugspitzdorf Grainau","isPartOf":{"@id":"https:\/\/www.grainau.de\/#website"},"primaryImageOfPage":{"@id":"https:\/\/www.grainau.de\/fasching\/#primaryimage"},"image":{"@id":"https:\/\/www.grainau.de\/fasching\/#primaryimage"},"thumbnailUrl":"https:\/\/www.grainau.de\/wp-content\/uploads\/2025\/01\/Maschkera\u00a9wolfgang-Ehn-3-scaled.jpg","datePublished":"2025-02-02T16:29:30+00:00","dateModified":"2026-03-02T10:20:55+00:00","description":"Celebrate carnival in Grainau with traditional Maschkera, parades, colorful costumes and lots of fun for young and old. Experience a real Werdenfelser Fosenacht!","breadcrumb":{"@id":"https:\/\/www.grainau.de\/fasching\/#breadcrumb"},"inLanguage":"en-US","potentialAction":[{"@type":"ReadAction","target":["https:\/\/www.grainau.de\/fasching\/"]}]},{"@type":"ImageObject","inLanguage":"en-US","@id":"https:\/\/www.grainau.de\/fasching\/#primaryimage","url":"https:\/\/www.grainau.de\/wp-content\/uploads\/2025\/01\/Maschkera\u00a9wolfgang-Ehn-3-scaled.jpg","contentUrl":"https:\/\/www.grainau.de\/wp-content\/uploads\/2025\/01\/Maschkera\u00a9wolfgang-Ehn-3-scaled.jpg","width":2048,"height":1152,"caption":"Maschkeramusik dahinter Berge von Grainau"},{"@type":"BreadcrumbList","@id":"https:\/\/www.grainau.de\/fasching\/#breadcrumb","itemListElement":[{"@type":"ListItem","position":1,"name":"Home","item":"https:\/\/www.grainau.de\/"},{"@type":"ListItem","position":2,"name":"Fasching"}]},{"@type":"WebSite","@id":"https:\/\/www.grainau.de\/#website","url":"https:\/\/www.grainau.de\/","name":"Zugspitz village Grainau","description":"","publisher":{"@id":"https:\/\/www.grainau.de\/#organization"},"potentialAction":[{"@type":"SearchAction","target":{"@type":"EntryPoint","urlTemplate":"https:\/\/www.grainau.de\/?s={search_term_string}"},"query-input":{"@type":"PropertyValueSpecification","valueRequired":true,"valueName":"search_term_string"}}],"inLanguage":"en-US"},{"@type":"Organization","@id":"https:\/\/www.grainau.de\/#organization","name":"Zugspitz village Grainau","url":"https:\/\/www.grainau.de\/","logo":{"@type":"ImageObject","inLanguage":"en-US","@id":"https:\/\/www.grainau.de\/#\/schema\/logo\/image\/","url":"","contentUrl":"","caption":"Zugspitzdorf Grainau"},"image":{"@id":"https:\/\/www.grainau.de\/#\/schema\/logo\/image\/"}}]}},"_links":{"self":[{"href":"https:\/\/www.grainau.de\/en\/wp-json\/wp\/v2\/pages\/41278","targetHints":{"allow":["GET"]}}],"collection":[{"href":"https:\/\/www.grainau.de\/en\/wp-json\/wp\/v2\/pages"}],"about":[{"href":"https:\/\/www.grainau.de\/en\/wp-json\/wp\/v2\/types\/page"}],"author":[{"embeddable":true,"href":"https:\/\/www.grainau.de\/en\/wp-json\/wp\/v2\/users\/1"}],"replies":[{"embeddable":true,"href":"https:\/\/www.grainau.de\/en\/wp-json\/wp\/v2\/comments?post=41278"}],"version-history":[{"count":10,"href":"https:\/\/www.grainau.de\/en\/wp-json\/wp\/v2\/pages\/41278\/revisions"}],"predecessor-version":[{"id":49221,"href":"https:\/\/www.grainau.de\/en\/wp-json\/wp\/v2\/pages\/41278\/revisions\/49221"}],"wp:featuredmedia":[{"embeddable":true,"href":"https:\/\/www.grainau.de\/en\/wp-json\/wp\/v2\/media\/40560"}],"wp:attachment":[{"href":"https:\/\/www.grainau.de\/en\/wp-json\/wp\/v2\/media?parent=41278"}],"wp:term":[{"taxonomy":"category","embeddable":true,"href":"https:\/\/www.grainau.de\/en\/wp-json\/wp\/v2\/categories?post=41278"},{"taxonomy":"post_tag","embeddable":true,"href":"https:\/\/www.grainau.de\/en\/wp-json\/wp\/v2\/tags?post=41278"}],"curies":[{"name":"wp","href":"https:\/\/api.w.org\/{rel}","templated":true}]}}