{"id":49787,"date":"2026-04-22T10:22:33","date_gmt":"2026-04-22T08:22:33","guid":{"rendered":"https:\/\/www.grainau.de\/?page_id=49787"},"modified":"2026-04-22T10:53:37","modified_gmt":"2026-04-22T08:53:37","slug":"parkplaetze","status":"publish","type":"page","link":"https:\/\/www.grainau.de\/en\/parkplaetze\/","title":{"rendered":"Parking lots"},"content":{"rendered":"<div data-elementor-type=\"wp-page\" data-elementor-id=\"49787\" class=\"elementor elementor-49787\" data-elementor-post-type=\"page\">\n\t\t\t\t<div class=\"elementor-element elementor-element-850ba2b elementor-repeater-item-ang_container_padding_3 sk-dark-bg e-flex e-con-boxed elementor-repeater-item-none elementor-repeater-item-none_hover e-con e-parent\" data-id=\"850ba2b\" data-element_type=\"container\" data-e-type=\"container\" data-settings=\"{&quot;jet_parallax_layout_list&quot;:[],&quot;background_background&quot;:&quot;classic&quot;,&quot;ang_container_spacing_size&quot;:&quot;ang_container_padding_3&quot;}\">\n\t\t\t\t\t<div class=\"e-con-inner\">\n\t\t<div class=\"elementor-element elementor-element-4a4d6ba e-con-full elementor-repeater-item-ang_container_padding_4 elementor-repeater-item-shadow_2 sk-light-bg e-flex elementor-repeater-item-none_hover elementor-invisible e-con e-child\" data-id=\"4a4d6ba\" data-element_type=\"container\" data-e-type=\"container\" data-settings=\"{&quot;ang_container_spacing_size&quot;:&quot;ang_container_padding_4&quot;,&quot;background_background&quot;:&quot;classic&quot;,&quot;jet_parallax_layout_list&quot;:[],&quot;animation&quot;:&quot;fadeInLeft&quot;}\">\n\t\t<div class=\"elementor-element elementor-element-7bd2b8d e-con-full elementor-repeater-item-ang_container_padding_4 elementor-repeater-item-shadow_2 sk-light-bg e-flex elementor-repeater-item-none_hover e-con e-child\" data-id=\"7bd2b8d\" data-element_type=\"container\" data-e-type=\"container\" data-settings=\"{&quot;ang_container_spacing_size&quot;:&quot;ang_container_padding_4&quot;,&quot;background_background&quot;:&quot;classic&quot;,&quot;jet_parallax_layout_list&quot;:[]}\">\n\t\t\t\t<div class=\"elementor-element elementor-element-df55cac elementor-widget__width-inherit elementor-repeater-item-none elementor-repeater-item-none_hover elementor-widget elementor-widget-heading\" data-id=\"df55cac\" data-element_type=\"widget\" data-e-type=\"widget\" data-widget_type=\"heading.default\">\n\t\t\t\t<div class=\"elementor-widget-container\">\n\t\t\t\t\t<h3 class=\"elementor-heading-title elementor-size-default\">Parken in Grainau<\/h3>\t\t\t\t<\/div>\n\t\t\t\t<\/div>\n\t\t\t\t<div class=\"elementor-element elementor-element-1a176e9 elementor-widget__width-inherit elementor-repeater-item-none elementor-repeater-item-none_hover elementor-widget elementor-widget-text-editor\" data-id=\"1a176e9\" data-element_type=\"widget\" data-e-type=\"widget\" data-widget_type=\"text-editor.default\">\n\t\t\t\t<div class=\"elementor-widget-container\">\n\t\t\t\t\t\t\t\t\t<p data-start=\"106\" data-end=\"334\">In Grainau stehen Ihnen zahlreiche Parkm\u00f6glichkeiten zur Verf\u00fcgung, die eine unkomplizierte Anreise erm\u00f6glichen. Gut ausgeschilderte Parkpl\u00e4tze im gesamten Ortsgebiet sorgen daf\u00fcr, dass Sie Ihr Ziel schnell und bequem erreichen.<\/p><p data-start=\"336\" data-end=\"604\">F\u00fcr Wanderungen und Ausfl\u00fcge bieten verschiedene Wanderparkpl\u00e4tze \u2013 etwa im Bereich Hammersbach \u2013 einen idealen Ausgangspunkt in die Natur. Auch im Ortskern finden Sie Parkfl\u00e4chen in unmittelbarer N\u00e4he zu Gastronomie, Einkaufsm\u00f6glichkeiten und touristischen Angeboten.<\/p><p data-start=\"606\" data-end=\"776\">Bitte beachten Sie die jeweiligen Geb\u00fchren- und Nutzungsregelungen vor Ort. So bleibt Grainau f\u00fcr G\u00e4ste gut erreichbar und zugleich ein lebenswerter Ort f\u00fcr Einheimische.<\/p>\t\t\t\t\t\t\t\t<\/div>\n\t\t\t\t<\/div>\n\t\t\t\t<\/div>\n\t\t\t\t<div class=\"elementor-element elementor-element-b02384f elementor-widget__width-inherit elementor-repeater-item-none elementor-repeater-item-none_hover elementor-widget elementor-widget-heading\" data-id=\"b02384f\" data-element_type=\"widget\" data-e-type=\"widget\" data-widget_type=\"heading.default\">\n\t\t\t\t<div class=\"elementor-widget-container\">\n\t\t\t\t\t<h3 class=\"elementor-heading-title elementor-size-default\">Car parking spaces and fees in Grainau <\/h3>\t\t\t\t<\/div>\n\t\t\t\t<\/div>\n\t\t\t\t<div class=\"elementor-element elementor-element-8ef6f59 elementor-repeater-item-none elementor-repeater-item-none_hover elementor-widget elementor-widget-html\" data-id=\"8ef6f59\" data-element_type=\"widget\" data-e-type=\"widget\" data-widget_type=\"html.default\">\n\t\t\t\t<div class=\"elementor-widget-container\">\n\t\t\t\t\t<style>\n\/* Grundstyles f\u00fcr die Tabelle *\/\n.responsive-table {\n  width: 100%;\n  border-collapse: collapse;\n}\n\n.responsive-table td {\n  padding: 15px !important;\n  border: 1px solid #ccc;\n  vertical-align: top;\n}\n\n\/* Responsive ab 880px *\/\n@media (max-width: 880px) {\n  .responsive-table tr {\n    display: block;\n    margin-bottom: 20px;\n    border-bottom: 2px solid #eee;\n  }\n\n  .responsive-table td {\n    display: block;\n    width: 100% !important;\n    box-sizing: border-box;\n    border: none;\n    padding: 5px 0;\n  }\n\n  .responsive-table td::before {\n    content: attr(data-label);\n    font-weight: bold;\n    display: block;\n    margin-bottom: 5px;\n  }\n}\n<\/style>\n\n<table class=\"responsive-table\">\n<tbody>\n\n<tr>\n<td data-label=\"Parkplatz\">P1 - Zugspitzstra\u00dfe<\/td>\n<td data-label=\"Regeln\">\nAbsolute stopping ban for motorhomes<br>\nfrom 22:00 to 06:00<br>\nBan on motor vehicles over 3.5 t<br><br>\n\nup to 12 hours EUR 10,00<br>\nup to 24 hours EUR 15.00<br>\nup to 48 hours EUR 19.00<br>\nup to 72 hours EUR 25,00<br>\n7 days EUR 45,00<br>\n14 days EUR 90.00<br><br>\n\nCoin payment<br>\nEC card\/credit card<br>\nwith PinPad<br>\ncontactless\n<\/td>\n<\/tr>\n\n<tr>\n<td data-label=\"Parkplatz\">P2 - Hammersbach<\/td>\n<td data-label=\"Regeln\">\nAbsolute stopping ban for motorhomes<br>\nfrom 22:00 to 06:00<br>\nBan on motor vehicles over 3.5 t<br><br>\n\nup to 12 hours EUR 13,00<br>\nup to 24 hours EUR 19.00<br>\nup to 48 hours EUR 25,00<br>\nup to 72 hours EUR 32.00<br>\n7 days EUR 50,00<br><br>\n\nCoin payment<br>\nEC card\/credit card<br>\ncontactless\n<\/td>\n<\/tr>\n\n<tr>\n<td data-label=\"Parkplatz\">P3 - Neuneralmweg<\/td>\n<td data-label=\"Regeln\">\npassenger car only<br><br>\n\nup to 3 hours free of charge<br>\n0.50 EUR per additional 30 minutes or part thereof<br><br>\n\nCoin payment<br>\nEC card\/credit card<br>\ncontactless\n<\/td>\n<\/tr>\n\n<tr>\n<td data-label=\"Parkplatz\">P4 - Kurhaus<\/td>\n<td data-label=\"Regeln\">\nAbsolute stopping ban for motorhomes<br>\nfrom 22:00 to 06:00<br>\nBan on motor vehicles over 3.5 t<br>\nMaximum parking time 48 hours.<br><br>\n\nup to 4 hours free of charge<br>\nup to 9 hours EUR 6,00<br>\n0.50 EUR per additional 30 minutes or part thereof<br><br>\n\nCoin payment<br>\nEC card with PinPad\n<\/td>\n<\/tr>\n\n<tr>\n<td data-label=\"Parkplatz\">P5 - Loisachstra\u00dfe<\/td>\n<td data-label=\"Regeln\">\nNight parking ban from 22:00 to 06:00<br><br>\n\n0.50 EUR per 30 minutes or part thereof<br><br>\n\nCoin payment<br>\nEC card\/credit card<br>\ncontactless\n<\/td>\n<\/tr>\n\n<\/tbody>\n<\/table>\t\t\t\t<\/div>\n\t\t\t\t<\/div>\n\t\t\t\t<\/div>\n\t\t\t\t\t<\/div>\n\t\t\t\t<\/div>\n\t\t\t\t<\/div>","protected":false},"excerpt":{"rendered":"<p>Parken in Grainau In Grainau stehen Ihnen zahlreiche Parkm\u00f6glichkeiten zur Verf\u00fcgung, die eine unkomplizierte Anreise erm\u00f6glichen. Gut ausgeschilderte Parkpl\u00e4tze im gesamten Ortsgebiet sorgen daf\u00fcr, dass Sie Ihr Ziel schnell und bequem erreichen. F\u00fcr Wanderungen und Ausfl\u00fcge bieten verschiedene Wanderparkpl\u00e4tze \u2013 etwa im Bereich Hammersbach \u2013 einen idealen Ausgangspunkt in die Natur. Auch im Ortskern finden [&hellip;]<\/p>\n","protected":false},"author":7,"featured_media":49789,"parent":0,"menu_order":0,"comment_status":"closed","ping_status":"closed","template":"","meta":{"iawp_total_views":16,"footnotes":""},"categories":[],"tags":[],"class_list":["post-49787","page","type-page","status-publish","has-post-thumbnail","hentry"],"yoast_head":"<!-- This site is optimized with the Yoast SEO plugin v27.4 - https:\/\/yoast.com\/product\/yoast-seo-wordpress\/ -->\n<title>Parkpl\u00e4tze - Zugspitzdorf Grainau<\/title>\n<meta name=\"description\" content=\"Alle Infos und Preise zu den Parkpl\u00e4tzen im Zugspitzdorf Grainau.\" \/>\n<meta name=\"robots\" content=\"index, follow, max-snippet:-1, max-image-preview:large, max-video-preview:-1\" \/>\n<link rel=\"canonical\" href=\"https:\/\/www.grainau.de\/en\/parkplaetze\/\" \/>\n<meta property=\"og:locale\" content=\"en_US\" \/>\n<meta property=\"og:type\" content=\"article\" \/>\n<meta property=\"og:title\" content=\"Parkpl\u00e4tze - Zugspitzdorf Grainau\" \/>\n<meta property=\"og:description\" content=\"Alle Infos und Preise zu den Parkpl\u00e4tzen im Zugspitzdorf Grainau.\" \/>\n<meta property=\"og:url\" content=\"https:\/\/www.grainau.de\/en\/parkplaetze\/\" \/>\n<meta property=\"og:site_name\" content=\"Zugspitzdorf Grainau\" \/>\n<meta property=\"article:modified_time\" content=\"2026-04-22T08:53:37+00:00\" \/>\n<meta property=\"og:image\" content=\"https:\/\/www.grainau.de\/wp-content\/uploads\/2026\/04\/Design-ohne-Titel-10-e1776848007828-1024x445.png\" \/>\n\t<meta property=\"og:image:width\" content=\"1024\" \/>\n\t<meta property=\"og:image:height\" content=\"445\" \/>\n\t<meta property=\"og:image:type\" content=\"image\/png\" \/>\n<meta name=\"twitter:card\" content=\"summary_large_image\" \/>\n<meta name=\"twitter:label1\" content=\"Est. reading time\" \/>\n\t<meta name=\"twitter:data1\" content=\"2 minutes\" \/>\n<script type=\"application\/ld+json\" class=\"yoast-schema-graph\">{\"@context\":\"https:\\\/\\\/schema.org\",\"@graph\":[{\"@type\":\"WebPage\",\"@id\":\"https:\\\/\\\/www.grainau.de\\\/parkplaetze\\\/\",\"url\":\"https:\\\/\\\/www.grainau.de\\\/parkplaetze\\\/\",\"name\":\"Parkpl\u00e4tze - Zugspitzdorf Grainau\",\"isPartOf\":{\"@id\":\"https:\\\/\\\/www.grainau.de\\\/#website\"},\"primaryImageOfPage\":{\"@id\":\"https:\\\/\\\/www.grainau.de\\\/parkplaetze\\\/#primaryimage\"},\"image\":{\"@id\":\"https:\\\/\\\/www.grainau.de\\\/parkplaetze\\\/#primaryimage\"},\"thumbnailUrl\":\"https:\\\/\\\/www.grainau.de\\\/wp-content\\\/uploads\\\/2026\\\/04\\\/Design-ohne-Titel-10-e1776848007828.png\",\"datePublished\":\"2026-04-22T08:22:33+00:00\",\"dateModified\":\"2026-04-22T08:53:37+00:00\",\"description\":\"Alle Infos und Preise zu den Parkpl\u00e4tzen im Zugspitzdorf Grainau.\",\"breadcrumb\":{\"@id\":\"https:\\\/\\\/www.grainau.de\\\/parkplaetze\\\/#breadcrumb\"},\"inLanguage\":\"en-US\",\"potentialAction\":[{\"@type\":\"ReadAction\",\"target\":[\"https:\\\/\\\/www.grainau.de\\\/parkplaetze\\\/\"]}]},{\"@type\":\"ImageObject\",\"inLanguage\":\"en-US\",\"@id\":\"https:\\\/\\\/www.grainau.de\\\/parkplaetze\\\/#primaryimage\",\"url\":\"https:\\\/\\\/www.grainau.de\\\/wp-content\\\/uploads\\\/2026\\\/04\\\/Design-ohne-Titel-10-e1776848007828.png\",\"contentUrl\":\"https:\\\/\\\/www.grainau.de\\\/wp-content\\\/uploads\\\/2026\\\/04\\\/Design-ohne-Titel-10-e1776848007828.png\",\"width\":2048,\"height\":890,\"caption\":\"Parkende Fahrzuege von hinten\"},{\"@type\":\"BreadcrumbList\",\"@id\":\"https:\\\/\\\/www.grainau.de\\\/parkplaetze\\\/#breadcrumb\",\"itemListElement\":[{\"@type\":\"ListItem\",\"position\":1,\"name\":\"Home\",\"item\":\"https:\\\/\\\/www.grainau.de\\\/\"},{\"@type\":\"ListItem\",\"position\":2,\"name\":\"Parkpl\u00e4tze\"}]},{\"@type\":\"WebSite\",\"@id\":\"https:\\\/\\\/www.grainau.de\\\/#website\",\"url\":\"https:\\\/\\\/www.grainau.de\\\/\",\"name\":\"Zugspitzdorf Grainau\",\"description\":\"\",\"publisher\":{\"@id\":\"https:\\\/\\\/www.grainau.de\\\/#organization\"},\"potentialAction\":[{\"@type\":\"SearchAction\",\"target\":{\"@type\":\"EntryPoint\",\"urlTemplate\":\"https:\\\/\\\/www.grainau.de\\\/?s={search_term_string}\"},\"query-input\":{\"@type\":\"PropertyValueSpecification\",\"valueRequired\":true,\"valueName\":\"search_term_string\"}}],\"inLanguage\":\"en-US\"},{\"@type\":\"Organization\",\"@id\":\"https:\\\/\\\/www.grainau.de\\\/#organization\",\"name\":\"Zugspitzdorf Grainau\",\"url\":\"https:\\\/\\\/www.grainau.de\\\/\",\"logo\":{\"@type\":\"ImageObject\",\"inLanguage\":\"en-US\",\"@id\":\"https:\\\/\\\/www.grainau.de\\\/#\\\/schema\\\/logo\\\/image\\\/\",\"url\":\"\",\"contentUrl\":\"\",\"caption\":\"Zugspitzdorf Grainau\"},\"image\":{\"@id\":\"https:\\\/\\\/www.grainau.de\\\/#\\\/schema\\\/logo\\\/image\\\/\"}}]}<\/script>\n<!-- \/ Yoast SEO plugin. -->","yoast_head_json":{"title":"Parkpl\u00e4tze - Zugspitzdorf Grainau","description":"Alle Infos und Preise zu den Parkpl\u00e4tzen im Zugspitzdorf Grainau.","robots":{"index":"index","follow":"follow","max-snippet":"max-snippet:-1","max-image-preview":"max-image-preview:large","max-video-preview":"max-video-preview:-1"},"canonical":"https:\/\/www.grainau.de\/en\/parkplaetze\/","og_locale":"en_US","og_type":"article","og_title":"Parkpl\u00e4tze - Zugspitzdorf Grainau","og_description":"Alle Infos und Preise zu den Parkpl\u00e4tzen im Zugspitzdorf Grainau.","og_url":"https:\/\/www.grainau.de\/en\/parkplaetze\/","og_site_name":"Zugspitzdorf Grainau","article_modified_time":"2026-04-22T08:53:37+00:00","og_image":[{"width":1024,"height":445,"url":"https:\/\/www.grainau.de\/wp-content\/uploads\/2026\/04\/Design-ohne-Titel-10-e1776848007828-1024x445.png","type":"image\/png"}],"twitter_card":"summary_large_image","twitter_misc":{"Est. reading time":"2 minutes"},"schema":{"@context":"https:\/\/schema.org","@graph":[{"@type":"WebPage","@id":"https:\/\/www.grainau.de\/parkplaetze\/","url":"https:\/\/www.grainau.de\/parkplaetze\/","name":"Parkpl\u00e4tze - Zugspitzdorf Grainau","isPartOf":{"@id":"https:\/\/www.grainau.de\/#website"},"primaryImageOfPage":{"@id":"https:\/\/www.grainau.de\/parkplaetze\/#primaryimage"},"image":{"@id":"https:\/\/www.grainau.de\/parkplaetze\/#primaryimage"},"thumbnailUrl":"https:\/\/www.grainau.de\/wp-content\/uploads\/2026\/04\/Design-ohne-Titel-10-e1776848007828.png","datePublished":"2026-04-22T08:22:33+00:00","dateModified":"2026-04-22T08:53:37+00:00","description":"Alle Infos und Preise zu den Parkpl\u00e4tzen im Zugspitzdorf Grainau.","breadcrumb":{"@id":"https:\/\/www.grainau.de\/parkplaetze\/#breadcrumb"},"inLanguage":"en-US","potentialAction":[{"@type":"ReadAction","target":["https:\/\/www.grainau.de\/parkplaetze\/"]}]},{"@type":"ImageObject","inLanguage":"en-US","@id":"https:\/\/www.grainau.de\/parkplaetze\/#primaryimage","url":"https:\/\/www.grainau.de\/wp-content\/uploads\/2026\/04\/Design-ohne-Titel-10-e1776848007828.png","contentUrl":"https:\/\/www.grainau.de\/wp-content\/uploads\/2026\/04\/Design-ohne-Titel-10-e1776848007828.png","width":2048,"height":890,"caption":"Parkende Fahrzuege von hinten"},{"@type":"BreadcrumbList","@id":"https:\/\/www.grainau.de\/parkplaetze\/#breadcrumb","itemListElement":[{"@type":"ListItem","position":1,"name":"Home","item":"https:\/\/www.grainau.de\/"},{"@type":"ListItem","position":2,"name":"Parkpl\u00e4tze"}]},{"@type":"WebSite","@id":"https:\/\/www.grainau.de\/#website","url":"https:\/\/www.grainau.de\/","name":"Zugspitz village Grainau","description":"","publisher":{"@id":"https:\/\/www.grainau.de\/#organization"},"potentialAction":[{"@type":"SearchAction","target":{"@type":"EntryPoint","urlTemplate":"https:\/\/www.grainau.de\/?s={search_term_string}"},"query-input":{"@type":"PropertyValueSpecification","valueRequired":true,"valueName":"search_term_string"}}],"inLanguage":"en-US"},{"@type":"Organization","@id":"https:\/\/www.grainau.de\/#organization","name":"Zugspitz village Grainau","url":"https:\/\/www.grainau.de\/","logo":{"@type":"ImageObject","inLanguage":"en-US","@id":"https:\/\/www.grainau.de\/#\/schema\/logo\/image\/","url":"","contentUrl":"","caption":"Zugspitzdorf Grainau"},"image":{"@id":"https:\/\/www.grainau.de\/#\/schema\/logo\/image\/"}}]}},"_links":{"self":[{"href":"https:\/\/www.grainau.de\/en\/wp-json\/wp\/v2\/pages\/49787","targetHints":{"allow":["GET"]}}],"collection":[{"href":"https:\/\/www.grainau.de\/en\/wp-json\/wp\/v2\/pages"}],"about":[{"href":"https:\/\/www.grainau.de\/en\/wp-json\/wp\/v2\/types\/page"}],"author":[{"embeddable":true,"href":"https:\/\/www.grainau.de\/en\/wp-json\/wp\/v2\/users\/7"}],"replies":[{"embeddable":true,"href":"https:\/\/www.grainau.de\/en\/wp-json\/wp\/v2\/comments?post=49787"}],"version-history":[{"count":10,"href":"https:\/\/www.grainau.de\/en\/wp-json\/wp\/v2\/pages\/49787\/revisions"}],"predecessor-version":[{"id":49803,"href":"https:\/\/www.grainau.de\/en\/wp-json\/wp\/v2\/pages\/49787\/revisions\/49803"}],"wp:featuredmedia":[{"embeddable":true,"href":"https:\/\/www.grainau.de\/en\/wp-json\/wp\/v2\/media\/49789"}],"wp:attachment":[{"href":"https:\/\/www.grainau.de\/en\/wp-json\/wp\/v2\/media?parent=49787"}],"wp:term":[{"taxonomy":"category","embeddable":true,"href":"https:\/\/www.grainau.de\/en\/wp-json\/wp\/v2\/categories?post=49787"},{"taxonomy":"post_tag","embeddable":true,"href":"https:\/\/www.grainau.de\/en\/wp-json\/wp\/v2\/tags?post=49787"}],"curies":[{"name":"wp","href":"https:\/\/api.w.org\/{rel}","templated":true}]}}